{"id":9909,"date":"2026-05-09T22:29:18","date_gmt":"2026-05-09T20:29:18","guid":{"rendered":"https:\/\/www.breeze-technologies.de\/projekte-und-referenzen\/hamburg-densest-air-quality-monitoring-network\/"},"modified":"2026-05-09T23:13:59","modified_gmt":"2026-05-09T21:13:59","slug":"hamburg-dichtestes-luftmessnetz-der-welt","status":"publish","type":"page","link":"https:\/\/www.breeze-technologies.de\/de\/projekte-und-referenzen\/hamburg-dichtestes-luftmessnetz-der-welt\/","title":{"rendered":"Projektbeispiel: Hamburg &#8211; Das dichteste Luftmessnetz der Welt"},"content":{"rendered":"\n<style type=\"text\/css\" data-created_by=\"avia_inline_auto\" id=\"style-css-av-7tnedj-1d2e2a377fe6e6b95dee2df26eb87699\">\n.flex_column.av-7tnedj-1d2e2a377fe6e6b95dee2df26eb87699{\nborder-radius:0px 0px 0px 0px;\npadding:0px 0px 0px 0px;\n}\n<\/style>\n<div  class='flex_column av-7tnedj-1d2e2a377fe6e6b95dee2df26eb87699 av_one_full  avia-builder-el-0  el_before_av_one_full  avia-builder-el-first  first flex_column_div av-zero-column-padding  '     ><style type=\"text\/css\" data-created_by=\"avia_inline_auto\" id=\"style-css-av-kacik5ib-55d2c5d46871770fc2982452a069a594\">\n.avia-image-container.av-kacik5ib-55d2c5d46871770fc2982452a069a594 img.avia_image{\nbox-shadow:none;\n}\n.avia-image-container.av-kacik5ib-55d2c5d46871770fc2982452a069a594 .av-image-caption-overlay-center{\ncolor:#ffffff;\n}\n<\/style>\n<div  class='avia-image-container av-kacik5ib-55d2c5d46871770fc2982452a069a594 av-styling- avia-align-center  avia-builder-el-1  avia-builder-el-no-sibling '   itemprop=\"image\" itemscope=\"itemscope\" itemtype=\"https:\/\/schema.org\/ImageObject\" ><div class=\"avia-image-container-inner\"><div class=\"avia-image-overlay-wrap\"><img decoding=\"async\" fetchpriority=\"high\" class='wp-image-4954 avia-img-lazy-loading-not-4954 avia_image ' src=\"https:\/\/www.breeze-technologies.de\/wp-content\/uploads\/2020\/11\/elbe-philharmonic-hall-2554782_1920-810x540.jpg\" alt='Elbphilharmonie Hamburg' title='elbe-philharmonic-hall-2554782_1920'  height=\"540\" width=\"810\"  itemprop=\"thumbnailUrl\" srcset=\"https:\/\/www.breeze-technologies.de\/wp-content\/uploads\/2020\/11\/elbe-philharmonic-hall-2554782_1920-810x540.jpg 810w, https:\/\/www.breeze-technologies.de\/wp-content\/uploads\/2020\/11\/elbe-philharmonic-hall-2554782_1920-1620x1080.jpg 1620w, https:\/\/www.breeze-technologies.de\/wp-content\/uploads\/2020\/11\/elbe-philharmonic-hall-2554782_1920-768x512.jpg 768w, https:\/\/www.breeze-technologies.de\/wp-content\/uploads\/2020\/11\/elbe-philharmonic-hall-2554782_1920-1536x1024.jpg 1536w, https:\/\/www.breeze-technologies.de\/wp-content\/uploads\/2020\/11\/elbe-philharmonic-hall-2554782_1920-1500x1000.jpg 1500w, https:\/\/www.breeze-technologies.de\/wp-content\/uploads\/2020\/11\/elbe-philharmonic-hall-2554782_1920-705x470.jpg 705w, https:\/\/www.breeze-technologies.de\/wp-content\/uploads\/2020\/11\/elbe-philharmonic-hall-2554782_1920.jpg 1920w\" sizes=\"(max-width: 810px) 100vw, 810px\" \/><\/div><\/div><\/div><\/div>\n\n<style type=\"text\/css\" data-created_by=\"avia_inline_auto\" id=\"style-css-av-5c4nuv-28568590ddf4fdf4fd32c19876cb0b85\">\n.flex_column.av-5c4nuv-28568590ddf4fdf4fd32c19876cb0b85{\nborder-radius:0px 0px 0px 0px;\npadding:0px 0px 0px 0px;\n}\n<\/style>\n<div  class='flex_column av-5c4nuv-28568590ddf4fdf4fd32c19876cb0b85 av_one_full  avia-builder-el-2  el_after_av_one_full  el_before_av_one_third  first flex_column_div av-zero-column-padding  column-top-margin'     ><style type=\"text\/css\" data-created_by=\"avia_inline_auto\" id=\"style-css-av-kl4707zr-86f0fc407c97309e306bb43eb7fe5f90\">\n#top .av-special-heading.av-kl4707zr-86f0fc407c97309e306bb43eb7fe5f90{\npadding-bottom:10px;\n}\nbody .av-special-heading.av-kl4707zr-86f0fc407c97309e306bb43eb7fe5f90 .av-special-heading-tag .heading-char{\nfont-size:25px;\n}\n.av-special-heading.av-kl4707zr-86f0fc407c97309e306bb43eb7fe5f90 .av-subheading{\nfont-size:15px;\n}\n<\/style>\n<div  class='av-special-heading av-kl4707zr-86f0fc407c97309e306bb43eb7fe5f90 av-special-heading-h2 blockquote modern-quote modern-centered  avia-builder-el-3  avia-builder-el-no-sibling  av-linked-heading'><h2 class='av-special-heading-tag '  itemprop=\"headline\"  >Projektbeispiel: Hamburg &#8211; Das dichteste Luftmessnetz der Welt<\/h2><div class=\"special-heading-border\"><div class=\"special-heading-inner-border\"><\/div><\/div><\/div><\/div>\n<style type=\"text\/css\" data-created_by=\"avia_inline_auto\" id=\"style-css-av-3zjwlz-f9bb8356e1ecddeb9770c90084fd87df\">\n.flex_column.av-3zjwlz-f9bb8356e1ecddeb9770c90084fd87df{\nborder-radius:0px 0px 0px 0px;\npadding:0px 0px 0px 0px;\n}\n<\/style>\n<div  class='flex_column av-3zjwlz-f9bb8356e1ecddeb9770c90084fd87df av_one_third  avia-builder-el-4  el_after_av_one_full  el_before_av_two_third  first flex_column_div av-zero-column-padding  column-top-margin'     ><section  class='av_textblock_section av-kaci6gzn-6eea42f9c533a2d68be1b49edb488283 '   itemscope=\"itemscope\" itemtype=\"https:\/\/schema.org\/CreativeWork\" ><div class='avia_textblock'  itemprop=\"text\" ><h5>Kunde:<\/h5>\n<p>Microsoft<\/p>\n<h5>Sektor:<\/h5>\n<p>Philhantrophisch, Umweltgerechtigkeit<\/p>\n<h5>Projektdauer:<\/h5>\n<p>1 Jahr<\/p>\n<h5>Projekttyp:<\/h5>\n<p>Gemeinn\u00fctziges Luftmessnetz<\/p>\n<h5>Herausforderung:<\/h5>\n<p data-start=\"281\" data-end=\"463\">Aufbau eines der weltweit dichtesten \u00dcberwachungsnetze f\u00fcr die st\u00e4dtische Luftqualit\u00e4t, um hochlokale Verschmutzungsmuster sowie den Einfluss von Verkehrsstaus auf die Luftqualit\u00e4t besser zu verstehen<\/p>\n<h5>Ergebnis:<\/h5>\n<p>Installation von 35 Echtzeit-Luftqualit\u00e4tssensoren auf einer Fl\u00e4che von 14,2 km\u00b2, die eine Analyse der Schadstoffbelastung auf Stra\u00dfenebene erm\u00f6glicht und die Skalierbarkeit KI-gest\u00fctzter Umwelt\u00fcberwachungsnetzwerke demonstriert<\/p>\n<\/div><\/section><\/div>\n<style type=\"text\/css\" data-created_by=\"avia_inline_auto\" id=\"style-css-av-2j4osn-22b3d89cabc9b097b42018461eecddfe\">\n.flex_column.av-2j4osn-22b3d89cabc9b097b42018461eecddfe{\nborder-radius:0px 0px 0px 0px;\npadding:0px 0px 0px 0px;\n}\n<\/style>\n<div  class='flex_column av-2j4osn-22b3d89cabc9b097b42018461eecddfe av_two_third  avia-builder-el-6  el_after_av_one_third  avia-builder-el-last  flex_column_div av-zero-column-padding  column-top-margin'     ><section  class='av_textblock_section av-kacie6vz-b3cea03e196327f5ee8a205db455822a '   itemscope=\"itemscope\" itemtype=\"https:\/\/schema.org\/CreativeWork\" ><div class='avia_textblock'  itemprop=\"text\" ><h4>PROJEKTKONTEXT<\/h4>\n<p>Messnetze zur \u00dcberwachung der st\u00e4dtischen Luftqualit\u00e4t basieren traditionell auf einer sehr begrenzten Anzahl gro\u00dfer und kostspieliger Messstationen. Infolgedessen fehlt es St\u00e4dten h\u00e4ufig an der r\u00e4umlichen Aufl\u00f6sung, die erforderlich w\u00e4re, um zu verstehen, wie sich die Luftverschmutzung zwischen einzelnen Stadtvierteln, Stra\u00dfen oder Verkehrskorridoren unterscheidet.<\/p>\n<p>Um dieser Herausforderung zu begegnen, hat Breeze Technologies in Hamburg eines der weltweit dichtesten Netzwerke zur \u00dcberwachung der Luftqualit\u00e4t in Betrieb genommen. Ziel des Projekts war es, aufzuzeigen, wie kosteng\u00fcnstige IoT-Sensoren, Cloud-Computing und k\u00fcnstliche Intelligenz eine neue Generation hochskalierbarer Umwelt\u00fcberwachungssysteme erm\u00f6glichen k\u00f6nnen.<\/p>\n<p>Nach einem \u00f6ffentlichen Aufruf zur Teilnahme von Gastgebern f\u00fcr die Sensoren, der \u00fcber soziale Medien verbreitet wurde, installierte Breeze Technologies 35 miteinander vernetzte Umweltsensoren im Hamburger Stadtteil Altona. Die Sensoren wurden von Privatpersonen, lokalen Unternehmen sowie \u00f6ffentlichen Einrichtungen vor Ort bereitgestellt und beherbergt. Die Echtzeitdaten wurden \u00fcber das Community-Portal von Breeze Technologies \u00f6ffentlich zug\u00e4nglich gemacht.<\/p>\n<p>Dank der beispiellosen Sensordichte war das System in der Lage, Schwankungen der Luftqualit\u00e4t auf Stra\u00dfen- und sogar auf H\u00e4userblockebene zu erfassen.<\/p>\n<h4>PROJEKTZIELE<\/h4>\n<p>Das vorrangige Ziel des Projekts bestand darin, den Zusammenhang zwischen Verkehrsfluss, Stauaufkommen und der Exposition gegen\u00fcber st\u00e4dtischer Luftverschmutzung zu analysieren und besser zu verstehen.<\/p>\n<p>Dar\u00fcber hinaus zielte das Projekt darauf ab zu zeigen, wie KI-gest\u00fctzte Umweltsensornetzwerke St\u00e4dten und Gemeinden im Vergleich zu herk\u00f6mmlichen \u00dcberwachungsinfrastrukturen detailliertere, kosteneffizientere und handlungsrelevante Umweltinformationen liefern k\u00f6nnen. Der \u00f6ffentliche Zugang zu den erhobenen Luftqualit\u00e4tsdaten sollte dazu dienen, die Transparenz sowie das \u00f6ffentliche Bewusstsein f\u00fcr die st\u00e4dtische Luftverschmutzung zu st\u00e4rken.<\/p>\n<p><span style=\"font-size: 18px; font-weight: 600;\">PROJEKTERGEBNISSE<\/span><\/p>\n<p>Das Projekt hat erfolgreich gezeigt, dass dichte Netzwerke kompakter Umweltsensoren in Echtzeit hochgradig granulare Erkenntnisse zur Luftqualit\u00e4t liefern k\u00f6nnen. Die eingesetzten Sensoren erfassten kontinuierlich wichtige Schadstoffe, darunter Stickoxide (NOx), Ozon (O<sub>3<\/sub>), Feinstaub (PM) und Kohlenmonoxid (CO).<\/p>\n<p>Durch die Kombination der Sensormessungen mit KI-gest\u00fctzter Cloud-Kalibrierung und -Analyse erreichte Breeze Technologies eine Datenqualit\u00e4t, die mit der traditioneller \u00dcberwachungsinfrastrukturen vergleichbar ist, w\u00e4hrend gleichzeitig der Implementierungsaufwand und die Kosten signifikant gesenkt wurden.<\/p>\n<p>Dar\u00fcber hinaus verdeutlichte das Projekt den Mehrwert hyperlokaler Umweltdaten f\u00fcr Smart-City-Anwendungen \u2013 darunter Verkehrsmanagement, Stadtplanung und die Entwicklung von Ma\u00dfnahmen zur Luftreinhaltung. Zudem wurde aufgezeigt, wie Umweltinformationen durch \u00f6ffentlich zug\u00e4ngliche Echtzeitdaten zur Luftqualit\u00e4t f\u00fcr die B\u00fcrger leichter zug\u00e4nglich gemacht werden k\u00f6nnen.<\/p>\n<p><span style=\"font-size: 18px; font-weight: 600;\">VER\u00d6FFENTLICHUNGEN<\/span><\/p>\n<p><a href=\"https:\/\/www.breeze-technologies.de\/blog\/breeze-technologies-launches-worlds-densest-air-quality-monitoring-network-in-hamburg\/\">Breeze Technologies launches the world\u2019s densest air quality monitoring network in Hamburg\u201d (Breeze Technologies, 2020)<\/a><\/p>\n<p><a href=\"https:\/\/hamburg-business.com\/en\/news\/breeze-technologies-launch-air-quality-project-microsoft\">Breeze Technologies launch air quality project with Microsoft (Hamburg Business, 2020)<\/a><\/p>\n<p><a href=\"https:\/\/startupcity.hamburg\/news-events\/stories\/breeze-technologies\">Breeze Technologies: Artificial Intelligence for cleaner air in the city (Startup City Hamburg, 2022)<\/a><\/p>\n<p><a href=\"https:\/\/www.breeze-technologies.de\/de\/academy\/white-paper-verkehrsfluss-hochlokale-luftqualitaet-einfluesse-optimierungspotenziale\/\">Projektbericht \/ Whitepaper: Verkehrsfluss und hochlokale Luftqualita\u0308t \u2013 Einflu\u0308sse und Optimierungspotenziale <\/a><\/p>\n<\/div><\/section><\/div><\/p>\n","protected":false},"excerpt":{"rendered":"","protected":false},"author":4,"featured_media":3639,"parent":3686,"menu_order":3,"comment_status":"closed","ping_status":"closed","template":"","meta":{"_exactmetrics_skip_tracking":false,"_exactmetrics_sitenote_active":false,"_exactmetrics_sitenote_note":"","_exactmetrics_sitenote_category":0,"footnotes":""},"class_list":["post-9909","page","type-page","status-publish","has-post-thumbnail","hentry"],"yoast_head":"<title>Projektbeispiel: Hamburg - Das dichteste Luftmessnetz der Welt - Breeze Technologies<\/title>\n<meta name=\"robots\" content=\"index, follow, max-snippet:-1, max-image-preview:large, max-video-preview:-1\" \/>\n<link rel=\"canonical\" href=\"https:\/\/www.breeze-technologies.de\/de\/projekte-und-referenzen\/hamburg-dichtestes-luftmessnetz-der-welt\/\" \/>\n<meta property=\"og:locale\" content=\"de_DE\" \/>\n<meta property=\"og:type\" content=\"article\" \/>\n<meta property=\"og:title\" content=\"Projektbeispiel: Hamburg - Das dichteste Luftmessnetz der Welt - Breeze Technologies\" \/>\n<meta property=\"og:url\" content=\"https:\/\/www.breeze-technologies.de\/de\/projekte-und-referenzen\/hamburg-dichtestes-luftmessnetz-der-welt\/\" \/>\n<meta property=\"og:site_name\" content=\"Breeze Technologies\" \/>\n<meta property=\"article:publisher\" content=\"https:\/\/www.facebook.com\/breezetechnologies\/\" \/>\n<meta property=\"article:modified_time\" content=\"2026-05-09T21:13:59+00:00\" \/>\n<meta property=\"og:image\" content=\"https:\/\/www.breeze-technologies.de\/wp-content\/uploads\/2020\/04\/max-fuchs-6zCcWMxGP2U-unsplash-720x1080.jpg\" \/>\n\t<meta property=\"og:image:width\" content=\"720\" \/>\n\t<meta property=\"og:image:height\" content=\"1080\" \/>\n\t<meta property=\"og:image:type\" content=\"image\/jpeg\" \/>\n<meta name=\"twitter:card\" content=\"summary_large_image\" \/>\n<meta name=\"twitter:site\" content=\"@projectbreeze\" \/>\n<meta name=\"twitter:label1\" content=\"Gesch\u00e4tzte Lesezeit\" \/>\n\t<meta name=\"twitter:data1\" content=\"3\u00a0Minuten\" \/>\n<script type=\"application\/ld+json\" class=\"yoast-schema-graph\">{\"@context\":\"https:\\\/\\\/schema.org\",\"@graph\":[{\"@type\":\"WebPage\",\"@id\":\"https:\\\/\\\/www.breeze-technologies.de\\\/de\\\/projekte-und-referenzen\\\/hamburg-dichtestes-luftmessnetz-der-welt\\\/\",\"url\":\"https:\\\/\\\/www.breeze-technologies.de\\\/de\\\/projekte-und-referenzen\\\/hamburg-dichtestes-luftmessnetz-der-welt\\\/\",\"name\":\"Projektbeispiel: Hamburg - Das dichteste Luftmessnetz der Welt - Breeze Technologies\",\"isPartOf\":{\"@id\":\"https:\\\/\\\/www.breeze-technologies.de\\\/de\\\/#website\"},\"primaryImageOfPage\":{\"@id\":\"https:\\\/\\\/www.breeze-technologies.de\\\/de\\\/projekte-und-referenzen\\\/hamburg-dichtestes-luftmessnetz-der-welt\\\/#primaryimage\"},\"image\":{\"@id\":\"https:\\\/\\\/www.breeze-technologies.de\\\/de\\\/projekte-und-referenzen\\\/hamburg-dichtestes-luftmessnetz-der-welt\\\/#primaryimage\"},\"thumbnailUrl\":\"https:\\\/\\\/www.breeze-technologies.de\\\/wp-content\\\/uploads\\\/2020\\\/04\\\/max-fuchs-6zCcWMxGP2U-unsplash.jpg\",\"datePublished\":\"2026-05-09T20:29:18+00:00\",\"dateModified\":\"2026-05-09T21:13:59+00:00\",\"breadcrumb\":{\"@id\":\"https:\\\/\\\/www.breeze-technologies.de\\\/de\\\/projekte-und-referenzen\\\/hamburg-dichtestes-luftmessnetz-der-welt\\\/#breadcrumb\"},\"inLanguage\":\"de\",\"potentialAction\":[{\"@type\":\"ReadAction\",\"target\":[\"https:\\\/\\\/www.breeze-technologies.de\\\/de\\\/projekte-und-referenzen\\\/hamburg-dichtestes-luftmessnetz-der-welt\\\/\"]}]},{\"@type\":\"ImageObject\",\"inLanguage\":\"de\",\"@id\":\"https:\\\/\\\/www.breeze-technologies.de\\\/de\\\/projekte-und-referenzen\\\/hamburg-dichtestes-luftmessnetz-der-welt\\\/#primaryimage\",\"url\":\"https:\\\/\\\/www.breeze-technologies.de\\\/wp-content\\\/uploads\\\/2020\\\/04\\\/max-fuchs-6zCcWMxGP2U-unsplash.jpg\",\"contentUrl\":\"https:\\\/\\\/www.breeze-technologies.de\\\/wp-content\\\/uploads\\\/2020\\\/04\\\/max-fuchs-6zCcWMxGP2U-unsplash.jpg\",\"width\":1707,\"height\":2560,\"caption\":\"Speicherstadt Hamburg\"},{\"@type\":\"BreadcrumbList\",\"@id\":\"https:\\\/\\\/www.breeze-technologies.de\\\/de\\\/projekte-und-referenzen\\\/hamburg-dichtestes-luftmessnetz-der-welt\\\/#breadcrumb\",\"itemListElement\":[{\"@type\":\"ListItem\",\"position\":1,\"name\":\"Home\",\"item\":\"https:\\\/\\\/www.breeze-technologies.de\\\/de\\\/home\\\/\"},{\"@type\":\"ListItem\",\"position\":2,\"name\":\"Projekte und Kundenreferenzen\",\"item\":\"https:\\\/\\\/www.breeze-technologies.de\\\/de\\\/projekte-und-referenzen\\\/\"},{\"@type\":\"ListItem\",\"position\":3,\"name\":\"Projektbeispiel: Hamburg &#8211; Das dichteste Luftmessnetz der Welt\"}]},{\"@type\":\"WebSite\",\"@id\":\"https:\\\/\\\/www.breeze-technologies.de\\\/de\\\/#website\",\"url\":\"https:\\\/\\\/www.breeze-technologies.de\\\/de\\\/\",\"name\":\"Breeze Technologies\",\"description\":\"Environmental Sensor Solutions\",\"publisher\":{\"@id\":\"https:\\\/\\\/www.breeze-technologies.de\\\/de\\\/#organization\"},\"potentialAction\":[{\"@type\":\"SearchAction\",\"target\":{\"@type\":\"EntryPoint\",\"urlTemplate\":\"https:\\\/\\\/www.breeze-technologies.de\\\/de\\\/?s={search_term_string}\"},\"query-input\":{\"@type\":\"PropertyValueSpecification\",\"valueRequired\":true,\"valueName\":\"search_term_string\"}}],\"inLanguage\":\"de\"},{\"@type\":\"Organization\",\"@id\":\"https:\\\/\\\/www.breeze-technologies.de\\\/de\\\/#organization\",\"name\":\"Breeze Technologies\",\"url\":\"https:\\\/\\\/www.breeze-technologies.de\\\/de\\\/\",\"logo\":{\"@type\":\"ImageObject\",\"inLanguage\":\"de\",\"@id\":\"https:\\\/\\\/www.breeze-technologies.de\\\/de\\\/#\\\/schema\\\/logo\\\/image\\\/\",\"url\":\"https:\\\/\\\/www.breeze-technologies.de\\\/wp-content\\\/uploads\\\/2017\\\/12\\\/Breeze-Logo-Normal-Web.png\",\"contentUrl\":\"https:\\\/\\\/www.breeze-technologies.de\\\/wp-content\\\/uploads\\\/2017\\\/12\\\/Breeze-Logo-Normal-Web.png\",\"width\":2932,\"height\":976,\"caption\":\"Breeze Technologies\"},\"image\":{\"@id\":\"https:\\\/\\\/www.breeze-technologies.de\\\/de\\\/#\\\/schema\\\/logo\\\/image\\\/\"},\"sameAs\":[\"https:\\\/\\\/www.facebook.com\\\/breezetechnologies\\\/\",\"https:\\\/\\\/x.com\\\/projectbreeze\",\"https:\\\/\\\/instagram.com\\\/breezetechnologies\\\/\",\"https:\\\/\\\/www.linkedin.com\\\/company\\\/breeze-technologies\",\"https:\\\/\\\/www.youtube.com\\\/channel\\\/UCqRNWyXf5yexIRTzLvY9Zqw\"]}]}<\/script>","yoast_head_json":{"title":"Projektbeispiel: Hamburg - Das dichteste Luftmessnetz der Welt - Breeze Technologies","robots":{"index":"index","follow":"follow","max-snippet":"max-snippet:-1","max-image-preview":"max-image-preview:large","max-video-preview":"max-video-preview:-1"},"canonical":"https:\/\/www.breeze-technologies.de\/de\/projekte-und-referenzen\/hamburg-dichtestes-luftmessnetz-der-welt\/","og_locale":"de_DE","og_type":"article","og_title":"Projektbeispiel: Hamburg - Das dichteste Luftmessnetz der Welt - Breeze Technologies","og_url":"https:\/\/www.breeze-technologies.de\/de\/projekte-und-referenzen\/hamburg-dichtestes-luftmessnetz-der-welt\/","og_site_name":"Breeze Technologies","article_publisher":"https:\/\/www.facebook.com\/breezetechnologies\/","article_modified_time":"2026-05-09T21:13:59+00:00","og_image":[{"width":720,"height":1080,"url":"https:\/\/www.breeze-technologies.de\/wp-content\/uploads\/2020\/04\/max-fuchs-6zCcWMxGP2U-unsplash-720x1080.jpg","type":"image\/jpeg"}],"twitter_card":"summary_large_image","twitter_site":"@projectbreeze","twitter_misc":{"Gesch\u00e4tzte Lesezeit":"3\u00a0Minuten"},"schema":{"@context":"https:\/\/schema.org","@graph":[{"@type":"WebPage","@id":"https:\/\/www.breeze-technologies.de\/de\/projekte-und-referenzen\/hamburg-dichtestes-luftmessnetz-der-welt\/","url":"https:\/\/www.breeze-technologies.de\/de\/projekte-und-referenzen\/hamburg-dichtestes-luftmessnetz-der-welt\/","name":"Projektbeispiel: Hamburg - Das dichteste Luftmessnetz der Welt - Breeze Technologies","isPartOf":{"@id":"https:\/\/www.breeze-technologies.de\/de\/#website"},"primaryImageOfPage":{"@id":"https:\/\/www.breeze-technologies.de\/de\/projekte-und-referenzen\/hamburg-dichtestes-luftmessnetz-der-welt\/#primaryimage"},"image":{"@id":"https:\/\/www.breeze-technologies.de\/de\/projekte-und-referenzen\/hamburg-dichtestes-luftmessnetz-der-welt\/#primaryimage"},"thumbnailUrl":"https:\/\/www.breeze-technologies.de\/wp-content\/uploads\/2020\/04\/max-fuchs-6zCcWMxGP2U-unsplash.jpg","datePublished":"2026-05-09T20:29:18+00:00","dateModified":"2026-05-09T21:13:59+00:00","breadcrumb":{"@id":"https:\/\/www.breeze-technologies.de\/de\/projekte-und-referenzen\/hamburg-dichtestes-luftmessnetz-der-welt\/#breadcrumb"},"inLanguage":"de","potentialAction":[{"@type":"ReadAction","target":["https:\/\/www.breeze-technologies.de\/de\/projekte-und-referenzen\/hamburg-dichtestes-luftmessnetz-der-welt\/"]}]},{"@type":"ImageObject","inLanguage":"de","@id":"https:\/\/www.breeze-technologies.de\/de\/projekte-und-referenzen\/hamburg-dichtestes-luftmessnetz-der-welt\/#primaryimage","url":"https:\/\/www.breeze-technologies.de\/wp-content\/uploads\/2020\/04\/max-fuchs-6zCcWMxGP2U-unsplash.jpg","contentUrl":"https:\/\/www.breeze-technologies.de\/wp-content\/uploads\/2020\/04\/max-fuchs-6zCcWMxGP2U-unsplash.jpg","width":1707,"height":2560,"caption":"Speicherstadt Hamburg"},{"@type":"BreadcrumbList","@id":"https:\/\/www.breeze-technologies.de\/de\/projekte-und-referenzen\/hamburg-dichtestes-luftmessnetz-der-welt\/#breadcrumb","itemListElement":[{"@type":"ListItem","position":1,"name":"Home","item":"https:\/\/www.breeze-technologies.de\/de\/home\/"},{"@type":"ListItem","position":2,"name":"Projekte und Kundenreferenzen","item":"https:\/\/www.breeze-technologies.de\/de\/projekte-und-referenzen\/"},{"@type":"ListItem","position":3,"name":"Projektbeispiel: Hamburg &#8211; Das dichteste Luftmessnetz der Welt"}]},{"@type":"WebSite","@id":"https:\/\/www.breeze-technologies.de\/de\/#website","url":"https:\/\/www.breeze-technologies.de\/de\/","name":"Breeze Technologies","description":"Environmental Sensor Solutions","publisher":{"@id":"https:\/\/www.breeze-technologies.de\/de\/#organization"},"potentialAction":[{"@type":"SearchAction","target":{"@type":"EntryPoint","urlTemplate":"https:\/\/www.breeze-technologies.de\/de\/?s={search_term_string}"},"query-input":{"@type":"PropertyValueSpecification","valueRequired":true,"valueName":"search_term_string"}}],"inLanguage":"de"},{"@type":"Organization","@id":"https:\/\/www.breeze-technologies.de\/de\/#organization","name":"Breeze Technologies","url":"https:\/\/www.breeze-technologies.de\/de\/","logo":{"@type":"ImageObject","inLanguage":"de","@id":"https:\/\/www.breeze-technologies.de\/de\/#\/schema\/logo\/image\/","url":"https:\/\/www.breeze-technologies.de\/wp-content\/uploads\/2017\/12\/Breeze-Logo-Normal-Web.png","contentUrl":"https:\/\/www.breeze-technologies.de\/wp-content\/uploads\/2017\/12\/Breeze-Logo-Normal-Web.png","width":2932,"height":976,"caption":"Breeze Technologies"},"image":{"@id":"https:\/\/www.breeze-technologies.de\/de\/#\/schema\/logo\/image\/"},"sameAs":["https:\/\/www.facebook.com\/breezetechnologies\/","https:\/\/x.com\/projectbreeze","https:\/\/instagram.com\/breezetechnologies\/","https:\/\/www.linkedin.com\/company\/breeze-technologies","https:\/\/www.youtube.com\/channel\/UCqRNWyXf5yexIRTzLvY9Zqw"]}]}},"jetpack_sharing_enabled":true,"_links":{"self":[{"href":"https:\/\/www.breeze-technologies.de\/de\/wp-json\/wp\/v2\/pages\/9909","targetHints":{"allow":["GET"]}}],"collection":[{"href":"https:\/\/www.breeze-technologies.de\/de\/wp-json\/wp\/v2\/pages"}],"about":[{"href":"https:\/\/www.breeze-technologies.de\/de\/wp-json\/wp\/v2\/types\/page"}],"author":[{"embeddable":true,"href":"https:\/\/www.breeze-technologies.de\/de\/wp-json\/wp\/v2\/users\/4"}],"replies":[{"embeddable":true,"href":"https:\/\/www.breeze-technologies.de\/de\/wp-json\/wp\/v2\/comments?post=9909"}],"version-history":[{"count":4,"href":"https:\/\/www.breeze-technologies.de\/de\/wp-json\/wp\/v2\/pages\/9909\/revisions"}],"predecessor-version":[{"id":9911,"href":"https:\/\/www.breeze-technologies.de\/de\/wp-json\/wp\/v2\/pages\/9909\/revisions\/9911"}],"up":[{"embeddable":true,"href":"https:\/\/www.breeze-technologies.de\/de\/wp-json\/wp\/v2\/pages\/3686"}],"wp:featuredmedia":[{"embeddable":true,"href":"https:\/\/www.breeze-technologies.de\/de\/wp-json\/wp\/v2\/media\/3639"}],"wp:attachment":[{"href":"https:\/\/www.breeze-technologies.de\/de\/wp-json\/wp\/v2\/media?parent=9909"}],"curies":[{"name":"wp","href":"https:\/\/api.w.org\/{rel}","templated":true}]}}