{"id":9805,"date":"2026-05-06T06:45:07","date_gmt":"2026-05-06T04:45:07","guid":{"rendered":"https:\/\/www.breeze-technologies.de\/?page_id=9805"},"modified":"2026-05-06T06:45:07","modified_gmt":"2026-05-06T04:45:07","slug":"stadt-troisdorf-umweltmessnetz-datenbasierte-entscheidungen-klimaschutz","status":"publish","type":"page","link":"https:\/\/www.breeze-technologies.de\/de\/projekte-und-referenzen\/stadt-troisdorf-umweltmessnetz-datenbasierte-entscheidungen-klimaschutz\/","title":{"rendered":"Projektbeispiel: Stadt Troisdorf &#8211; Umweltmessnetz f\u00fcr datenbasierte Entscheidungen und Klimaschutz"},"content":{"rendered":"\n<style type=\"text\/css\" data-created_by=\"avia_inline_auto\" id=\"style-css-av-7v1rjw-381b02f87f9579cd57ef56f22e7c8813\">\n.flex_column.av-7v1rjw-381b02f87f9579cd57ef56f22e7c8813{\nborder-radius:0px 0px 0px 0px;\npadding:0px 0px 0px 0px;\n}\n<\/style>\n<div  class='flex_column av-7v1rjw-381b02f87f9579cd57ef56f22e7c8813 av_one_full  avia-builder-el-0  el_before_av_one_third  avia-builder-el-first  first flex_column_div av-zero-column-padding  '     ><p>\n<style type=\"text\/css\" data-created_by=\"avia_inline_auto\" id=\"style-css-av-k9l2v64w-6e1aa6fc8b43fbf518dcfe4effbea47a\">\n.avia-image-container.av-k9l2v64w-6e1aa6fc8b43fbf518dcfe4effbea47a img.avia_image{\nbox-shadow:none;\n}\n.avia-image-container.av-k9l2v64w-6e1aa6fc8b43fbf518dcfe4effbea47a .av-image-caption-overlay-center{\ncolor:#ffffff;\n}\n<\/style>\n<div  class='avia-image-container av-k9l2v64w-6e1aa6fc8b43fbf518dcfe4effbea47a av-styling- avia-align-center  avia-builder-el-1  el_before_av_heading  avia-builder-el-first '   itemprop=\"image\" itemscope=\"itemscope\" itemtype=\"https:\/\/schema.org\/ImageObject\" ><div class=\"avia-image-container-inner\"><div class=\"avia-image-overlay-wrap\"><img decoding=\"async\" fetchpriority=\"high\" class='wp-image-9807 avia-img-lazy-loading-not-9807 avia_image ' src=\"https:\/\/www.breeze-technologies.de\/wp-content\/uploads\/2026\/05\/Stadt-Troisdorf-Logo.png\" alt='Stadt Troisdorf - Logo' title='Stadt Troisdorf - Logo'  height=\"300\" width=\"500\"  itemprop=\"thumbnailUrl\"  \/><\/div><\/div><\/div><br \/>\n\n<style type=\"text\/css\" data-created_by=\"avia_inline_auto\" id=\"style-css-av-kdouhqcj-f74e1555baeb49952618c25d091ca91d\">\n#top .av-special-heading.av-kdouhqcj-f74e1555baeb49952618c25d091ca91d{\npadding-bottom:10px;\n}\nbody .av-special-heading.av-kdouhqcj-f74e1555baeb49952618c25d091ca91d .av-special-heading-tag .heading-char{\nfont-size:25px;\n}\n.av-special-heading.av-kdouhqcj-f74e1555baeb49952618c25d091ca91d .av-subheading{\nfont-size:15px;\n}\n<\/style>\n<div  class='av-special-heading av-kdouhqcj-f74e1555baeb49952618c25d091ca91d av-special-heading-h1 blockquote modern-quote modern-centered  avia-builder-el-2  el_after_av_image  avia-builder-el-last  av-linked-heading'><h1 class='av-special-heading-tag '  itemprop=\"headline\"  >Projektbeispiel: Stadt Troisdorf &#8211; Umweltmessnetz f\u00fcr datenbasierte Entscheidungen und Klimaschutz<\/h1><div class=\"special-heading-border\"><div class=\"special-heading-inner-border\"><\/div><\/div><\/div><\/p><\/div>\n<style type=\"text\/css\" data-created_by=\"avia_inline_auto\" id=\"style-css-av-47iol8-13d7766fc47c8dc342489507191e8f7b\">\n.flex_column.av-47iol8-13d7766fc47c8dc342489507191e8f7b{\nborder-radius:0px 0px 0px 0px;\npadding:0px 0px 0px 0px;\n}\n<\/style>\n<div  class='flex_column av-47iol8-13d7766fc47c8dc342489507191e8f7b av_one_third  avia-builder-el-3  el_after_av_one_full  el_before_av_two_third  first flex_column_div av-zero-column-padding  column-top-margin'     ><section  class='av_textblock_section av-k9kip70r-3a1a055aff49b3b6d1b0da941d16d7f4 '   itemscope=\"itemscope\" itemtype=\"https:\/\/schema.org\/CreativeWork\" ><div class='avia_textblock'  itemprop=\"text\" ><h5>Kunde:<\/h5>\n<p>Stadt Troisdorf<\/p>\n<h5>Sektor:<\/h5>\n<p>\u00d6ffentlicher Sektor \/ Stadtverwaltung<\/p>\n<h5>Projektdauer:<\/h5>\n<p>3+ Jahre<\/p>\n<h5>Projekttyp:<\/h5>\n<p>Freiwilliges Umweltmessnetz<\/p>\n<h5>Herausforderung:<\/h5>\n<p>Aufbau eines Umweltmessnetzes in der Stadt Troisdorf<\/p>\n<h5>Ergebnis:<\/h5>\n<p>Aufbau eines freiwilligen Luftmessnetzes mit 5 Umweltsensoren<\/p>\n<\/div><\/section><\/div>\n<style type=\"text\/css\" data-created_by=\"avia_inline_auto\" id=\"style-css-av-32xzpo-606d33f4f44b2be19119ab4110386a9a\">\n.flex_column.av-32xzpo-606d33f4f44b2be19119ab4110386a9a{\nborder-radius:0px 0px 0px 0px;\npadding:0px 0px 0px 0px;\n}\n<\/style>\n<div  class='flex_column av-32xzpo-606d33f4f44b2be19119ab4110386a9a av_two_third  avia-builder-el-5  el_after_av_one_third  avia-builder-el-last  flex_column_div av-zero-column-padding  column-top-margin'     ><section  class='av_textblock_section av-k9kispkn-3c626a279137feb4748874032f2afd71 '   itemscope=\"itemscope\" itemtype=\"https:\/\/schema.org\/CreativeWork\" ><div class='avia_textblock'  itemprop=\"text\" ><h4>PROJEKTKONTEXT<\/h4>\n<p>Troisdorf ist die bev\u00f6lkerungsreichste Stadt im Rhein-Sieg-Kreis in Nordrhein-Westfalen und liegt rechtsrheinisch zwischen K\u00f6ln und der Bundesstadt Bonn. Die Stadt Troisdorf investiert seit Jahren Geld, um die Lebensqualit\u00e4t ihrer B\u00fcrgerschaft zu verbessern.<\/p>\n<p>Wie viele Kommunen steht auch die Stadt Troisdorf vor der Herausforderung, Umwelt- und Klimaschutzma\u00dfnahmen effizient und evidenzbasiert umzusetzen. Moderne Sensortechnologie und datenbasierte Analysen bieten hier neue M\u00f6glichkeiten, lokale Umweltbedingungen pr\u00e4zise zu erfassen und gezielt zu verbessern.<\/p>\n<p>Mit dem Einsatz von Sensorik m\u00f6chte die Stadt Troisdorf die lokale Entwicklung der Umwelt sichtbar machen und das Stadtklima besser verstehen. Unter anderem sollen fundierte Daten zur lokalen Luftqualit\u00e4t erfasst werden, um Umwelt- und Verkehrsma\u00dfnahmen datenbasiert bewerten zu k\u00f6nnen. Hierzu sollte ein flexibles Umweltmessnetz aufgebaut werden, das eine hohe r\u00e4umliche Aufl\u00f6sung der Luftqualit\u00e4tsdaten erm\u00f6glicht und gleichzeitig wirtschaftlich umsetzbar ist.<\/p>\n<h4>PROJEKTZIELE<\/h4>\n<p>Ziel des Projekts war der Aufbau eines lokalen Sensornetzwerks zur kontinuierlichen Erfassung relevanter Umwelt-Parameter im Stadtgebiet.<\/p>\n<p>Die erhobenen Daten sollten:<\/p>\n<ul>\n<li>Transparenz \u00fcber die Luftqualit\u00e4t in Troisdorf schaffen,<\/li>\n<li>die Stadtverwaltung bei umwelt- und verkehrsbezogenen Entscheidungen unterst\u00fctzen und<\/li>\n<li>eine Grundlage f\u00fcr zuk\u00fcnftige Klimaschutz- und Smart-City-Ma\u00dfnahmen bilden.<\/li>\n<\/ul>\n<h4>PROJEKTERGEBNISSE<\/h4>\n<p>Die Stadt beschaffte 5 Umweltsensoren von Breeze Technologies und hat sie an unterschiedlichsten Standorten im Standgebiet installiert.<\/p>\n<p>Die Sensoren erfassen kontinuierlich wichtige Parameter wie Temperatur, Luftfeuchtigkeit, Feinstaub, Stickoxide und Ozon und \u00fcbertragen die Daten in Echtzeit an eine Analyseplattform. Dort werden die Messwerte kalibriert, ausgewertet und f\u00fcr verschiedene Anwendungen bereitgestellt. Die Daten werden in Echtzeit \u00fcber ein \u00f6ffentliches Dashboard unter <a href=\"https:\/\/www.smartes.troisdorf.de\">www.smartes.troisdorf.de<\/a> mit der Bev\u00f6lkerung geteilt.<\/p>\n<p>Durch den Einsatz der Umweltsensorik erh\u00e4lt die Stadt Troisdorf erstmals hochaufgel\u00f6ste, lokale Luftqualit\u00e4tsdaten in Echtzeit. Diese erm\u00f6glichen<\/p>\n<ul>\n<li>ein besseres Verst\u00e4ndnis von r\u00e4umlichen Unterschieden der Luftqualit\u00e4t,<\/li>\n<li>die Entwicklung der Emissionen auf dem Stadtgebiet,<\/li>\n<li>die Bewertung konkreter Ma\u00dfnahmen, z. B. im Verkehrsbereich und<\/li>\n<li>eine faktenbasierte Kommunikation mit B\u00fcrgerinnen und B\u00fcrgern.<\/li>\n<\/ul>\n<p>Dar\u00fcber hinaus schafft das Projekt eine wichtige Grundlage f\u00fcr den weiteren Ausbau datengetriebener Smart-City-Anwendungen und unterst\u00fctzt langfristig eine nachhaltige Stadtentwicklung.<\/p>\n<h4>PUBLIKATIONEN<\/h4>\n<p><a href=\"https:\/\/smartes.troisdorf.de\/app\/dashboards\/39\">Wetterdashboard der Stadt Troisdorf mit Luftqualit\u00e4tswerten<\/a><\/p>\n<\/div><\/section><\/div><\/p>\n","protected":false},"excerpt":{"rendered":"","protected":false},"author":4,"featured_media":9807,"parent":3686,"menu_order":5,"comment_status":"closed","ping_status":"closed","template":"","meta":{"_exactmetrics_skip_tracking":false,"_exactmetrics_sitenote_active":false,"_exactmetrics_sitenote_note":"","_exactmetrics_sitenote_category":0,"footnotes":""},"class_list":["post-9805","page","type-page","status-publish","has-post-thumbnail","hentry"],"yoast_head":"<title>Projektbeispiel: Stadt Troisdorf - Umweltmessnetz f\u00fcr datenbasierte Entscheidungen und Klimaschutz - Breeze Technologies<\/title>\n<meta name=\"robots\" content=\"index, follow, max-snippet:-1, max-image-preview:large, max-video-preview:-1\" \/>\n<link rel=\"canonical\" href=\"https:\/\/www.breeze-technologies.de\/de\/projekte-und-referenzen\/stadt-troisdorf-umweltmessnetz-datenbasierte-entscheidungen-klimaschutz\/\" \/>\n<meta property=\"og:locale\" content=\"de_DE\" \/>\n<meta property=\"og:type\" content=\"article\" \/>\n<meta property=\"og:title\" content=\"Projektbeispiel: Stadt Troisdorf - Umweltmessnetz f\u00fcr datenbasierte Entscheidungen und Klimaschutz - Breeze Technologies\" \/>\n<meta property=\"og:url\" content=\"https:\/\/www.breeze-technologies.de\/de\/projekte-und-referenzen\/stadt-troisdorf-umweltmessnetz-datenbasierte-entscheidungen-klimaschutz\/\" \/>\n<meta property=\"og:site_name\" content=\"Breeze Technologies\" \/>\n<meta property=\"article:publisher\" content=\"https:\/\/www.facebook.com\/breezetechnologies\/\" \/>\n<meta property=\"og:image\" content=\"https:\/\/www.breeze-technologies.de\/wp-content\/uploads\/2026\/05\/Stadt-Troisdorf-Logo.png\" \/>\n\t<meta property=\"og:image:width\" content=\"500\" \/>\n\t<meta property=\"og:image:height\" content=\"300\" \/>\n\t<meta property=\"og:image:type\" content=\"image\/png\" \/>\n<meta name=\"twitter:card\" content=\"summary_large_image\" \/>\n<meta name=\"twitter:site\" content=\"@projectbreeze\" \/>\n<meta name=\"twitter:label1\" content=\"Gesch\u00e4tzte Lesezeit\" \/>\n\t<meta name=\"twitter:data1\" content=\"2\u00a0Minuten\" \/>\n<script type=\"application\/ld+json\" class=\"yoast-schema-graph\">{\"@context\":\"https:\\\/\\\/schema.org\",\"@graph\":[{\"@type\":\"WebPage\",\"@id\":\"https:\\\/\\\/www.breeze-technologies.de\\\/de\\\/projekte-und-referenzen\\\/stadt-troisdorf-umweltmessnetz-datenbasierte-entscheidungen-klimaschutz\\\/\",\"url\":\"https:\\\/\\\/www.breeze-technologies.de\\\/de\\\/projekte-und-referenzen\\\/stadt-troisdorf-umweltmessnetz-datenbasierte-entscheidungen-klimaschutz\\\/\",\"name\":\"Projektbeispiel: Stadt Troisdorf - Umweltmessnetz f\u00fcr datenbasierte Entscheidungen und Klimaschutz - Breeze Technologies\",\"isPartOf\":{\"@id\":\"https:\\\/\\\/www.breeze-technologies.de\\\/de\\\/#website\"},\"primaryImageOfPage\":{\"@id\":\"https:\\\/\\\/www.breeze-technologies.de\\\/de\\\/projekte-und-referenzen\\\/stadt-troisdorf-umweltmessnetz-datenbasierte-entscheidungen-klimaschutz\\\/#primaryimage\"},\"image\":{\"@id\":\"https:\\\/\\\/www.breeze-technologies.de\\\/de\\\/projekte-und-referenzen\\\/stadt-troisdorf-umweltmessnetz-datenbasierte-entscheidungen-klimaschutz\\\/#primaryimage\"},\"thumbnailUrl\":\"https:\\\/\\\/www.breeze-technologies.de\\\/wp-content\\\/uploads\\\/2026\\\/05\\\/Stadt-Troisdorf-Logo.png\",\"datePublished\":\"2026-05-06T04:45:07+00:00\",\"breadcrumb\":{\"@id\":\"https:\\\/\\\/www.breeze-technologies.de\\\/de\\\/projekte-und-referenzen\\\/stadt-troisdorf-umweltmessnetz-datenbasierte-entscheidungen-klimaschutz\\\/#breadcrumb\"},\"inLanguage\":\"de\",\"potentialAction\":[{\"@type\":\"ReadAction\",\"target\":[\"https:\\\/\\\/www.breeze-technologies.de\\\/de\\\/projekte-und-referenzen\\\/stadt-troisdorf-umweltmessnetz-datenbasierte-entscheidungen-klimaschutz\\\/\"]}]},{\"@type\":\"ImageObject\",\"inLanguage\":\"de\",\"@id\":\"https:\\\/\\\/www.breeze-technologies.de\\\/de\\\/projekte-und-referenzen\\\/stadt-troisdorf-umweltmessnetz-datenbasierte-entscheidungen-klimaschutz\\\/#primaryimage\",\"url\":\"https:\\\/\\\/www.breeze-technologies.de\\\/wp-content\\\/uploads\\\/2026\\\/05\\\/Stadt-Troisdorf-Logo.png\",\"contentUrl\":\"https:\\\/\\\/www.breeze-technologies.de\\\/wp-content\\\/uploads\\\/2026\\\/05\\\/Stadt-Troisdorf-Logo.png\",\"width\":500,\"height\":300,\"caption\":\"Stadt Troisdorf - Logo\"},{\"@type\":\"BreadcrumbList\",\"@id\":\"https:\\\/\\\/www.breeze-technologies.de\\\/de\\\/projekte-und-referenzen\\\/stadt-troisdorf-umweltmessnetz-datenbasierte-entscheidungen-klimaschutz\\\/#breadcrumb\",\"itemListElement\":[{\"@type\":\"ListItem\",\"position\":1,\"name\":\"Home\",\"item\":\"https:\\\/\\\/www.breeze-technologies.de\\\/de\\\/home\\\/\"},{\"@type\":\"ListItem\",\"position\":2,\"name\":\"Projekte und Kundenreferenzen\",\"item\":\"https:\\\/\\\/www.breeze-technologies.de\\\/de\\\/projekte-und-referenzen\\\/\"},{\"@type\":\"ListItem\",\"position\":3,\"name\":\"Projektbeispiel: Stadt Troisdorf &#8211; Umweltmessnetz f\u00fcr datenbasierte Entscheidungen und Klimaschutz\"}]},{\"@type\":\"WebSite\",\"@id\":\"https:\\\/\\\/www.breeze-technologies.de\\\/de\\\/#website\",\"url\":\"https:\\\/\\\/www.breeze-technologies.de\\\/de\\\/\",\"name\":\"Breeze Technologies\",\"description\":\"Environmental Sensor Solutions\",\"publisher\":{\"@id\":\"https:\\\/\\\/www.breeze-technologies.de\\\/de\\\/#organization\"},\"potentialAction\":[{\"@type\":\"SearchAction\",\"target\":{\"@type\":\"EntryPoint\",\"urlTemplate\":\"https:\\\/\\\/www.breeze-technologies.de\\\/de\\\/?s={search_term_string}\"},\"query-input\":{\"@type\":\"PropertyValueSpecification\",\"valueRequired\":true,\"valueName\":\"search_term_string\"}}],\"inLanguage\":\"de\"},{\"@type\":\"Organization\",\"@id\":\"https:\\\/\\\/www.breeze-technologies.de\\\/de\\\/#organization\",\"name\":\"Breeze Technologies\",\"url\":\"https:\\\/\\\/www.breeze-technologies.de\\\/de\\\/\",\"logo\":{\"@type\":\"ImageObject\",\"inLanguage\":\"de\",\"@id\":\"https:\\\/\\\/www.breeze-technologies.de\\\/de\\\/#\\\/schema\\\/logo\\\/image\\\/\",\"url\":\"https:\\\/\\\/www.breeze-technologies.de\\\/wp-content\\\/uploads\\\/2017\\\/12\\\/Breeze-Logo-Normal-Web.png\",\"contentUrl\":\"https:\\\/\\\/www.breeze-technologies.de\\\/wp-content\\\/uploads\\\/2017\\\/12\\\/Breeze-Logo-Normal-Web.png\",\"width\":2932,\"height\":976,\"caption\":\"Breeze Technologies\"},\"image\":{\"@id\":\"https:\\\/\\\/www.breeze-technologies.de\\\/de\\\/#\\\/schema\\\/logo\\\/image\\\/\"},\"sameAs\":[\"https:\\\/\\\/www.facebook.com\\\/breezetechnologies\\\/\",\"https:\\\/\\\/x.com\\\/projectbreeze\",\"https:\\\/\\\/instagram.com\\\/breezetechnologies\\\/\",\"https:\\\/\\\/www.linkedin.com\\\/company\\\/breeze-technologies\",\"https:\\\/\\\/www.youtube.com\\\/channel\\\/UCqRNWyXf5yexIRTzLvY9Zqw\"]}]}<\/script>","yoast_head_json":{"title":"Projektbeispiel: Stadt Troisdorf - Umweltmessnetz f\u00fcr datenbasierte Entscheidungen und Klimaschutz - Breeze Technologies","robots":{"index":"index","follow":"follow","max-snippet":"max-snippet:-1","max-image-preview":"max-image-preview:large","max-video-preview":"max-video-preview:-1"},"canonical":"https:\/\/www.breeze-technologies.de\/de\/projekte-und-referenzen\/stadt-troisdorf-umweltmessnetz-datenbasierte-entscheidungen-klimaschutz\/","og_locale":"de_DE","og_type":"article","og_title":"Projektbeispiel: Stadt Troisdorf - Umweltmessnetz f\u00fcr datenbasierte Entscheidungen und Klimaschutz - Breeze Technologies","og_url":"https:\/\/www.breeze-technologies.de\/de\/projekte-und-referenzen\/stadt-troisdorf-umweltmessnetz-datenbasierte-entscheidungen-klimaschutz\/","og_site_name":"Breeze Technologies","article_publisher":"https:\/\/www.facebook.com\/breezetechnologies\/","og_image":[{"width":500,"height":300,"url":"https:\/\/www.breeze-technologies.de\/wp-content\/uploads\/2026\/05\/Stadt-Troisdorf-Logo.png","type":"image\/png"}],"twitter_card":"summary_large_image","twitter_site":"@projectbreeze","twitter_misc":{"Gesch\u00e4tzte Lesezeit":"2\u00a0Minuten"},"schema":{"@context":"https:\/\/schema.org","@graph":[{"@type":"WebPage","@id":"https:\/\/www.breeze-technologies.de\/de\/projekte-und-referenzen\/stadt-troisdorf-umweltmessnetz-datenbasierte-entscheidungen-klimaschutz\/","url":"https:\/\/www.breeze-technologies.de\/de\/projekte-und-referenzen\/stadt-troisdorf-umweltmessnetz-datenbasierte-entscheidungen-klimaschutz\/","name":"Projektbeispiel: Stadt Troisdorf - Umweltmessnetz f\u00fcr datenbasierte Entscheidungen und Klimaschutz - Breeze Technologies","isPartOf":{"@id":"https:\/\/www.breeze-technologies.de\/de\/#website"},"primaryImageOfPage":{"@id":"https:\/\/www.breeze-technologies.de\/de\/projekte-und-referenzen\/stadt-troisdorf-umweltmessnetz-datenbasierte-entscheidungen-klimaschutz\/#primaryimage"},"image":{"@id":"https:\/\/www.breeze-technologies.de\/de\/projekte-und-referenzen\/stadt-troisdorf-umweltmessnetz-datenbasierte-entscheidungen-klimaschutz\/#primaryimage"},"thumbnailUrl":"https:\/\/www.breeze-technologies.de\/wp-content\/uploads\/2026\/05\/Stadt-Troisdorf-Logo.png","datePublished":"2026-05-06T04:45:07+00:00","breadcrumb":{"@id":"https:\/\/www.breeze-technologies.de\/de\/projekte-und-referenzen\/stadt-troisdorf-umweltmessnetz-datenbasierte-entscheidungen-klimaschutz\/#breadcrumb"},"inLanguage":"de","potentialAction":[{"@type":"ReadAction","target":["https:\/\/www.breeze-technologies.de\/de\/projekte-und-referenzen\/stadt-troisdorf-umweltmessnetz-datenbasierte-entscheidungen-klimaschutz\/"]}]},{"@type":"ImageObject","inLanguage":"de","@id":"https:\/\/www.breeze-technologies.de\/de\/projekte-und-referenzen\/stadt-troisdorf-umweltmessnetz-datenbasierte-entscheidungen-klimaschutz\/#primaryimage","url":"https:\/\/www.breeze-technologies.de\/wp-content\/uploads\/2026\/05\/Stadt-Troisdorf-Logo.png","contentUrl":"https:\/\/www.breeze-technologies.de\/wp-content\/uploads\/2026\/05\/Stadt-Troisdorf-Logo.png","width":500,"height":300,"caption":"Stadt Troisdorf - Logo"},{"@type":"BreadcrumbList","@id":"https:\/\/www.breeze-technologies.de\/de\/projekte-und-referenzen\/stadt-troisdorf-umweltmessnetz-datenbasierte-entscheidungen-klimaschutz\/#breadcrumb","itemListElement":[{"@type":"ListItem","position":1,"name":"Home","item":"https:\/\/www.breeze-technologies.de\/de\/home\/"},{"@type":"ListItem","position":2,"name":"Projekte und Kundenreferenzen","item":"https:\/\/www.breeze-technologies.de\/de\/projekte-und-referenzen\/"},{"@type":"ListItem","position":3,"name":"Projektbeispiel: Stadt Troisdorf &#8211; Umweltmessnetz f\u00fcr datenbasierte Entscheidungen und Klimaschutz"}]},{"@type":"WebSite","@id":"https:\/\/www.breeze-technologies.de\/de\/#website","url":"https:\/\/www.breeze-technologies.de\/de\/","name":"Breeze Technologies","description":"Environmental Sensor Solutions","publisher":{"@id":"https:\/\/www.breeze-technologies.de\/de\/#organization"},"potentialAction":[{"@type":"SearchAction","target":{"@type":"EntryPoint","urlTemplate":"https:\/\/www.breeze-technologies.de\/de\/?s={search_term_string}"},"query-input":{"@type":"PropertyValueSpecification","valueRequired":true,"valueName":"search_term_string"}}],"inLanguage":"de"},{"@type":"Organization","@id":"https:\/\/www.breeze-technologies.de\/de\/#organization","name":"Breeze Technologies","url":"https:\/\/www.breeze-technologies.de\/de\/","logo":{"@type":"ImageObject","inLanguage":"de","@id":"https:\/\/www.breeze-technologies.de\/de\/#\/schema\/logo\/image\/","url":"https:\/\/www.breeze-technologies.de\/wp-content\/uploads\/2017\/12\/Breeze-Logo-Normal-Web.png","contentUrl":"https:\/\/www.breeze-technologies.de\/wp-content\/uploads\/2017\/12\/Breeze-Logo-Normal-Web.png","width":2932,"height":976,"caption":"Breeze Technologies"},"image":{"@id":"https:\/\/www.breeze-technologies.de\/de\/#\/schema\/logo\/image\/"},"sameAs":["https:\/\/www.facebook.com\/breezetechnologies\/","https:\/\/x.com\/projectbreeze","https:\/\/instagram.com\/breezetechnologies\/","https:\/\/www.linkedin.com\/company\/breeze-technologies","https:\/\/www.youtube.com\/channel\/UCqRNWyXf5yexIRTzLvY9Zqw"]}]}},"jetpack_sharing_enabled":true,"_links":{"self":[{"href":"https:\/\/www.breeze-technologies.de\/de\/wp-json\/wp\/v2\/pages\/9805","targetHints":{"allow":["GET"]}}],"collection":[{"href":"https:\/\/www.breeze-technologies.de\/de\/wp-json\/wp\/v2\/pages"}],"about":[{"href":"https:\/\/www.breeze-technologies.de\/de\/wp-json\/wp\/v2\/types\/page"}],"author":[{"embeddable":true,"href":"https:\/\/www.breeze-technologies.de\/de\/wp-json\/wp\/v2\/users\/4"}],"replies":[{"embeddable":true,"href":"https:\/\/www.breeze-technologies.de\/de\/wp-json\/wp\/v2\/comments?post=9805"}],"version-history":[{"count":2,"href":"https:\/\/www.breeze-technologies.de\/de\/wp-json\/wp\/v2\/pages\/9805\/revisions"}],"predecessor-version":[{"id":9810,"href":"https:\/\/www.breeze-technologies.de\/de\/wp-json\/wp\/v2\/pages\/9805\/revisions\/9810"}],"up":[{"embeddable":true,"href":"https:\/\/www.breeze-technologies.de\/de\/wp-json\/wp\/v2\/pages\/3686"}],"wp:featuredmedia":[{"embeddable":true,"href":"https:\/\/www.breeze-technologies.de\/de\/wp-json\/wp\/v2\/media\/9807"}],"wp:attachment":[{"href":"https:\/\/www.breeze-technologies.de\/de\/wp-json\/wp\/v2\/media?parent=9805"}],"curies":[{"name":"wp","href":"https:\/\/api.w.org\/{rel}","templated":true}]}}