{"id":9750,"date":"2026-05-08T14:33:22","date_gmt":"2026-05-08T12:33:22","guid":{"rendered":"https:\/\/www.breeze-technologies.de\/?page_id=9750"},"modified":"2026-05-09T19:03:31","modified_gmt":"2026-05-09T17:03:31","slug":"stadt-wiesbaden-umweltdaten","status":"publish","type":"page","link":"https:\/\/www.breeze-technologies.de\/de\/projekte-und-referenzen\/stadt-wiesbaden-umweltdaten\/","title":{"rendered":"Projektbeispiel: Stadt Wiesbaden &#8211; Aufbereitung, Beschaffung und Harmonisierung von Umweltdaten"},"content":{"rendered":"\n<style type=\"text\/css\" data-created_by=\"avia_inline_auto\" id=\"style-css-av-7v1rjw-381b02f87f9579cd57ef56f22e7c8813\">\n.flex_column.av-7v1rjw-381b02f87f9579cd57ef56f22e7c8813{\nborder-radius:0px 0px 0px 0px;\npadding:0px 0px 0px 0px;\n}\n<\/style>\n<div  class='flex_column av-7v1rjw-381b02f87f9579cd57ef56f22e7c8813 av_one_full  avia-builder-el-0  el_before_av_one_third  avia-builder-el-first  first flex_column_div av-zero-column-padding  '     ><p>\n<style type=\"text\/css\" data-created_by=\"avia_inline_auto\" id=\"style-css-av-k9l2v64w-c22f098364fc3fedf66b9413579b20ef\">\n.avia-image-container.av-k9l2v64w-c22f098364fc3fedf66b9413579b20ef img.avia_image{\nbox-shadow:none;\n}\n.avia-image-container.av-k9l2v64w-c22f098364fc3fedf66b9413579b20ef .av-image-caption-overlay-center{\ncolor:#ffffff;\n}\n<\/style>\n<div  class='avia-image-container av-k9l2v64w-c22f098364fc3fedf66b9413579b20ef av-styling- avia-align-center  avia-builder-el-1  el_before_av_heading  avia-builder-el-first '   itemprop=\"image\" itemscope=\"itemscope\" itemtype=\"https:\/\/schema.org\/ImageObject\" ><div class=\"avia-image-container-inner\"><div class=\"avia-image-overlay-wrap\"><img decoding=\"async\" fetchpriority=\"high\" class='wp-image-9756 avia-img-lazy-loading-not-9756 avia_image ' src=\"https:\/\/www.breeze-technologies.de\/wp-content\/uploads\/2026\/04\/Stadt-Wiesbaden-Logo.png\" alt='' title='Stadt Wiesbaden Logo'  height=\"300\" width=\"500\"  itemprop=\"thumbnailUrl\"  \/><\/div><\/div><\/div><br \/>\n\n<style type=\"text\/css\" data-created_by=\"avia_inline_auto\" id=\"style-css-av-kdouhqcj-ed270918f4ffe3fd85f96483125645fb\">\n#top .av-special-heading.av-kdouhqcj-ed270918f4ffe3fd85f96483125645fb{\npadding-bottom:10px;\n}\nbody .av-special-heading.av-kdouhqcj-ed270918f4ffe3fd85f96483125645fb .av-special-heading-tag .heading-char{\nfont-size:25px;\n}\n.av-special-heading.av-kdouhqcj-ed270918f4ffe3fd85f96483125645fb .av-subheading{\nfont-size:15px;\n}\n<\/style>\n<div  class='av-special-heading av-kdouhqcj-ed270918f4ffe3fd85f96483125645fb av-special-heading-h1 blockquote modern-quote modern-centered  avia-builder-el-2  el_after_av_image  avia-builder-el-last  av-linked-heading'><h1 class='av-special-heading-tag '  itemprop=\"headline\"  >Projektbeispiel: Stadt Wiesbaden &#8211; Aufbereitung, Qualit\u00e4tssicherung, Beschaffung, Harmonisierung und Analyse von Umweltdaten<\/h1><div class=\"special-heading-border\"><div class=\"special-heading-inner-border\"><\/div><\/div><\/div><\/p><\/div>\n\n<style type=\"text\/css\" data-created_by=\"avia_inline_auto\" id=\"style-css-av-47iol8-13d7766fc47c8dc342489507191e8f7b\">\n.flex_column.av-47iol8-13d7766fc47c8dc342489507191e8f7b{\nborder-radius:0px 0px 0px 0px;\npadding:0px 0px 0px 0px;\n}\n<\/style>\n<div  class='flex_column av-47iol8-13d7766fc47c8dc342489507191e8f7b av_one_third  avia-builder-el-3  el_after_av_one_full  el_before_av_two_third  first flex_column_div av-zero-column-padding  column-top-margin'     ><section  class='av_textblock_section av-k9kip70r-3a1a055aff49b3b6d1b0da941d16d7f4 '   itemscope=\"itemscope\" itemtype=\"https:\/\/schema.org\/CreativeWork\" ><div class='avia_textblock'  itemprop=\"text\" ><h5>Kunde:<\/h5>\n<p>Stadt Wiesbaden<\/p>\n<h5>Sektor:<\/h5>\n<p>\u00d6ffentlicher Sektor \/ Stadtverwaltung<\/p>\n<h5>Projektdauer:<\/h5>\n<p>6 Monate<\/p>\n<h5>Projekttyp:<\/h5>\n<p>Datenbeschaffung, Datenanalyse<\/p>\n<h5>Herausforderung:<\/h5>\n<p>Qualit\u00e4tssicherung von Umweltdaten aus verschiedenen Quellen, Herstellen eines einheitlichen Datenraums, Datenanreicherung und -analyse<\/p>\n<h5>Ergebnis:<\/h5>\n<p>Einheitlicher Umweltdatenraum, der Stakeholder in der Verwaltung bef\u00e4higt, mit Umweltdaten weiterzuarbeiten<br \/>\nBericht zu vorliegenden Umweltdaten<\/p>\n<\/div><\/section><\/div>\n\n<style type=\"text\/css\" data-created_by=\"avia_inline_auto\" id=\"style-css-av-32xzpo-606d33f4f44b2be19119ab4110386a9a\">\n.flex_column.av-32xzpo-606d33f4f44b2be19119ab4110386a9a{\nborder-radius:0px 0px 0px 0px;\npadding:0px 0px 0px 0px;\n}\n<\/style>\n<div  class='flex_column av-32xzpo-606d33f4f44b2be19119ab4110386a9a av_two_third  avia-builder-el-5  el_after_av_one_third  avia-builder-el-last  flex_column_div av-zero-column-padding  column-top-margin'     ><section  class='av_textblock_section av-k9kispkn-3c626a279137feb4748874032f2afd71 '   itemscope=\"itemscope\" itemtype=\"https:\/\/schema.org\/CreativeWork\" ><div class='avia_textblock'  itemprop=\"text\" ><p><em>\u201eDas Team von Breeze Technologies besticht durch sehr hohe Kompetenz im Umweltdatenbereich. In der Zusammenarbeit wurden wir proaktiv auf spannende Erkenntnisse aus vorhandenen Luftqualit\u00e4tsdaten hingewiesen. Alle vereinbarten Projektziele wurden erreicht; wir sind mit der Zusammenarbeit sehr zufrieden.<\/em><em>\u201c<\/em> &#8211; <strong>Rebecca Wilhelm<\/strong>, Senior Programmmanagerin Smart City Wiesbaden<\/p>\n<h4>PROJEKTKONTEXT<\/h4>\n<p>Die Stadt Wiesbaden verfolgt eine umfassende Smart\u2011City\u2011Strategie, die insbesondere darauf abzielt, urbane Lebensqualit\u00e4t und Nachhaltigkeit systematisch zu st\u00e4rken. Im Mittelpunkt stehen datenbasierte Entscheidungsprozesse und moderne digitale Infrastrukturen, die Verwaltung, Wirtschaft und B\u00fcrgerschaft enger miteinander vernetzen.<\/p>\n<p>Ein besonderer Schwerpunkt liegt auf umwelt- und gesundheitsrelevanten Anwendungen. Im Zuge der Smart\u2011City\u2011Initiativen wurden bereits mehrere Projekte zur Verbesserung der Luftqualit\u00e4t angesto\u00dfen. Unter anderem wird ein Netzwerk von Umweltsensoren im Stadtgebiet betrieben, die unterschiedliche Messwerte zur urbanen Luftqualit\u00e4t erfassen. Dar\u00fcber hinaus existieren offizielle Messstationen des Hessischen Landesamts f\u00fcr Naturschutz, Umwelt und Geologie.<\/p>\n<p>Mit diesen Ma\u00dfnahmen positioniert sich Wiesbaden als zukunftsorientierte, resiliente und lebenswerte Stadt, die digitale Innovation nutzt, um \u00f6kologische, gesellschaftliche und wirtschaftliche Herausforderungen nachhaltig zu adressieren.<\/p>\n<h4>PROJEKTZIELE<\/h4>\n<p>Die Stadt Wiesbaden verf\u00fcgt \u00fcber unterschiedliche Datenquellen und Datent\u00f6pfe, in denen Umweltdaten verwaltungsintern verf\u00fcgbar gemacht werden. Das Projektziel war die Pr\u00fcfung, Harmonisierung, ggf. Erg\u00e4nzung und schlussendlich Auswertung der vorliegenden Luftqualit\u00e4tsdaten. Die detaillierten Ziele waren:<\/p>\n<p><strong>Qualit\u00e4tssicherung der Daten:<\/strong> Strukturelle Analyse, z.B. hinsichtlich m\u00f6glicher Fehlmessungen, Kalibrierung und Datenqualit\u00e4t<\/p>\n<p><strong>Beschaffung externer Umweltdaten:<\/strong> Pr\u00fcfung m\u00f6glicher externer Datenquellen, um die vorhandenen Datens\u00e4tze sinnvoll zu erweitern; u.a. Beschaffung von Satellitendaten<\/p>\n<p><b>Datenharmonisierung:<\/b> Herstellen eines einheitlichen Datenraums, auf dessen Basis zuk\u00fcnftig (auch eigenst\u00e4ndig) gearbeitet werden kann<\/p>\n<p><b>Datenanalyse:<\/b> Untersuchung der Daten auf Muster, Trends und andere m\u00f6gliche Erkenntnisse, ggf. Ableiten von ersten Handlungsempfehlungen<\/p>\n<h4>PROJEKTERGEBNISSE<\/h4>\n<p>Das umweltwissenschaftliche Team von Breeze Technologies hat die vorliegenden Luftqualit\u00e4tsdaten der Stadt zun\u00e4chst gesichtet und hinsichtlich der verschiedenen Erfassungsarten klassifiziert. Es erfolgte eine Analyse der Datens\u00e4tze aus den unterschiedlichen Datenbanken und -quellen, wobei auf Auff\u00e4lligkeiten und Abweichungen hingewiesen wurde. In Korrelation mit durch Breeze aus externen Quellen beschafften Daten wurde die Qualit\u00e4t der vorliegenden Luftqualit\u00e4tsdaten analysiert und strukturell bewertet. Dabei wurde z.B. auf m\u00f6gliche Fehlmessungen und Kalibrierungsbedarf hingewiesen und notwendige n\u00e4chste Schritte aufgezeigt.<\/p>\n<p>Die Daten wurden um externe Daten angereichert (u.a. <a href=\"https:\/\/www.breeze-technologies.de\/de\/loesungen\/urbane-luftqualitaet\/luftqualitaets-satellitendaten\/\">Luftqualit\u00e4ts-Satellitendaten<\/a>). Auf dieser Basis wurde ein einheitlicher Datenraum hergestellt, auf dessen Basis die Stadtverwaltung zuk\u00fcnftig Datenanalysen selbstst\u00e4ndig durchf\u00fchren k\u00f6nnen. Die Daten aus den unterschiedlichen Quellen lagen dabei in unterschiedlichen Formaten vor, weshalb sie zun\u00e4chst aufgearbeitet und f\u00fcr die weitere Nutzbarmachung harmonisiert werden mussten.<\/p>\n<p>Schlussendlich wurden die Umweltdaten hinsichtlich Auff\u00e4lligkeiten in der st\u00e4dtischen Luftqualit\u00e4t (z.B. Grenzwert\u00fcberschreitungen, Muster und Trends) analysiert. Das Team von Breeze erstellte einen vollumf\u00e4nglichen Pr\u00fcf- und Analysebericht.<\/p>\n<h4>PUBLIKATIONEN<\/h4>\n<p>&#8211;<\/p>\n<\/div><\/section><\/div>\n","protected":false},"excerpt":{"rendered":"","protected":false},"author":4,"featured_media":9756,"parent":3686,"menu_order":4,"comment_status":"closed","ping_status":"closed","template":"","meta":{"_exactmetrics_skip_tracking":false,"_exactmetrics_sitenote_active":false,"_exactmetrics_sitenote_note":"","_exactmetrics_sitenote_category":0,"footnotes":""},"class_list":["post-9750","page","type-page","status-publish","has-post-thumbnail","hentry"],"yoast_head":"<title>Projektbeispiel: Stadt Wiesbaden - Aufbereitung, Beschaffung und Harmonisierung von Umweltdaten - Breeze Technologies<\/title>\n<meta name=\"robots\" content=\"index, follow, max-snippet:-1, max-image-preview:large, max-video-preview:-1\" \/>\n<link rel=\"canonical\" href=\"https:\/\/www.breeze-technologies.de\/de\/projekte-und-referenzen\/stadt-wiesbaden-umweltdaten\/\" \/>\n<meta property=\"og:locale\" content=\"de_DE\" \/>\n<meta property=\"og:type\" content=\"article\" \/>\n<meta property=\"og:title\" content=\"Projektbeispiel: Stadt Wiesbaden - Aufbereitung, Beschaffung und Harmonisierung von Umweltdaten - Breeze Technologies\" \/>\n<meta property=\"og:url\" content=\"https:\/\/www.breeze-technologies.de\/de\/projekte-und-referenzen\/stadt-wiesbaden-umweltdaten\/\" \/>\n<meta property=\"og:site_name\" content=\"Breeze Technologies\" \/>\n<meta property=\"article:publisher\" content=\"https:\/\/www.facebook.com\/breezetechnologies\/\" \/>\n<meta property=\"article:modified_time\" content=\"2026-05-09T17:03:31+00:00\" \/>\n<meta property=\"og:image\" content=\"https:\/\/www.breeze-technologies.de\/wp-content\/uploads\/2026\/04\/Stadt-Wiesbaden-Logo.png\" \/>\n\t<meta property=\"og:image:width\" content=\"500\" \/>\n\t<meta property=\"og:image:height\" content=\"300\" \/>\n\t<meta property=\"og:image:type\" content=\"image\/png\" \/>\n<meta name=\"twitter:card\" content=\"summary_large_image\" \/>\n<meta name=\"twitter:site\" content=\"@projectbreeze\" \/>\n<meta name=\"twitter:label1\" content=\"Gesch\u00e4tzte Lesezeit\" \/>\n\t<meta name=\"twitter:data1\" content=\"3\u00a0Minuten\" \/>\n<script type=\"application\/ld+json\" class=\"yoast-schema-graph\">{\"@context\":\"https:\\\/\\\/schema.org\",\"@graph\":[{\"@type\":\"WebPage\",\"@id\":\"https:\\\/\\\/www.breeze-technologies.de\\\/de\\\/projekte-und-referenzen\\\/stadt-wiesbaden-umweltdaten\\\/\",\"url\":\"https:\\\/\\\/www.breeze-technologies.de\\\/de\\\/projekte-und-referenzen\\\/stadt-wiesbaden-umweltdaten\\\/\",\"name\":\"Projektbeispiel: Stadt Wiesbaden - Aufbereitung, Beschaffung und Harmonisierung von Umweltdaten - Breeze Technologies\",\"isPartOf\":{\"@id\":\"https:\\\/\\\/www.breeze-technologies.de\\\/de\\\/#website\"},\"primaryImageOfPage\":{\"@id\":\"https:\\\/\\\/www.breeze-technologies.de\\\/de\\\/projekte-und-referenzen\\\/stadt-wiesbaden-umweltdaten\\\/#primaryimage\"},\"image\":{\"@id\":\"https:\\\/\\\/www.breeze-technologies.de\\\/de\\\/projekte-und-referenzen\\\/stadt-wiesbaden-umweltdaten\\\/#primaryimage\"},\"thumbnailUrl\":\"https:\\\/\\\/www.breeze-technologies.de\\\/wp-content\\\/uploads\\\/2026\\\/04\\\/Stadt-Wiesbaden-Logo.png\",\"datePublished\":\"2026-05-08T12:33:22+00:00\",\"dateModified\":\"2026-05-09T17:03:31+00:00\",\"breadcrumb\":{\"@id\":\"https:\\\/\\\/www.breeze-technologies.de\\\/de\\\/projekte-und-referenzen\\\/stadt-wiesbaden-umweltdaten\\\/#breadcrumb\"},\"inLanguage\":\"de\",\"potentialAction\":[{\"@type\":\"ReadAction\",\"target\":[\"https:\\\/\\\/www.breeze-technologies.de\\\/de\\\/projekte-und-referenzen\\\/stadt-wiesbaden-umweltdaten\\\/\"]}]},{\"@type\":\"ImageObject\",\"inLanguage\":\"de\",\"@id\":\"https:\\\/\\\/www.breeze-technologies.de\\\/de\\\/projekte-und-referenzen\\\/stadt-wiesbaden-umweltdaten\\\/#primaryimage\",\"url\":\"https:\\\/\\\/www.breeze-technologies.de\\\/wp-content\\\/uploads\\\/2026\\\/04\\\/Stadt-Wiesbaden-Logo.png\",\"contentUrl\":\"https:\\\/\\\/www.breeze-technologies.de\\\/wp-content\\\/uploads\\\/2026\\\/04\\\/Stadt-Wiesbaden-Logo.png\",\"width\":500,\"height\":300},{\"@type\":\"BreadcrumbList\",\"@id\":\"https:\\\/\\\/www.breeze-technologies.de\\\/de\\\/projekte-und-referenzen\\\/stadt-wiesbaden-umweltdaten\\\/#breadcrumb\",\"itemListElement\":[{\"@type\":\"ListItem\",\"position\":1,\"name\":\"Home\",\"item\":\"https:\\\/\\\/www.breeze-technologies.de\\\/de\\\/home\\\/\"},{\"@type\":\"ListItem\",\"position\":2,\"name\":\"Projekte und Kundenreferenzen\",\"item\":\"https:\\\/\\\/www.breeze-technologies.de\\\/de\\\/projekte-und-referenzen\\\/\"},{\"@type\":\"ListItem\",\"position\":3,\"name\":\"Projektbeispiel: Stadt Wiesbaden &#8211; Aufbereitung, Beschaffung und Harmonisierung von Umweltdaten\"}]},{\"@type\":\"WebSite\",\"@id\":\"https:\\\/\\\/www.breeze-technologies.de\\\/de\\\/#website\",\"url\":\"https:\\\/\\\/www.breeze-technologies.de\\\/de\\\/\",\"name\":\"Breeze Technologies\",\"description\":\"Environmental Sensor Solutions\",\"publisher\":{\"@id\":\"https:\\\/\\\/www.breeze-technologies.de\\\/de\\\/#organization\"},\"potentialAction\":[{\"@type\":\"SearchAction\",\"target\":{\"@type\":\"EntryPoint\",\"urlTemplate\":\"https:\\\/\\\/www.breeze-technologies.de\\\/de\\\/?s={search_term_string}\"},\"query-input\":{\"@type\":\"PropertyValueSpecification\",\"valueRequired\":true,\"valueName\":\"search_term_string\"}}],\"inLanguage\":\"de\"},{\"@type\":\"Organization\",\"@id\":\"https:\\\/\\\/www.breeze-technologies.de\\\/de\\\/#organization\",\"name\":\"Breeze Technologies\",\"url\":\"https:\\\/\\\/www.breeze-technologies.de\\\/de\\\/\",\"logo\":{\"@type\":\"ImageObject\",\"inLanguage\":\"de\",\"@id\":\"https:\\\/\\\/www.breeze-technologies.de\\\/de\\\/#\\\/schema\\\/logo\\\/image\\\/\",\"url\":\"https:\\\/\\\/www.breeze-technologies.de\\\/wp-content\\\/uploads\\\/2017\\\/12\\\/Breeze-Logo-Normal-Web.png\",\"contentUrl\":\"https:\\\/\\\/www.breeze-technologies.de\\\/wp-content\\\/uploads\\\/2017\\\/12\\\/Breeze-Logo-Normal-Web.png\",\"width\":2932,\"height\":976,\"caption\":\"Breeze Technologies\"},\"image\":{\"@id\":\"https:\\\/\\\/www.breeze-technologies.de\\\/de\\\/#\\\/schema\\\/logo\\\/image\\\/\"},\"sameAs\":[\"https:\\\/\\\/www.facebook.com\\\/breezetechnologies\\\/\",\"https:\\\/\\\/x.com\\\/projectbreeze\",\"https:\\\/\\\/instagram.com\\\/breezetechnologies\\\/\",\"https:\\\/\\\/www.linkedin.com\\\/company\\\/breeze-technologies\",\"https:\\\/\\\/www.youtube.com\\\/channel\\\/UCqRNWyXf5yexIRTzLvY9Zqw\"]}]}<\/script>","yoast_head_json":{"title":"Projektbeispiel: Stadt Wiesbaden - Aufbereitung, Beschaffung und Harmonisierung von Umweltdaten - Breeze Technologies","robots":{"index":"index","follow":"follow","max-snippet":"max-snippet:-1","max-image-preview":"max-image-preview:large","max-video-preview":"max-video-preview:-1"},"canonical":"https:\/\/www.breeze-technologies.de\/de\/projekte-und-referenzen\/stadt-wiesbaden-umweltdaten\/","og_locale":"de_DE","og_type":"article","og_title":"Projektbeispiel: Stadt Wiesbaden - Aufbereitung, Beschaffung und Harmonisierung von Umweltdaten - Breeze Technologies","og_url":"https:\/\/www.breeze-technologies.de\/de\/projekte-und-referenzen\/stadt-wiesbaden-umweltdaten\/","og_site_name":"Breeze Technologies","article_publisher":"https:\/\/www.facebook.com\/breezetechnologies\/","article_modified_time":"2026-05-09T17:03:31+00:00","og_image":[{"width":500,"height":300,"url":"https:\/\/www.breeze-technologies.de\/wp-content\/uploads\/2026\/04\/Stadt-Wiesbaden-Logo.png","type":"image\/png"}],"twitter_card":"summary_large_image","twitter_site":"@projectbreeze","twitter_misc":{"Gesch\u00e4tzte Lesezeit":"3\u00a0Minuten"},"schema":{"@context":"https:\/\/schema.org","@graph":[{"@type":"WebPage","@id":"https:\/\/www.breeze-technologies.de\/de\/projekte-und-referenzen\/stadt-wiesbaden-umweltdaten\/","url":"https:\/\/www.breeze-technologies.de\/de\/projekte-und-referenzen\/stadt-wiesbaden-umweltdaten\/","name":"Projektbeispiel: Stadt Wiesbaden - Aufbereitung, Beschaffung und Harmonisierung von Umweltdaten - Breeze Technologies","isPartOf":{"@id":"https:\/\/www.breeze-technologies.de\/de\/#website"},"primaryImageOfPage":{"@id":"https:\/\/www.breeze-technologies.de\/de\/projekte-und-referenzen\/stadt-wiesbaden-umweltdaten\/#primaryimage"},"image":{"@id":"https:\/\/www.breeze-technologies.de\/de\/projekte-und-referenzen\/stadt-wiesbaden-umweltdaten\/#primaryimage"},"thumbnailUrl":"https:\/\/www.breeze-technologies.de\/wp-content\/uploads\/2026\/04\/Stadt-Wiesbaden-Logo.png","datePublished":"2026-05-08T12:33:22+00:00","dateModified":"2026-05-09T17:03:31+00:00","breadcrumb":{"@id":"https:\/\/www.breeze-technologies.de\/de\/projekte-und-referenzen\/stadt-wiesbaden-umweltdaten\/#breadcrumb"},"inLanguage":"de","potentialAction":[{"@type":"ReadAction","target":["https:\/\/www.breeze-technologies.de\/de\/projekte-und-referenzen\/stadt-wiesbaden-umweltdaten\/"]}]},{"@type":"ImageObject","inLanguage":"de","@id":"https:\/\/www.breeze-technologies.de\/de\/projekte-und-referenzen\/stadt-wiesbaden-umweltdaten\/#primaryimage","url":"https:\/\/www.breeze-technologies.de\/wp-content\/uploads\/2026\/04\/Stadt-Wiesbaden-Logo.png","contentUrl":"https:\/\/www.breeze-technologies.de\/wp-content\/uploads\/2026\/04\/Stadt-Wiesbaden-Logo.png","width":500,"height":300},{"@type":"BreadcrumbList","@id":"https:\/\/www.breeze-technologies.de\/de\/projekte-und-referenzen\/stadt-wiesbaden-umweltdaten\/#breadcrumb","itemListElement":[{"@type":"ListItem","position":1,"name":"Home","item":"https:\/\/www.breeze-technologies.de\/de\/home\/"},{"@type":"ListItem","position":2,"name":"Projekte und Kundenreferenzen","item":"https:\/\/www.breeze-technologies.de\/de\/projekte-und-referenzen\/"},{"@type":"ListItem","position":3,"name":"Projektbeispiel: Stadt Wiesbaden &#8211; Aufbereitung, Beschaffung und Harmonisierung von Umweltdaten"}]},{"@type":"WebSite","@id":"https:\/\/www.breeze-technologies.de\/de\/#website","url":"https:\/\/www.breeze-technologies.de\/de\/","name":"Breeze Technologies","description":"Environmental Sensor Solutions","publisher":{"@id":"https:\/\/www.breeze-technologies.de\/de\/#organization"},"potentialAction":[{"@type":"SearchAction","target":{"@type":"EntryPoint","urlTemplate":"https:\/\/www.breeze-technologies.de\/de\/?s={search_term_string}"},"query-input":{"@type":"PropertyValueSpecification","valueRequired":true,"valueName":"search_term_string"}}],"inLanguage":"de"},{"@type":"Organization","@id":"https:\/\/www.breeze-technologies.de\/de\/#organization","name":"Breeze Technologies","url":"https:\/\/www.breeze-technologies.de\/de\/","logo":{"@type":"ImageObject","inLanguage":"de","@id":"https:\/\/www.breeze-technologies.de\/de\/#\/schema\/logo\/image\/","url":"https:\/\/www.breeze-technologies.de\/wp-content\/uploads\/2017\/12\/Breeze-Logo-Normal-Web.png","contentUrl":"https:\/\/www.breeze-technologies.de\/wp-content\/uploads\/2017\/12\/Breeze-Logo-Normal-Web.png","width":2932,"height":976,"caption":"Breeze Technologies"},"image":{"@id":"https:\/\/www.breeze-technologies.de\/de\/#\/schema\/logo\/image\/"},"sameAs":["https:\/\/www.facebook.com\/breezetechnologies\/","https:\/\/x.com\/projectbreeze","https:\/\/instagram.com\/breezetechnologies\/","https:\/\/www.linkedin.com\/company\/breeze-technologies","https:\/\/www.youtube.com\/channel\/UCqRNWyXf5yexIRTzLvY9Zqw"]}]}},"jetpack_sharing_enabled":true,"_links":{"self":[{"href":"https:\/\/www.breeze-technologies.de\/de\/wp-json\/wp\/v2\/pages\/9750","targetHints":{"allow":["GET"]}}],"collection":[{"href":"https:\/\/www.breeze-technologies.de\/de\/wp-json\/wp\/v2\/pages"}],"about":[{"href":"https:\/\/www.breeze-technologies.de\/de\/wp-json\/wp\/v2\/types\/page"}],"author":[{"embeddable":true,"href":"https:\/\/www.breeze-technologies.de\/de\/wp-json\/wp\/v2\/users\/4"}],"replies":[{"embeddable":true,"href":"https:\/\/www.breeze-technologies.de\/de\/wp-json\/wp\/v2\/comments?post=9750"}],"version-history":[{"count":11,"href":"https:\/\/www.breeze-technologies.de\/de\/wp-json\/wp\/v2\/pages\/9750\/revisions"}],"predecessor-version":[{"id":9869,"href":"https:\/\/www.breeze-technologies.de\/de\/wp-json\/wp\/v2\/pages\/9750\/revisions\/9869"}],"up":[{"embeddable":true,"href":"https:\/\/www.breeze-technologies.de\/de\/wp-json\/wp\/v2\/pages\/3686"}],"wp:featuredmedia":[{"embeddable":true,"href":"https:\/\/www.breeze-technologies.de\/de\/wp-json\/wp\/v2\/media\/9756"}],"wp:attachment":[{"href":"https:\/\/www.breeze-technologies.de\/de\/wp-json\/wp\/v2\/media?parent=9750"}],"curies":[{"name":"wp","href":"https:\/\/api.w.org\/{rel}","templated":true}]}}