{"id":9708,"date":"2026-04-22T20:39:34","date_gmt":"2026-04-22T18:39:34","guid":{"rendered":"https:\/\/www.breeze-technologies.de\/academy\/free-environmental-data-strategy-session\/"},"modified":"2026-04-22T21:46:11","modified_gmt":"2026-04-22T19:46:11","slug":"kostenlose-strategie-beratung-umweltdaten-staedte","status":"publish","type":"page","link":"https:\/\/www.breeze-technologies.de\/de\/academy\/kostenlose-strategie-beratung-umweltdaten-staedte\/","title":{"rendered":"Kostenlose Strategieberatung zu Umweltdaten f\u00fcr St\u00e4dte"},"content":{"rendered":"\n<style type=\"text\/css\" data-created_by=\"avia_inline_auto\" id=\"style-css-av-moad9rvc-98ff31f157caccb534a7abbea4aca023\">\n.avia-section.av-moad9rvc-98ff31f157caccb534a7abbea4aca023 .av-parallax .av-parallax-inner{\nbackground-repeat:no-repeat;\nbackground-image:url(https:\/\/www.breeze-technologies.de\/wp-content\/uploads\/2022\/07\/breeze-technologies-olpenitz-145-small-1620x1080.jpg);\nbackground-position:50% 50%;\nbackground-attachment:scroll;\n}\n.avia-section.av-moad9rvc-98ff31f157caccb534a7abbea4aca023 .av-section-color-overlay{\nopacity:0.5;\nbackground-color:#0a0a0a;\n}\n<\/style>\n<div id='av_section_1'  class='avia-section av-moad9rvc-98ff31f157caccb534a7abbea4aca023 main_color avia-section-default avia-no-border-styling  avia-builder-el-0  el_before_av_one_half  avia-builder-el-first  avia-full-stretch av-parallax-section avia-bg-style-parallax av-section-color-overlay-active av-minimum-height av-minimum-height-75 av-height-75  container_wrap fullsize'  data-section-bg-repeat='stretch' data-av_minimum_height_pc='75' data-av_min_height_opt='75'><div class='av-parallax' data-avia-parallax-ratio='0.3' ><div class='av-parallax-inner main_color avia-full-stretch'><\/div><\/div><div class=\"av-section-color-overlay-wrap\"><div class=\"av-section-color-overlay\"><\/div><a href='#next-section' title='' class='scroll-down-link  avia-svg-icon avia-font-svg_entypo-fontello' data-av_svg_icon='down-open-mini' data-av_iconset='svg_entypo-fontello'><svg version=\"1.1\" xmlns=\"http:\/\/www.w3.org\/2000\/svg\" width=\"15\" height=\"32\" viewBox=\"0 0 15 32\" preserveAspectRatio=\"xMidYMid meet\" aria-labelledby='av-svg-title-1' aria-describedby='av-svg-desc-1' role=\"graphics-symbol\" aria-hidden=\"true\">\n<title id='av-svg-title-1'>Scroll to next section<\/title>\n<desc id='av-svg-desc-1'>Scroll to next section<\/desc>\n<path d=\"M12.96 12.16q0.704-0.832 1.536 0 0.832 0.704 0 1.536l-6.272 6.144q-0.704 0.704-1.536 0l-6.272-6.144q-0.832-0.832 0-1.536 0.768-0.768 1.6 0l5.44 4.992z\"><\/path>\n<\/svg><\/a><div class='container av-section-cont-open' ><main  role=\"main\" itemprop=\"mainContentOfPage\"  class='template-page content  av-content-full alpha units'><div class='post-entry post-entry-type-page post-entry-9708'><div class='entry-content-wrapper clearfix'>\n\n<style type=\"text\/css\" data-created_by=\"avia_inline_auto\" id=\"style-css-av-moacqyw3-705857de2f2f311be665b9635b502745\">\n#top .av-special-heading.av-moacqyw3-705857de2f2f311be665b9635b502745{\npadding-bottom:10px;\ncolor:#ffffff;\n}\nbody .av-special-heading.av-moacqyw3-705857de2f2f311be665b9635b502745 .av-special-heading-tag .heading-char{\nfont-size:25px;\n}\n.av-special-heading.av-moacqyw3-705857de2f2f311be665b9635b502745 .special-heading-inner-border{\nborder-color:#ffffff;\n}\n.av-special-heading.av-moacqyw3-705857de2f2f311be665b9635b502745 .av-subheading{\nfont-size:15px;\n}\n<\/style>\n<div  class='av-special-heading av-moacqyw3-705857de2f2f311be665b9635b502745 av-special-heading-h1 custom-color-heading blockquote modern-quote modern-centered  avia-builder-el-1  el_before_av_hr  avia-builder-el-first '><h1 class='av-special-heading-tag '  itemprop=\"headline\"  >Kostenlose Umweltdaten-Strategieberatung f\u00fcr St\u00e4dte<\/h1><div class=\"special-heading-border\"><div class=\"special-heading-inner-border\"><\/div><\/div><\/div>\n\n<style type=\"text\/css\" data-created_by=\"avia_inline_auto\" id=\"style-css-av-moadj6u4-92a5629ced58fa7c3cec982c30a841a1\">\n#top .hr.hr-invisible.av-moadj6u4-92a5629ced58fa7c3cec982c30a841a1{\nheight:50px;\n}\n<\/style>\n<div  class='hr av-moadj6u4-92a5629ced58fa7c3cec982c30a841a1 hr-invisible  avia-builder-el-2  el_after_av_heading  el_before_av_one_fifth '><span class='hr-inner '><span class=\"hr-inner-style\"><\/span><\/span><\/div>\n<div class='flex_column_table av-moadl32v-a99bf193b0536dae93cec4fe5feec161 sc-av_one_fifth av-equal-height-column-flextable'><div  class='flex_column av-moadl32v-a99bf193b0536dae93cec4fe5feec161 av_one_fifth  avia-builder-el-3  el_after_av_hr  el_before_av_three_fifth  first flex_column_table_cell av-equal-height-column av-align-middle  '     ><\/div><div class='av-flex-placeholder'><\/div><div  class='flex_column av-7cmyfs-66558d87f9611e2a477415b3ba1b34af av_three_fifth  avia-builder-el-4  el_after_av_one_fifth  el_before_av_one_fifth  flex_column_table_cell av-equal-height-column av-align-middle  '     ><p>\n<style type=\"text\/css\" data-created_by=\"avia_inline_auto\" id=\"style-css-av-moadicia-acb28474fc78f7815871886b85ab9a8f\">\n#top .av-special-heading.av-moadicia-acb28474fc78f7815871886b85ab9a8f{\npadding-bottom:10px;\ncolor:#ffffff;\n}\nbody .av-special-heading.av-moadicia-acb28474fc78f7815871886b85ab9a8f .av-special-heading-tag .heading-char{\nfont-size:25px;\n}\n.av-special-heading.av-moadicia-acb28474fc78f7815871886b85ab9a8f .special-heading-inner-border{\nborder-color:#ffffff;\n}\n.av-special-heading.av-moadicia-acb28474fc78f7815871886b85ab9a8f .av-subheading{\nfont-size:15px;\n}\n<\/style>\n<div  class='av-special-heading av-moadicia-acb28474fc78f7815871886b85ab9a8f av-special-heading-h3 custom-color-heading blockquote modern-quote modern-centered  avia-builder-el-5  el_before_av_hr  avia-builder-el-first '><h3 class='av-special-heading-tag '  itemprop=\"headline\"  >Kostenloser Strategieworkshop mit dem Gr\u00fcnder von Breeze Technologies. Basierend auf unserer Erfahrung mit \u00fcber 100 St\u00e4dten und Gemeinden k\u00f6nnen wir Ihnen in einem kostenlosen Strategieworkshop die besten n\u00e4chsten Schritte im Bereich Umweltdaten f\u00fcr Ihre Stadt vorschlagen.<\/h3><div class=\"special-heading-border\"><div class=\"special-heading-inner-border\"><\/div><\/div><\/div><br \/>\n\n<style type=\"text\/css\" data-created_by=\"avia_inline_auto\" id=\"style-css-av-5su7mg-604b8cbbb2f0387ae43b4792b51d6f83\">\n#top .hr.hr-invisible.av-5su7mg-604b8cbbb2f0387ae43b4792b51d6f83{\nheight:50px;\n}\n<\/style>\n<div  class='hr av-5su7mg-604b8cbbb2f0387ae43b4792b51d6f83 hr-invisible  avia-builder-el-6  el_after_av_heading  el_before_av_button '><span class='hr-inner '><span class=\"hr-inner-style\"><\/span><\/span><\/div><br \/>\n<div  class='avia-button-wrap av-moadcnx3-2e041ba43b88649a8ccd38f2c40d6d20-wrap avia-button-center  avia-builder-el-7  el_after_av_hr  avia-builder-el-last '><a href='#book-session'  class='avia-button av-moadcnx3-2e041ba43b88649a8ccd38f2c40d6d20 av-link-btn avia-icon_select-no avia-size-large avia-position-center avia-color-light'   aria-label=\"Strategieworkshop buchen\"><span class='avia_iconbox_title' >Strategieworkshop buchen<\/span><\/a><\/div><\/p><\/div><div class='av-flex-placeholder'><\/div><div  class='flex_column av-41ymfc-d39eaf15a93a716694ed191211521a58 av_one_fifth  avia-builder-el-8  el_after_av_three_fifth  avia-builder-el-last  flex_column_table_cell av-equal-height-column av-align-middle  '     ><\/div><\/div><!--close column table wrapper. Autoclose: 1 --><\/div><\/div><\/main><!-- close content main element --><\/div><\/div><\/div><div id='after_section_1'  class='main_color av_default_container_wrap container_wrap fullsize'  ><div class='container av-section-cont-open' ><div class='template-page content  av-content-full alpha units'><div class='post-entry post-entry-type-page post-entry-9708'><div class='entry-content-wrapper clearfix'><div class='flex_column_table av-moadljvf-320c3ebf2863398dd193f23254315af2 sc-av_one_half av-equal-height-column-flextable'><div  class='flex_column av-moadljvf-320c3ebf2863398dd193f23254315af2 av_one_half  avia-builder-el-9  el_after_av_section  el_before_av_one_half  avia-builder-el-first  first flex_column_table_cell av-equal-height-column av-align-middle  '     ><style type=\"text\/css\" data-created_by=\"avia_inline_auto\" id=\"style-css-av-moadly68-deea65bd7d793713a0bfe8dfb6e297fc\">\n.avia-image-container.av-moadly68-deea65bd7d793713a0bfe8dfb6e297fc img.avia_image{\nbox-shadow:none;\n}\n.avia-image-container.av-moadly68-deea65bd7d793713a0bfe8dfb6e297fc .av-image-caption-overlay-center{\ncolor:#ffffff;\n}\n<\/style>\n<div  class='avia-image-container av-moadly68-deea65bd7d793713a0bfe8dfb6e297fc av-styling- avia_animated_image av-animated-when-visible-95 top-to-bottom avia-align-center  avia-builder-el-10  avia-builder-el-no-sibling '   itemprop=\"image\" itemscope=\"itemscope\" itemtype=\"https:\/\/schema.org\/ImageObject\" ><div class=\"avia-image-container-inner\"><div class=\"avia-image-overlay-wrap\"><img decoding=\"async\" fetchpriority=\"high\" class='wp-image-8020 avia-img-lazy-loading-not-8020 avia_image ' src=\"https:\/\/www.breeze-technologies.de\/wp-content\/uploads\/2022\/07\/breeze-technologies-olpenitz-590-small-810x540.jpg\" alt='The team of Breeze Technologies' title='breeze-technologies-olpenitz-590-small'  height=\"540\" width=\"810\"  itemprop=\"thumbnailUrl\" srcset=\"https:\/\/www.breeze-technologies.de\/wp-content\/uploads\/2022\/07\/breeze-technologies-olpenitz-590-small-810x540.jpg 810w, https:\/\/www.breeze-technologies.de\/wp-content\/uploads\/2022\/07\/breeze-technologies-olpenitz-590-small-1620x1080.jpg 1620w, https:\/\/www.breeze-technologies.de\/wp-content\/uploads\/2022\/07\/breeze-technologies-olpenitz-590-small-768x512.jpg 768w, https:\/\/www.breeze-technologies.de\/wp-content\/uploads\/2022\/07\/breeze-technologies-olpenitz-590-small-1536x1024.jpg 1536w, https:\/\/www.breeze-technologies.de\/wp-content\/uploads\/2022\/07\/breeze-technologies-olpenitz-590-small-2048x1366.jpg 2048w, https:\/\/www.breeze-technologies.de\/wp-content\/uploads\/2022\/07\/breeze-technologies-olpenitz-590-small-1500x1000.jpg 1500w, https:\/\/www.breeze-technologies.de\/wp-content\/uploads\/2022\/07\/breeze-technologies-olpenitz-590-small-705x470.jpg 705w\" sizes=\"(max-width: 810px) 100vw, 810px\" \/><\/div><\/div><\/div><\/div><\/p>\n<div class='av-flex-placeholder'><\/div><div  class='flex_column av-1ynxjs-44ccbeccabc9c9f8af8e46a008276754 av_one_half  avia-builder-el-11  el_after_av_one_half  el_before_av_hr  flex_column_table_cell av-equal-height-column av-align-middle  '     ><section  class='av_textblock_section av-moadexju-e3fe90a0ec85e11f9950926675ae87db '   itemscope=\"itemscope\" itemtype=\"https:\/\/schema.org\/CreativeWork\" ><div class='avia_textblock'  itemprop=\"text\" ><p>In einem einst\u00fcndigen Workshop er\u00f6rtern wir Ihre aktuelle Situation, Ihre konkreten Herausforderungen und Ihren aktuellen Bedarf. Wir analysieren au\u00dferdem Ihre aktuelle Umweltdatenstrategie und vergleichen Ihren Status quo mit vergleichbaren St\u00e4dten in Ihrer Region und Ihrem Land.<\/p>\n<p>Dank unserer Erfahrung mit \u00fcber 100 St\u00e4dten und Gemeinden k\u00f6nnen wir Ihnen oft schon im Workshop die besten n\u00e4chsten Schritte f\u00fcr Ihre Stadt vorschlagen.<\/p>\n<\/div><\/section><\/div><\/div><!--close column table wrapper. Autoclose: 1 -->\n<style type=\"text\/css\" data-created_by=\"avia_inline_auto\" id=\"style-css-av-moaebyk3-db8c33c38e2edd710bb1a5abb402f81f\">\n#top .hr.hr-invisible.av-moaebyk3-db8c33c38e2edd710bb1a5abb402f81f{\nheight:100px;\n}\n<\/style>\n<div  class='hr av-moaebyk3-db8c33c38e2edd710bb1a5abb402f81f hr-invisible  avia-builder-el-13  el_after_av_one_half  el_before_av_one_full '><span class='hr-inner '><span class=\"hr-inner-style\"><\/span><\/span><\/div><\/p>\n<div  id=\"book-session\"  class='flex_column av-25dhjc-4e262f63a0d7a5429b050f797cb675bf av_one_full  avia-builder-el-14  el_after_av_hr  avia-builder-el-last  first flex_column_div  '     ><p>\n<style type=\"text\/css\" data-created_by=\"avia_inline_auto\" id=\"style-css-av-moadoapr-646b9727c90182af5a237be7c7747a28\">\n#top .av-special-heading.av-moadoapr-646b9727c90182af5a237be7c7747a28{\npadding-bottom:10px;\n}\nbody .av-special-heading.av-moadoapr-646b9727c90182af5a237be7c7747a28 .av-special-heading-tag .heading-char{\nfont-size:25px;\n}\n.av-special-heading.av-moadoapr-646b9727c90182af5a237be7c7747a28 .av-subheading{\nfont-size:15px;\n}\n<\/style>\n<div  class='av-special-heading av-moadoapr-646b9727c90182af5a237be7c7747a28 av-special-heading-h2 blockquote modern-quote modern-centered  avia-builder-el-15  el_before_av_codeblock  avia-builder-el-first '><h2 class='av-special-heading-tag '  itemprop=\"headline\"  >Buchen Sie Ihren kostenlosen Strategieworkshop<\/h2><div class=\"special-heading-border\"><div class=\"special-heading-inner-border\"><\/div><\/div><\/div><br \/>\n<\/p><\/div>\n","protected":false},"excerpt":{"rendered":"","protected":false},"author":4,"featured_media":8046,"parent":6543,"menu_order":0,"comment_status":"closed","ping_status":"closed","template":"","meta":{"_exactmetrics_skip_tracking":false,"_exactmetrics_sitenote_active":false,"_exactmetrics_sitenote_note":"","_exactmetrics_sitenote_category":0,"footnotes":""},"class_list":["post-9708","page","type-page","status-publish","has-post-thumbnail","hentry"],"yoast_head":"<title>Kostenlose Strategieberatung zu Umweltdaten f\u00fcr St\u00e4dte - Breeze Technologies<\/title>\n<meta name=\"robots\" content=\"index, follow, max-snippet:-1, max-image-preview:large, max-video-preview:-1\" \/>\n<link rel=\"canonical\" href=\"https:\/\/www.breeze-technologies.de\/de\/academy\/kostenlose-strategie-beratung-umweltdaten-staedte\/\" \/>\n<meta property=\"og:locale\" content=\"de_DE\" \/>\n<meta property=\"og:type\" content=\"article\" \/>\n<meta property=\"og:title\" content=\"Kostenlose Strategieberatung zu Umweltdaten f\u00fcr St\u00e4dte - Breeze Technologies\" \/>\n<meta property=\"og:url\" content=\"https:\/\/www.breeze-technologies.de\/de\/academy\/kostenlose-strategie-beratung-umweltdaten-staedte\/\" \/>\n<meta property=\"og:site_name\" content=\"Breeze Technologies\" \/>\n<meta property=\"article:publisher\" content=\"https:\/\/www.facebook.com\/breezetechnologies\/\" \/>\n<meta property=\"article:modified_time\" content=\"2026-04-22T19:46:11+00:00\" \/>\n<meta property=\"og:image\" content=\"https:\/\/www.breeze-technologies.de\/wp-content\/uploads\/2022\/07\/breeze-technologies-olpenitz-145-small-1620x1080.jpg\" \/>\n\t<meta property=\"og:image:width\" content=\"1620\" \/>\n\t<meta property=\"og:image:height\" content=\"1080\" \/>\n\t<meta property=\"og:image:type\" content=\"image\/jpeg\" \/>\n<meta name=\"twitter:card\" content=\"summary_large_image\" \/>\n<meta name=\"twitter:site\" content=\"@projectbreeze\" \/>\n<meta name=\"twitter:label1\" content=\"Gesch\u00e4tzte Lesezeit\" \/>\n\t<meta name=\"twitter:data1\" content=\"1\u00a0Minute\" \/>\n<script type=\"application\/ld+json\" class=\"yoast-schema-graph\">{\"@context\":\"https:\\\/\\\/schema.org\",\"@graph\":[{\"@type\":\"WebPage\",\"@id\":\"https:\\\/\\\/www.breeze-technologies.de\\\/de\\\/academy\\\/kostenlose-strategie-beratung-umweltdaten-staedte\\\/\",\"url\":\"https:\\\/\\\/www.breeze-technologies.de\\\/de\\\/academy\\\/kostenlose-strategie-beratung-umweltdaten-staedte\\\/\",\"name\":\"Kostenlose Strategieberatung zu Umweltdaten f\u00fcr St\u00e4dte - Breeze Technologies\",\"isPartOf\":{\"@id\":\"https:\\\/\\\/www.breeze-technologies.de\\\/de\\\/#website\"},\"primaryImageOfPage\":{\"@id\":\"https:\\\/\\\/www.breeze-technologies.de\\\/de\\\/academy\\\/kostenlose-strategie-beratung-umweltdaten-staedte\\\/#primaryimage\"},\"image\":{\"@id\":\"https:\\\/\\\/www.breeze-technologies.de\\\/de\\\/academy\\\/kostenlose-strategie-beratung-umweltdaten-staedte\\\/#primaryimage\"},\"thumbnailUrl\":\"https:\\\/\\\/www.breeze-technologies.de\\\/wp-content\\\/uploads\\\/2022\\\/07\\\/breeze-technologies-olpenitz-145-small.jpg\",\"datePublished\":\"2026-04-22T18:39:34+00:00\",\"dateModified\":\"2026-04-22T19:46:11+00:00\",\"breadcrumb\":{\"@id\":\"https:\\\/\\\/www.breeze-technologies.de\\\/de\\\/academy\\\/kostenlose-strategie-beratung-umweltdaten-staedte\\\/#breadcrumb\"},\"inLanguage\":\"de\",\"potentialAction\":[{\"@type\":\"ReadAction\",\"target\":[\"https:\\\/\\\/www.breeze-technologies.de\\\/de\\\/academy\\\/kostenlose-strategie-beratung-umweltdaten-staedte\\\/\"]}]},{\"@type\":\"ImageObject\",\"inLanguage\":\"de\",\"@id\":\"https:\\\/\\\/www.breeze-technologies.de\\\/de\\\/academy\\\/kostenlose-strategie-beratung-umweltdaten-staedte\\\/#primaryimage\",\"url\":\"https:\\\/\\\/www.breeze-technologies.de\\\/wp-content\\\/uploads\\\/2022\\\/07\\\/breeze-technologies-olpenitz-145-small.jpg\",\"contentUrl\":\"https:\\\/\\\/www.breeze-technologies.de\\\/wp-content\\\/uploads\\\/2022\\\/07\\\/breeze-technologies-olpenitz-145-small.jpg\",\"width\":2500,\"height\":1667,\"caption\":\"The team of Breeze Technologies\"},{\"@type\":\"BreadcrumbList\",\"@id\":\"https:\\\/\\\/www.breeze-technologies.de\\\/de\\\/academy\\\/kostenlose-strategie-beratung-umweltdaten-staedte\\\/#breadcrumb\",\"itemListElement\":[{\"@type\":\"ListItem\",\"position\":1,\"name\":\"Home\",\"item\":\"https:\\\/\\\/www.breeze-technologies.de\\\/de\\\/home\\\/\"},{\"@type\":\"ListItem\",\"position\":2,\"name\":\"Academy &#8211; Luftqualit\u00e4ts-Wissensdatenbank\",\"item\":\"https:\\\/\\\/www.breeze-technologies.de\\\/de\\\/academy\\\/\"},{\"@type\":\"ListItem\",\"position\":3,\"name\":\"Kostenlose Strategieberatung zu Umweltdaten f\u00fcr St\u00e4dte\"}]},{\"@type\":\"WebSite\",\"@id\":\"https:\\\/\\\/www.breeze-technologies.de\\\/de\\\/#website\",\"url\":\"https:\\\/\\\/www.breeze-technologies.de\\\/de\\\/\",\"name\":\"Breeze Technologies\",\"description\":\"Environmental Sensor Solutions\",\"publisher\":{\"@id\":\"https:\\\/\\\/www.breeze-technologies.de\\\/de\\\/#organization\"},\"potentialAction\":[{\"@type\":\"SearchAction\",\"target\":{\"@type\":\"EntryPoint\",\"urlTemplate\":\"https:\\\/\\\/www.breeze-technologies.de\\\/de\\\/?s={search_term_string}\"},\"query-input\":{\"@type\":\"PropertyValueSpecification\",\"valueRequired\":true,\"valueName\":\"search_term_string\"}}],\"inLanguage\":\"de\"},{\"@type\":\"Organization\",\"@id\":\"https:\\\/\\\/www.breeze-technologies.de\\\/de\\\/#organization\",\"name\":\"Breeze Technologies\",\"url\":\"https:\\\/\\\/www.breeze-technologies.de\\\/de\\\/\",\"logo\":{\"@type\":\"ImageObject\",\"inLanguage\":\"de\",\"@id\":\"https:\\\/\\\/www.breeze-technologies.de\\\/de\\\/#\\\/schema\\\/logo\\\/image\\\/\",\"url\":\"https:\\\/\\\/www.breeze-technologies.de\\\/wp-content\\\/uploads\\\/2017\\\/12\\\/Breeze-Logo-Normal-Web.png\",\"contentUrl\":\"https:\\\/\\\/www.breeze-technologies.de\\\/wp-content\\\/uploads\\\/2017\\\/12\\\/Breeze-Logo-Normal-Web.png\",\"width\":2932,\"height\":976,\"caption\":\"Breeze Technologies\"},\"image\":{\"@id\":\"https:\\\/\\\/www.breeze-technologies.de\\\/de\\\/#\\\/schema\\\/logo\\\/image\\\/\"},\"sameAs\":[\"https:\\\/\\\/www.facebook.com\\\/breezetechnologies\\\/\",\"https:\\\/\\\/x.com\\\/projectbreeze\",\"https:\\\/\\\/instagram.com\\\/breezetechnologies\\\/\",\"https:\\\/\\\/www.linkedin.com\\\/company\\\/breeze-technologies\",\"https:\\\/\\\/www.youtube.com\\\/channel\\\/UCqRNWyXf5yexIRTzLvY9Zqw\"]}]}<\/script>","yoast_head_json":{"title":"Kostenlose Strategieberatung zu Umweltdaten f\u00fcr St\u00e4dte - Breeze Technologies","robots":{"index":"index","follow":"follow","max-snippet":"max-snippet:-1","max-image-preview":"max-image-preview:large","max-video-preview":"max-video-preview:-1"},"canonical":"https:\/\/www.breeze-technologies.de\/de\/academy\/kostenlose-strategie-beratung-umweltdaten-staedte\/","og_locale":"de_DE","og_type":"article","og_title":"Kostenlose Strategieberatung zu Umweltdaten f\u00fcr St\u00e4dte - Breeze Technologies","og_url":"https:\/\/www.breeze-technologies.de\/de\/academy\/kostenlose-strategie-beratung-umweltdaten-staedte\/","og_site_name":"Breeze Technologies","article_publisher":"https:\/\/www.facebook.com\/breezetechnologies\/","article_modified_time":"2026-04-22T19:46:11+00:00","og_image":[{"width":1620,"height":1080,"url":"https:\/\/www.breeze-technologies.de\/wp-content\/uploads\/2022\/07\/breeze-technologies-olpenitz-145-small-1620x1080.jpg","type":"image\/jpeg"}],"twitter_card":"summary_large_image","twitter_site":"@projectbreeze","twitter_misc":{"Gesch\u00e4tzte Lesezeit":"1\u00a0Minute"},"schema":{"@context":"https:\/\/schema.org","@graph":[{"@type":"WebPage","@id":"https:\/\/www.breeze-technologies.de\/de\/academy\/kostenlose-strategie-beratung-umweltdaten-staedte\/","url":"https:\/\/www.breeze-technologies.de\/de\/academy\/kostenlose-strategie-beratung-umweltdaten-staedte\/","name":"Kostenlose Strategieberatung zu Umweltdaten f\u00fcr St\u00e4dte - Breeze Technologies","isPartOf":{"@id":"https:\/\/www.breeze-technologies.de\/de\/#website"},"primaryImageOfPage":{"@id":"https:\/\/www.breeze-technologies.de\/de\/academy\/kostenlose-strategie-beratung-umweltdaten-staedte\/#primaryimage"},"image":{"@id":"https:\/\/www.breeze-technologies.de\/de\/academy\/kostenlose-strategie-beratung-umweltdaten-staedte\/#primaryimage"},"thumbnailUrl":"https:\/\/www.breeze-technologies.de\/wp-content\/uploads\/2022\/07\/breeze-technologies-olpenitz-145-small.jpg","datePublished":"2026-04-22T18:39:34+00:00","dateModified":"2026-04-22T19:46:11+00:00","breadcrumb":{"@id":"https:\/\/www.breeze-technologies.de\/de\/academy\/kostenlose-strategie-beratung-umweltdaten-staedte\/#breadcrumb"},"inLanguage":"de","potentialAction":[{"@type":"ReadAction","target":["https:\/\/www.breeze-technologies.de\/de\/academy\/kostenlose-strategie-beratung-umweltdaten-staedte\/"]}]},{"@type":"ImageObject","inLanguage":"de","@id":"https:\/\/www.breeze-technologies.de\/de\/academy\/kostenlose-strategie-beratung-umweltdaten-staedte\/#primaryimage","url":"https:\/\/www.breeze-technologies.de\/wp-content\/uploads\/2022\/07\/breeze-technologies-olpenitz-145-small.jpg","contentUrl":"https:\/\/www.breeze-technologies.de\/wp-content\/uploads\/2022\/07\/breeze-technologies-olpenitz-145-small.jpg","width":2500,"height":1667,"caption":"The team of Breeze Technologies"},{"@type":"BreadcrumbList","@id":"https:\/\/www.breeze-technologies.de\/de\/academy\/kostenlose-strategie-beratung-umweltdaten-staedte\/#breadcrumb","itemListElement":[{"@type":"ListItem","position":1,"name":"Home","item":"https:\/\/www.breeze-technologies.de\/de\/home\/"},{"@type":"ListItem","position":2,"name":"Academy &#8211; Luftqualit\u00e4ts-Wissensdatenbank","item":"https:\/\/www.breeze-technologies.de\/de\/academy\/"},{"@type":"ListItem","position":3,"name":"Kostenlose Strategieberatung zu Umweltdaten f\u00fcr St\u00e4dte"}]},{"@type":"WebSite","@id":"https:\/\/www.breeze-technologies.de\/de\/#website","url":"https:\/\/www.breeze-technologies.de\/de\/","name":"Breeze Technologies","description":"Environmental Sensor Solutions","publisher":{"@id":"https:\/\/www.breeze-technologies.de\/de\/#organization"},"potentialAction":[{"@type":"SearchAction","target":{"@type":"EntryPoint","urlTemplate":"https:\/\/www.breeze-technologies.de\/de\/?s={search_term_string}"},"query-input":{"@type":"PropertyValueSpecification","valueRequired":true,"valueName":"search_term_string"}}],"inLanguage":"de"},{"@type":"Organization","@id":"https:\/\/www.breeze-technologies.de\/de\/#organization","name":"Breeze Technologies","url":"https:\/\/www.breeze-technologies.de\/de\/","logo":{"@type":"ImageObject","inLanguage":"de","@id":"https:\/\/www.breeze-technologies.de\/de\/#\/schema\/logo\/image\/","url":"https:\/\/www.breeze-technologies.de\/wp-content\/uploads\/2017\/12\/Breeze-Logo-Normal-Web.png","contentUrl":"https:\/\/www.breeze-technologies.de\/wp-content\/uploads\/2017\/12\/Breeze-Logo-Normal-Web.png","width":2932,"height":976,"caption":"Breeze Technologies"},"image":{"@id":"https:\/\/www.breeze-technologies.de\/de\/#\/schema\/logo\/image\/"},"sameAs":["https:\/\/www.facebook.com\/breezetechnologies\/","https:\/\/x.com\/projectbreeze","https:\/\/instagram.com\/breezetechnologies\/","https:\/\/www.linkedin.com\/company\/breeze-technologies","https:\/\/www.youtube.com\/channel\/UCqRNWyXf5yexIRTzLvY9Zqw"]}]}},"jetpack_sharing_enabled":true,"_links":{"self":[{"href":"https:\/\/www.breeze-technologies.de\/de\/wp-json\/wp\/v2\/pages\/9708","targetHints":{"allow":["GET"]}}],"collection":[{"href":"https:\/\/www.breeze-technologies.de\/de\/wp-json\/wp\/v2\/pages"}],"about":[{"href":"https:\/\/www.breeze-technologies.de\/de\/wp-json\/wp\/v2\/types\/page"}],"author":[{"embeddable":true,"href":"https:\/\/www.breeze-technologies.de\/de\/wp-json\/wp\/v2\/users\/4"}],"replies":[{"embeddable":true,"href":"https:\/\/www.breeze-technologies.de\/de\/wp-json\/wp\/v2\/comments?post=9708"}],"version-history":[{"count":6,"href":"https:\/\/www.breeze-technologies.de\/de\/wp-json\/wp\/v2\/pages\/9708\/revisions"}],"predecessor-version":[{"id":9720,"href":"https:\/\/www.breeze-technologies.de\/de\/wp-json\/wp\/v2\/pages\/9708\/revisions\/9720"}],"up":[{"embeddable":true,"href":"https:\/\/www.breeze-technologies.de\/de\/wp-json\/wp\/v2\/pages\/6543"}],"wp:featuredmedia":[{"embeddable":true,"href":"https:\/\/www.breeze-technologies.de\/de\/wp-json\/wp\/v2\/media\/8046"}],"wp:attachment":[{"href":"https:\/\/www.breeze-technologies.de\/de\/wp-json\/wp\/v2\/media?parent=9708"}],"curies":[{"name":"wp","href":"https:\/\/api.w.org\/{rel}","templated":true}]}}