{"id":8943,"date":"2025-09-15T09:00:47","date_gmt":"2025-09-15T07:00:47","guid":{"rendered":"https:\/\/www.breeze-technologies.de\/?page_id=8943"},"modified":"2025-09-15T11:37:42","modified_gmt":"2025-09-15T09:37:42","slug":"werkstudium-projektmanagement-smart-cities","status":"publish","type":"page","link":"https:\/\/www.breeze-technologies.de\/de\/karriere\/werkstudium-projektmanagement-smart-cities\/","title":{"rendered":"Werkstudium (m\/w\/d) Projektmanagement: Smart Cities"},"content":{"rendered":"\n<style type=\"text\/css\" data-created_by=\"avia_inline_auto\" id=\"style-css-av-g0pu26-b35ea19f460bc4915689e9233058e8a5\">\n.flex_column.av-g0pu26-b35ea19f460bc4915689e9233058e8a5{\nborder-radius:0px 0px 0px 0px;\npadding:0px 0px 0px 0px;\n}\n<\/style>\n<div  class='flex_column av-g0pu26-b35ea19f460bc4915689e9233058e8a5 av_one_full  avia-builder-el-0  el_before_av_one_full  avia-builder-el-first  first flex_column_div av-zero-column-padding  '     ><style type=\"text\/css\" data-created_by=\"avia_inline_auto\" id=\"style-css-av-kird5e6b-d191b6882351d433b99359aa90ad2f4a\">\n#top .av-special-heading.av-kird5e6b-d191b6882351d433b99359aa90ad2f4a{\npadding-bottom:10px;\ncolor:#2fc3ff;\n}\nbody .av-special-heading.av-kird5e6b-d191b6882351d433b99359aa90ad2f4a .av-special-heading-tag .heading-char{\nfont-size:25px;\n}\n.av-special-heading.av-kird5e6b-d191b6882351d433b99359aa90ad2f4a .special-heading-inner-border{\nborder-color:#2fc3ff;\n}\n.av-special-heading.av-kird5e6b-d191b6882351d433b99359aa90ad2f4a .av-subheading{\nfont-size:15px;\n}\n<\/style>\n<div  class='av-special-heading av-kird5e6b-d191b6882351d433b99359aa90ad2f4a av-special-heading-h2 custom-color-heading blockquote modern-quote  avia-builder-el-1  avia-builder-el-no-sibling '><h2 class='av-special-heading-tag '  itemprop=\"headline\"  >Werkstudium (m\/w\/d) Projektmanagement: Smart Cities<\/h2><div class=\"special-heading-border\"><div class=\"special-heading-inner-border\"><\/div><\/div><\/div><\/div>\n\n<style type=\"text\/css\" data-created_by=\"avia_inline_auto\" id=\"style-css-av-djybha-13e9071781d21ca3bd05678cb71fab35\">\n.flex_column.av-djybha-13e9071781d21ca3bd05678cb71fab35{\nborder-radius:0px 0px 0px 0px;\npadding:0px 0px 0px 0px;\n}\n<\/style>\n<div  class='flex_column av-djybha-13e9071781d21ca3bd05678cb71fab35 av_one_full  avia-builder-el-2  el_after_av_one_full  el_before_av_one_full  first flex_column_div av-zero-column-padding  column-top-margin'     ><p>\n<style type=\"text\/css\" data-created_by=\"avia_inline_auto\" id=\"style-css-av-9jb2ua-af3989896c3f29942c4fe863171a5917\">\n#top .av-special-heading.av-9jb2ua-af3989896c3f29942c4fe863171a5917{\nmargin:0 0 1px 0;\npadding-bottom:0;\n}\nbody .av-special-heading.av-9jb2ua-af3989896c3f29942c4fe863171a5917 .av-special-heading-tag .heading-char{\nfont-size:25px;\n}\n.av-special-heading.av-9jb2ua-af3989896c3f29942c4fe863171a5917 .av-subheading{\nfont-size:15px;\n}\n<\/style>\n<div  class='av-special-heading av-9jb2ua-af3989896c3f29942c4fe863171a5917 av-special-heading-h5 blockquote modern-quote  avia-builder-el-3  el_before_av_textblock  avia-builder-el-first '><h5 class='av-special-heading-tag '  itemprop=\"headline\"  >WORUM GEHT\u2019S<\/h5><div class=\"special-heading-border\"><div class=\"special-heading-inner-border\"><\/div><\/div><\/div><br \/>\n<section  class='av_textblock_section av-kikcknwq-674df8630504f4a60a5ca6a508f24e18 '   itemscope=\"itemscope\" itemtype=\"https:\/\/schema.org\/CreativeWork\" ><div class='avia_textblock'  itemprop=\"text\" ><p>Unser Team braucht deine Unterst\u00fctzung! Wir suchen\u00a0eine*n <strong>Werkstudent*in\u00a0 (10-20 Stunden pro Woche) im Bereich Projektmanagement Smart Cities<\/strong> f\u00fcr eine langfristige Position. Ein Start ist ab sofort m\u00f6glich.<\/p>\n<p>Als Teil unseres Teams bist du daf\u00fcr verantwortlich, Kontakt zu unseren Kunden zu halten und sie in der Verwendung unserer L\u00f6sungen und dem Erreichen ihrer individuellen Ziele zu unterst\u00fctzen. Damit tr\u00e4gst du aktiv dazu bei<\/p>\n<ul>\n<li>die Digitalisierung der \u00f6ffentlichen Verwaltung in Deutschland voranzutreiben,<\/li>\n<li>mehr Transparenz \u00fcber Luftverschmutzung f\u00fcr die Bev\u00f6lkerung unserer Kundenst\u00e4dte zu schaffen<\/li>\n<li>und St\u00e4dte in der Verbesserung der Luftqualit\u00e4t zu unterst\u00fctzen.<\/li>\n<\/ul>\n<p>Schau Dir gerne die detaillierte Beschreibung im Text unten an und bewirb Dich anschlie\u00dfend via E-Mail!<\/p>\n<\/div><\/section><\/p><\/div>\n\n<style type=\"text\/css\" data-created_by=\"avia_inline_auto\" id=\"style-css-av-g4ake-30b1d573d905de13c2ca46076e8305ca\">\n.flex_column.av-g4ake-30b1d573d905de13c2ca46076e8305ca{\nborder-radius:0px 0px 0px 0px;\npadding:0px 0px 0px 0px;\n}\n<\/style>\n<div  class='flex_column av-g4ake-30b1d573d905de13c2ca46076e8305ca av_one_full  avia-builder-el-5  el_after_av_one_full  el_before_av_one_full  first flex_column_div av-zero-column-padding  column-top-margin'     ><p>\n<style type=\"text\/css\" data-created_by=\"avia_inline_auto\" id=\"style-css-av-3wfmgi-28198eda45c8b0d63a0610ab592889a7\">\n#top .av-special-heading.av-3wfmgi-28198eda45c8b0d63a0610ab592889a7{\nmargin:0 0 1% 0;\npadding-bottom:10px;\n}\nbody .av-special-heading.av-3wfmgi-28198eda45c8b0d63a0610ab592889a7 .av-special-heading-tag .heading-char{\nfont-size:25px;\n}\n.av-special-heading.av-3wfmgi-28198eda45c8b0d63a0610ab592889a7 .av-subheading{\nfont-size:15px;\n}\n<\/style>\n<div  class='av-special-heading av-3wfmgi-28198eda45c8b0d63a0610ab592889a7 av-special-heading-h5 blockquote modern-quote  avia-builder-el-6  el_before_av_textblock  avia-builder-el-first '><h5 class='av-special-heading-tag '  itemprop=\"headline\"  >WAS WIR DIR BIETEN<\/h5><div class=\"special-heading-border\"><div class=\"special-heading-inner-border\"><\/div><\/div><\/div><br \/>\n<section  class='av_textblock_section av-khqf42ft-f7462c7bdd52d475d3ddc4a8ce7d541e '   itemscope=\"itemscope\" itemtype=\"https:\/\/schema.org\/CreativeWork\" ><div class='avia_textblock'  itemprop=\"text\" ><ul style=\"list-style-type: circle;\">\n<li>Flexible Arbeitszeit f\u00fcr die Vereinbarkeit von Uni, Beruf und Privatleben<\/li>\n<li>Flexibler Arbeitsort (100% Remote m\u00f6glich)<\/li>\n<li>Kostenlose Getr\u00e4nke in unserem Hamburger Office<\/li>\n<li class=\"li1\">Die Chance, ein tolles\u00a0Produkt in einem der innovativsten Startups Hamburgs aktiv mitzugestalten<\/li>\n<li class=\"li1\">Viel Raum f\u00fcr eigene Ideen<\/li>\n<li class=\"li1\">Verantwortung und Impact von Tag eins an<\/li>\n<li>Ein tolles, dynamisches Team<\/li>\n<li>Die M\u00f6glichkeit, an der Spitze der Technologieentwicklung zu sitzen und an spannenden Projekten mitzuwirken<\/li>\n<li class=\"li1\">\u00dcbernahme nach deinem Studium in Voll- oder Teilzeit<\/li>\n<\/ul>\n<\/div><\/section><\/p><\/div>\n<style type=\"text\/css\" data-created_by=\"avia_inline_auto\" id=\"style-css-av-a8c4by-a46034e783c3f9c3667e4fda19501578\">\n.flex_column.av-a8c4by-a46034e783c3f9c3667e4fda19501578{\nborder-radius:0px 0px 0px 0px;\npadding:0px 0px 0px 0px;\n}\n<\/style>\n<div  class='flex_column av-a8c4by-a46034e783c3f9c3667e4fda19501578 av_one_full  avia-builder-el-8  el_after_av_one_full  el_before_av_one_full  first flex_column_div av-zero-column-padding  column-top-margin'     ><p>\n<style type=\"text\/css\" data-created_by=\"avia_inline_auto\" id=\"style-css-av-6ved02-820edbb5cd0172bb7cb99d8c159dc074\">\n#top .av-special-heading.av-6ved02-820edbb5cd0172bb7cb99d8c159dc074{\nmargin:0 0 1px 0;\npadding-bottom:10px;\n}\nbody .av-special-heading.av-6ved02-820edbb5cd0172bb7cb99d8c159dc074 .av-special-heading-tag .heading-char{\nfont-size:25px;\n}\n.av-special-heading.av-6ved02-820edbb5cd0172bb7cb99d8c159dc074 .av-subheading{\nfont-size:15px;\n}\n<\/style>\n<div  class='av-special-heading av-6ved02-820edbb5cd0172bb7cb99d8c159dc074 av-special-heading-h5 blockquote modern-quote  avia-builder-el-9  el_before_av_textblock  avia-builder-el-first '><h5 class='av-special-heading-tag '  itemprop=\"headline\"  >DEINE AUFGABEN<\/h5><div class=\"special-heading-border\"><div class=\"special-heading-inner-border\"><\/div><\/div><\/div><br \/>\n<section  class='av_textblock_section av-kikcknwq-4-3b7dbcaadd9b89473657cefc474a108c '   itemscope=\"itemscope\" itemtype=\"https:\/\/schema.org\/CreativeWork\" ><div class='avia_textblock'  itemprop=\"text\" ><ul style=\"list-style-type: circle;\">\n<li>Du h\u00e4ltst regelm\u00e4\u00dfigen Kontakt zu unseren Kunden und dienst als erster Ansprechpartner bei Fragen und Problemen, die du dann intern bei uns an die richtige Kontaktperson weiterleitest<\/li>\n<li>Du sammelst wertvolles Kundenfeedback und organisierst regelm\u00e4\u00dfige Statusbesprechungen<\/li>\n<li>Du koordinierst interne Prozesse bei Breeze Technologies und unterst\u00fctzt so die Auftragsabwicklung<\/li>\n<li>Wenn gerade mal weniger bei unseren Kunden los ist, unterst\u00fctzt du unser Team bei der Erstellung von Projektreferenzen auf Basis der von dir gemanagten Projekte<\/li>\n<li>Du vertrittst uns auch mal auf Messen und Veranstaltungen in Deutschland (dein Interesse vorausgesetzt)<\/li>\n<\/ul>\n<\/div><\/section><\/p><\/div>\n<style type=\"text\/css\" data-created_by=\"avia_inline_auto\" id=\"style-css-av-88061q-947f96a9c07d6ffbe2b96773a4ec2612\">\n.flex_column.av-88061q-947f96a9c07d6ffbe2b96773a4ec2612{\nborder-radius:0px 0px 0px 0px;\npadding:0px 0px 0px 0px;\n}\n<\/style>\n<div  class='flex_column av-88061q-947f96a9c07d6ffbe2b96773a4ec2612 av_one_full  avia-builder-el-11  el_after_av_one_full  el_before_av_one_full  first flex_column_div av-zero-column-padding  column-top-margin'     ><p>\n<style type=\"text\/css\" data-created_by=\"avia_inline_auto\" id=\"style-css-av-5kaz1u-ab70b5c7115771709a9f527a61d9491c\">\n#top .av-special-heading.av-5kaz1u-ab70b5c7115771709a9f527a61d9491c{\nmargin:0 0 1px 0;\npadding-bottom:10px;\n}\nbody .av-special-heading.av-5kaz1u-ab70b5c7115771709a9f527a61d9491c .av-special-heading-tag .heading-char{\nfont-size:25px;\n}\n.av-special-heading.av-5kaz1u-ab70b5c7115771709a9f527a61d9491c .av-subheading{\nfont-size:15px;\n}\n<\/style>\n<div  class='av-special-heading av-5kaz1u-ab70b5c7115771709a9f527a61d9491c av-special-heading-h5 blockquote modern-quote  avia-builder-el-12  el_before_av_textblock  avia-builder-el-first '><h5 class='av-special-heading-tag '  itemprop=\"headline\"  >WAS WIR ERWARTEN<\/h5><div class=\"special-heading-border\"><div class=\"special-heading-inner-border\"><\/div><\/div><\/div><br \/>\n<section  class='av_textblock_section av-kikcknwq-1-385c6531a16345994b438325e04c2169 '   itemscope=\"itemscope\" itemtype=\"https:\/\/schema.org\/CreativeWork\" ><div class='avia_textblock'  itemprop=\"text\" ><ul style=\"list-style-type: circle;\">\n<li>Erste Erfahrungen im Umgang mit Kunden, idealerweise im Gesch\u00e4ftskundenbereich<\/li>\n<li>Flie\u00dfende Deutsch- und Englischkenntnisse (C1) sind f\u00fcr die Kommunikation mit unseren nationalen und internationalen Kunden<\/li>\n<li>Immatrikulation in einem universit\u00e4ren Studiengang (idealerweise in Betriebswirtschaft, Marketing, o.\u00e4.); Dein Studium dauert idealerweise noch mindestens 1,5 bis 2 Jahre<\/li>\n<li>Idealerweise erste Erfahrungen und\/oder Kenntnisse in der Technologiebranche<\/li>\n<li>Gute Kommunikations- und Pr\u00e4sentationsf\u00e4higkeiten<br \/>\n<span style=\"color: #ffffff;\">&#8212;<\/span><\/li>\n<li class=\"li1\">Wir w\u00fcrden uns freuen, wenn du &#8211; wie wir &#8211; ein gesteigertes Bewusstsein f\u00fcr die Themen Umwelt und Umweltschutz hast;<\/li>\n<li class=\"li1\">Sowie eine hohe Eigendynamik und proaktive Arbeitsweise sch\u00e4tzt und pflegst;<\/li>\n<li class=\"li1\">Und ein positiver Spirit geh\u00f6rt f\u00fcr uns auch dazu!<\/li>\n<\/ul>\n<\/div><\/section><\/p><\/div><\/p>\n\n<style type=\"text\/css\" data-created_by=\"avia_inline_auto\" id=\"style-css-av-g4ake-3-19696279fba06e80abc8bce3cd673d39\">\n.flex_column.av-g4ake-3-19696279fba06e80abc8bce3cd673d39{\nborder-radius:0px 0px 0px 0px;\npadding:0px 0px 0px 0px;\n}\n<\/style>\n<div  class='flex_column av-g4ake-3-19696279fba06e80abc8bce3cd673d39 av_one_full  avia-builder-el-14  el_after_av_one_full  el_before_av_button  first flex_column_div av-zero-column-padding  column-top-margin'     ><p>\n<style type=\"text\/css\" data-created_by=\"avia_inline_auto\" id=\"style-css-av-2dqbea-70b3dd7c34f2129981b4deb84fcf456a\">\n#top .av-special-heading.av-2dqbea-70b3dd7c34f2129981b4deb84fcf456a{\nmargin:0 0 1px 0;\npadding-bottom:10px;\ncolor:#2fc3ff;\n}\nbody .av-special-heading.av-2dqbea-70b3dd7c34f2129981b4deb84fcf456a .av-special-heading-tag .heading-char{\nfont-size:25px;\n}\n.av-special-heading.av-2dqbea-70b3dd7c34f2129981b4deb84fcf456a .special-heading-inner-border{\nborder-color:#2fc3ff;\n}\n.av-special-heading.av-2dqbea-70b3dd7c34f2129981b4deb84fcf456a .av-subheading{\nfont-size:15px;\n}\n<\/style>\n<div  class='av-special-heading av-2dqbea-70b3dd7c34f2129981b4deb84fcf456a av-special-heading-h5 custom-color-heading blockquote modern-quote  avia-builder-el-15  el_before_av_textblock  avia-builder-el-first '><h5 class='av-special-heading-tag '  itemprop=\"headline\"  >WIR FREUEN UNS AUF DEINE BEWERBUNG<\/h5><div class=\"special-heading-border\"><div class=\"special-heading-inner-border\"><\/div><\/div><\/div><br \/>\n<section  class='av_textblock_section av-khqf42ft-2-3916feae11e1c13d64b64a0918b970b5 '   itemscope=\"itemscope\" itemtype=\"https:\/\/schema.org\/CreativeWork\" ><div class='avia_textblock'  itemprop=\"text\" ><p>Bei Breeze streben wir stets nach einer saubereren Umwelt und einem besseren Morgen. Das ist es, was uns jeden Tag motiviert. Denkst du, Breeze ist das Richtige f\u00fcr dich? Dann <strong>bewirb dich<\/strong> jetzt \u00fcber den unten stehenden Button und schicke uns eine Mail.<\/p>\n<p>F\u00fcge bitte Deinen Lebenslauf und ein Anschreiben an; und sende uns Arbeitsproben. Gib wenn m\u00f6glich auch Deinen fr\u00fchstm\u00f6glichen Eintrittstermin an.<\/p>\n<\/div><\/section><\/p><\/div>\n<div  class='avia-button-wrap av-kh4ytiut-aaa666c1e55c953e3fb708378d3daa1f-wrap avia-button-center  avia-builder-el-17  el_after_av_one_full  el_before_av_codeblock '><a href='mailto:career@breeze-technologies.de'  class='avia-button av-kh4ytiut-aaa666c1e55c953e3fb708378d3daa1f av-link-btn avia-icon_select-yes-left-icon avia-size-small avia-position-center av-icon-on-hover avia-color-theme-color'  target=\"_blank\"  rel=\"noopener noreferrer\"  aria-label=\"Bewirb Dich Jetzt!\"><span class='avia_button_icon avia_button_icon_left avia-iconfont avia-font-entypo-fontello' data-av_icon='\ue805' data-av_iconfont='entypo-fontello' ><\/span><span class='avia_iconbox_title' >Bewirb Dich Jetzt!<\/span><\/a><\/div>\n\n<\/div><\/div><\/div><!-- close content main div --><\/div><\/div>\n<style type=\"text\/css\" data-created_by=\"avia_inline_auto\" id=\"style-css-av-4ner26-8f61ce0ae07e7b30ee94796a1cfd20fb\">\n.avia-section.av-4ner26-8f61ce0ae07e7b30ee94796a1cfd20fb .av-parallax .av-parallax-inner{\nbackground-repeat:no-repeat;\nbackground-image:url(https:\/\/www.breeze-technologies.de\/wp-content\/uploads\/2022\/07\/breeze-technologies-olpenitz-016-small-810x540.jpg);\nbackground-position:50% 0%;\nbackground-attachment:scroll;\n}\n.avia-section.av-4ner26-8f61ce0ae07e7b30ee94796a1cfd20fb .av-section-color-overlay{\nopacity:0.5;\nbackground-color:#113c63;\n}\n<\/style>\n<div id='top'  class='avia-section av-4ner26-8f61ce0ae07e7b30ee94796a1cfd20fb main_color avia-section-default avia-no-border-styling  avia-builder-el-19  el_after_av_codeblock  avia-builder-el-last  avia-full-stretch av-parallax-section avia-bg-style-parallax av-section-color-overlay-active av-minimum-height av-minimum-height-100 av-height-100  container_wrap fullsize'  data-section-bg-repeat='stretch' data-av_minimum_height_pc='100' data-av_min_height_opt='100'><div class='av-parallax' data-avia-parallax-ratio='0.3' ><div class='av-parallax-inner main_color avia-full-stretch'><\/div><\/div><div class=\"av-section-color-overlay-wrap\"><div class=\"av-section-color-overlay\"><\/div><a href='#next-section' title='' class='scroll-down-link  avia-svg-icon avia-font-svg_entypo-fontello' data-av_svg_icon='down-open-mini' data-av_iconset='svg_entypo-fontello'><svg version=\"1.1\" xmlns=\"http:\/\/www.w3.org\/2000\/svg\" width=\"15\" height=\"32\" viewBox=\"0 0 15 32\" preserveAspectRatio=\"xMidYMid meet\" aria-labelledby='av-svg-title-1' aria-describedby='av-svg-desc-1' role=\"graphics-symbol\" aria-hidden=\"true\">\n<title id='av-svg-title-1'>Scroll to next section<\/title>\n<desc id='av-svg-desc-1'>Scroll to next section<\/desc>\n<path d=\"M12.96 12.16q0.704-0.832 1.536 0 0.832 0.704 0 1.536l-6.272 6.144q-0.704 0.704-1.536 0l-6.272-6.144q-0.832-0.832 0-1.536 0.768-0.768 1.6 0l5.44 4.992z\"><\/path>\n<\/svg><\/a><div class='container av-section-cont-open' ><div class='template-page content  av-content-full alpha units'><div class='post-entry post-entry-type-page post-entry-8943'><div class='entry-content-wrapper clearfix'>\n\n<style type=\"text\/css\" data-created_by=\"avia_inline_auto\" id=\"style-css-av-kikf38de-2e8bedd7f39f4615f46b2046b21199b4\">\n#top .av-special-heading.av-kikf38de-2e8bedd7f39f4615f46b2046b21199b4{\npadding-bottom:10px;\ncolor:#ffffff;\n}\nbody .av-special-heading.av-kikf38de-2e8bedd7f39f4615f46b2046b21199b4 .av-special-heading-tag .heading-char{\nfont-size:25px;\n}\n.av-special-heading.av-kikf38de-2e8bedd7f39f4615f46b2046b21199b4 .special-heading-inner-border{\nborder-color:#ffffff;\n}\n.av-special-heading.av-kikf38de-2e8bedd7f39f4615f46b2046b21199b4 .av-subheading{\nfont-size:15px;\n}\n<\/style>\n<div  class='av-special-heading av-kikf38de-2e8bedd7f39f4615f46b2046b21199b4 av-special-heading-h2 custom-color-heading blockquote modern-quote modern-centered  avia-builder-el-20  avia-builder-el-no-sibling  av-linked-heading'><h2 class='av-special-heading-tag '  itemprop=\"headline\"  >WILLKOMMEN BEI BREEZE TECHNOLOGIES<\/h2><div class=\"special-heading-border\"><div class=\"special-heading-inner-border\"><\/div><\/div><\/div>\n\n","protected":false},"excerpt":{"rendered":"","protected":false},"author":4,"featured_media":0,"parent":5275,"menu_order":8,"comment_status":"closed","ping_status":"closed","template":"","meta":{"_exactmetrics_skip_tracking":false,"_exactmetrics_sitenote_active":false,"_exactmetrics_sitenote_note":"","_exactmetrics_sitenote_category":0,"footnotes":""},"class_list":["post-8943","page","type-page","status-publish","hentry"],"yoast_head":"<title>Werkstudium (m\/w\/d) Projektmanagement: Smart Cities - Breeze Technologies<\/title>\n<meta name=\"robots\" content=\"index, follow, max-snippet:-1, max-image-preview:large, max-video-preview:-1\" \/>\n<link rel=\"canonical\" href=\"https:\/\/www.breeze-technologies.de\/de\/karriere\/werkstudium-projektmanagement-smart-cities\/\" \/>\n<meta property=\"og:locale\" content=\"de_DE\" \/>\n<meta property=\"og:type\" content=\"article\" \/>\n<meta property=\"og:title\" content=\"Werkstudium (m\/w\/d) Projektmanagement: Smart Cities - Breeze Technologies\" \/>\n<meta property=\"og:url\" content=\"https:\/\/www.breeze-technologies.de\/de\/karriere\/werkstudium-projektmanagement-smart-cities\/\" \/>\n<meta property=\"og:site_name\" content=\"Breeze Technologies\" \/>\n<meta property=\"article:publisher\" content=\"https:\/\/www.facebook.com\/breezetechnologies\/\" \/>\n<meta property=\"article:modified_time\" content=\"2025-09-15T09:37:42+00:00\" \/>\n<meta name=\"twitter:card\" content=\"summary_large_image\" \/>\n<meta name=\"twitter:site\" content=\"@projectbreeze\" \/>\n<meta name=\"twitter:label1\" content=\"Gesch\u00e4tzte Lesezeit\" \/>\n\t<meta name=\"twitter:data1\" content=\"3\u00a0Minuten\" \/>\n<script type=\"application\/ld+json\" class=\"yoast-schema-graph\">{\"@context\":\"https:\/\/schema.org\",\"@graph\":[{\"@type\":\"WebPage\",\"@id\":\"https:\/\/www.breeze-technologies.de\/de\/karriere\/werkstudium-projektmanagement-smart-cities\/\",\"url\":\"https:\/\/www.breeze-technologies.de\/de\/karriere\/werkstudium-projektmanagement-smart-cities\/\",\"name\":\"Werkstudium (m\/w\/d) Projektmanagement: Smart Cities - Breeze Technologies\",\"isPartOf\":{\"@id\":\"https:\/\/www.breeze-technologies.de\/de\/#website\"},\"datePublished\":\"2025-09-15T07:00:47+00:00\",\"dateModified\":\"2025-09-15T09:37:42+00:00\",\"breadcrumb\":{\"@id\":\"https:\/\/www.breeze-technologies.de\/de\/karriere\/werkstudium-projektmanagement-smart-cities\/#breadcrumb\"},\"inLanguage\":\"de\",\"potentialAction\":[{\"@type\":\"ReadAction\",\"target\":[\"https:\/\/www.breeze-technologies.de\/de\/karriere\/werkstudium-projektmanagement-smart-cities\/\"]}]},{\"@type\":\"BreadcrumbList\",\"@id\":\"https:\/\/www.breeze-technologies.de\/de\/karriere\/werkstudium-projektmanagement-smart-cities\/#breadcrumb\",\"itemListElement\":[{\"@type\":\"ListItem\",\"position\":1,\"name\":\"Home\",\"item\":\"https:\/\/www.breeze-technologies.de\/de\/home\/\"},{\"@type\":\"ListItem\",\"position\":2,\"name\":\"Karriere\",\"item\":\"https:\/\/www.breeze-technologies.de\/de\/karriere\/\"},{\"@type\":\"ListItem\",\"position\":3,\"name\":\"Werkstudium (m\/w\/d) Projektmanagement: Smart Cities\"}]},{\"@type\":\"WebSite\",\"@id\":\"https:\/\/www.breeze-technologies.de\/de\/#website\",\"url\":\"https:\/\/www.breeze-technologies.de\/de\/\",\"name\":\"Breeze Technologies\",\"description\":\"Environmental Sensor Solutions\",\"publisher\":{\"@id\":\"https:\/\/www.breeze-technologies.de\/de\/#organization\"},\"potentialAction\":[{\"@type\":\"SearchAction\",\"target\":{\"@type\":\"EntryPoint\",\"urlTemplate\":\"https:\/\/www.breeze-technologies.de\/de\/?s={search_term_string}\"},\"query-input\":{\"@type\":\"PropertyValueSpecification\",\"valueRequired\":true,\"valueName\":\"search_term_string\"}}],\"inLanguage\":\"de\"},{\"@type\":\"Organization\",\"@id\":\"https:\/\/www.breeze-technologies.de\/de\/#organization\",\"name\":\"Breeze Technologies\",\"url\":\"https:\/\/www.breeze-technologies.de\/de\/\",\"logo\":{\"@type\":\"ImageObject\",\"inLanguage\":\"de\",\"@id\":\"https:\/\/www.breeze-technologies.de\/de\/#\/schema\/logo\/image\/\",\"url\":\"https:\/\/www.breeze-technologies.de\/wp-content\/uploads\/2017\/12\/Breeze-Logo-Normal-Web.png\",\"contentUrl\":\"https:\/\/www.breeze-technologies.de\/wp-content\/uploads\/2017\/12\/Breeze-Logo-Normal-Web.png\",\"width\":2932,\"height\":976,\"caption\":\"Breeze Technologies\"},\"image\":{\"@id\":\"https:\/\/www.breeze-technologies.de\/de\/#\/schema\/logo\/image\/\"},\"sameAs\":[\"https:\/\/www.facebook.com\/breezetechnologies\/\",\"https:\/\/x.com\/projectbreeze\",\"https:\/\/instagram.com\/breezetechnologies\/\",\"https:\/\/www.linkedin.com\/company\/breeze-technologies\",\"https:\/\/www.youtube.com\/channel\/UCqRNWyXf5yexIRTzLvY9Zqw\"]}]}<\/script>","yoast_head_json":{"title":"Werkstudium (m\/w\/d) Projektmanagement: Smart Cities - Breeze Technologies","robots":{"index":"index","follow":"follow","max-snippet":"max-snippet:-1","max-image-preview":"max-image-preview:large","max-video-preview":"max-video-preview:-1"},"canonical":"https:\/\/www.breeze-technologies.de\/de\/karriere\/werkstudium-projektmanagement-smart-cities\/","og_locale":"de_DE","og_type":"article","og_title":"Werkstudium (m\/w\/d) Projektmanagement: Smart Cities - Breeze Technologies","og_url":"https:\/\/www.breeze-technologies.de\/de\/karriere\/werkstudium-projektmanagement-smart-cities\/","og_site_name":"Breeze Technologies","article_publisher":"https:\/\/www.facebook.com\/breezetechnologies\/","article_modified_time":"2025-09-15T09:37:42+00:00","twitter_card":"summary_large_image","twitter_site":"@projectbreeze","twitter_misc":{"Gesch\u00e4tzte Lesezeit":"3\u00a0Minuten"},"schema":{"@context":"https:\/\/schema.org","@graph":[{"@type":"WebPage","@id":"https:\/\/www.breeze-technologies.de\/de\/karriere\/werkstudium-projektmanagement-smart-cities\/","url":"https:\/\/www.breeze-technologies.de\/de\/karriere\/werkstudium-projektmanagement-smart-cities\/","name":"Werkstudium (m\/w\/d) Projektmanagement: Smart Cities - Breeze Technologies","isPartOf":{"@id":"https:\/\/www.breeze-technologies.de\/de\/#website"},"datePublished":"2025-09-15T07:00:47+00:00","dateModified":"2025-09-15T09:37:42+00:00","breadcrumb":{"@id":"https:\/\/www.breeze-technologies.de\/de\/karriere\/werkstudium-projektmanagement-smart-cities\/#breadcrumb"},"inLanguage":"de","potentialAction":[{"@type":"ReadAction","target":["https:\/\/www.breeze-technologies.de\/de\/karriere\/werkstudium-projektmanagement-smart-cities\/"]}]},{"@type":"BreadcrumbList","@id":"https:\/\/www.breeze-technologies.de\/de\/karriere\/werkstudium-projektmanagement-smart-cities\/#breadcrumb","itemListElement":[{"@type":"ListItem","position":1,"name":"Home","item":"https:\/\/www.breeze-technologies.de\/de\/home\/"},{"@type":"ListItem","position":2,"name":"Karriere","item":"https:\/\/www.breeze-technologies.de\/de\/karriere\/"},{"@type":"ListItem","position":3,"name":"Werkstudium (m\/w\/d) Projektmanagement: Smart Cities"}]},{"@type":"WebSite","@id":"https:\/\/www.breeze-technologies.de\/de\/#website","url":"https:\/\/www.breeze-technologies.de\/de\/","name":"Breeze Technologies","description":"Environmental Sensor Solutions","publisher":{"@id":"https:\/\/www.breeze-technologies.de\/de\/#organization"},"potentialAction":[{"@type":"SearchAction","target":{"@type":"EntryPoint","urlTemplate":"https:\/\/www.breeze-technologies.de\/de\/?s={search_term_string}"},"query-input":{"@type":"PropertyValueSpecification","valueRequired":true,"valueName":"search_term_string"}}],"inLanguage":"de"},{"@type":"Organization","@id":"https:\/\/www.breeze-technologies.de\/de\/#organization","name":"Breeze Technologies","url":"https:\/\/www.breeze-technologies.de\/de\/","logo":{"@type":"ImageObject","inLanguage":"de","@id":"https:\/\/www.breeze-technologies.de\/de\/#\/schema\/logo\/image\/","url":"https:\/\/www.breeze-technologies.de\/wp-content\/uploads\/2017\/12\/Breeze-Logo-Normal-Web.png","contentUrl":"https:\/\/www.breeze-technologies.de\/wp-content\/uploads\/2017\/12\/Breeze-Logo-Normal-Web.png","width":2932,"height":976,"caption":"Breeze Technologies"},"image":{"@id":"https:\/\/www.breeze-technologies.de\/de\/#\/schema\/logo\/image\/"},"sameAs":["https:\/\/www.facebook.com\/breezetechnologies\/","https:\/\/x.com\/projectbreeze","https:\/\/instagram.com\/breezetechnologies\/","https:\/\/www.linkedin.com\/company\/breeze-technologies","https:\/\/www.youtube.com\/channel\/UCqRNWyXf5yexIRTzLvY9Zqw"]}]}},"jetpack_sharing_enabled":true,"_links":{"self":[{"href":"https:\/\/www.breeze-technologies.de\/de\/wp-json\/wp\/v2\/pages\/8943","targetHints":{"allow":["GET"]}}],"collection":[{"href":"https:\/\/www.breeze-technologies.de\/de\/wp-json\/wp\/v2\/pages"}],"about":[{"href":"https:\/\/www.breeze-technologies.de\/de\/wp-json\/wp\/v2\/types\/page"}],"author":[{"embeddable":true,"href":"https:\/\/www.breeze-technologies.de\/de\/wp-json\/wp\/v2\/users\/4"}],"replies":[{"embeddable":true,"href":"https:\/\/www.breeze-technologies.de\/de\/wp-json\/wp\/v2\/comments?post=8943"}],"version-history":[{"count":4,"href":"https:\/\/www.breeze-technologies.de\/de\/wp-json\/wp\/v2\/pages\/8943\/revisions"}],"predecessor-version":[{"id":9376,"href":"https:\/\/www.breeze-technologies.de\/de\/wp-json\/wp\/v2\/pages\/8943\/revisions\/9376"}],"up":[{"embeddable":true,"href":"https:\/\/www.breeze-technologies.de\/de\/wp-json\/wp\/v2\/pages\/5275"}],"wp:attachment":[{"href":"https:\/\/www.breeze-technologies.de\/de\/wp-json\/wp\/v2\/media?parent=8943"}],"curies":[{"name":"wp","href":"https:\/\/api.w.org\/{rel}","templated":true}]}}