{"id":8862,"date":"2024-02-14T13:28:36","date_gmt":"2024-02-14T12:28:36","guid":{"rendered":"https:\/\/www.breeze-technologies.de\/?page_id=8862"},"modified":"2024-02-14T13:28:36","modified_gmt":"2024-02-14T12:28:36","slug":"kundenreferenz-ruem-hart-stiftung-luftqualitaetsmessung-unterrichtsmaterial-hamburger-schulen","status":"publish","type":"page","link":"https:\/\/www.breeze-technologies.de\/de\/projekte-und-referenzen\/kundenreferenz-ruem-hart-stiftung-luftqualitaetsmessung-unterrichtsmaterial-hamburger-schulen\/","title":{"rendered":"Kundenreferenz: R\u00fcm Hart-Stiftung &#8211; Luftqualit\u00e4tsmessung und Unterrichtsmaterial f\u00fcr 5 Hamburger Schulen"},"content":{"rendered":"\n<style type=\"text\/css\" data-created_by=\"avia_inline_auto\" id=\"style-css-av-7tnedj-1d2e2a377fe6e6b95dee2df26eb87699\">\n.flex_column.av-7tnedj-1d2e2a377fe6e6b95dee2df26eb87699{\nborder-radius:0px 0px 0px 0px;\npadding:0px 0px 0px 0px;\n}\n<\/style>\n<div  class='flex_column av-7tnedj-1d2e2a377fe6e6b95dee2df26eb87699 av_one_full  avia-builder-el-0  el_before_av_one_full  avia-builder-el-first  first flex_column_div av-zero-column-padding  '     ><style type=\"text\/css\" data-created_by=\"avia_inline_auto\" id=\"style-css-av-kacik5ib-0bb58129fa9ff8f07cbd8d85f6cc8f35\">\n.avia-image-container.av-kacik5ib-0bb58129fa9ff8f07cbd8d85f6cc8f35 img.avia_image{\nbox-shadow:none;\n}\n.avia-image-container.av-kacik5ib-0bb58129fa9ff8f07cbd8d85f6cc8f35 .av-image-caption-overlay-center{\ncolor:#ffffff;\n}\n<\/style>\n<div  class='avia-image-container av-kacik5ib-0bb58129fa9ff8f07cbd8d85f6cc8f35 av-styling- avia-align-center  avia-builder-el-1  avia-builder-el-no-sibling '   itemprop=\"image\" itemscope=\"itemscope\" itemtype=\"https:\/\/schema.org\/ImageObject\" ><div class=\"avia-image-container-inner\"><div class=\"avia-image-overlay-wrap\"><img decoding=\"async\" fetchpriority=\"high\" class='wp-image-8865 avia-img-lazy-loading-not-8865 avia_image ' src=\"https:\/\/www.breeze-technologies.de\/wp-content\/uploads\/2024\/02\/Kundenreferenz-Ru\u0308m-Hart-Stiftung.png\" alt='Kundenreferenz - Ru\u0308m Hart Stiftung' title='Kundenreferenz - Ru\u0308m Hart Stiftung'  height=\"420\" width=\"940\"  itemprop=\"thumbnailUrl\" srcset=\"https:\/\/www.breeze-technologies.de\/wp-content\/uploads\/2024\/02\/Kundenreferenz-Ru\u0308m-Hart-Stiftung.png 940w, https:\/\/www.breeze-technologies.de\/wp-content\/uploads\/2024\/02\/Kundenreferenz-Ru\u0308m-Hart-Stiftung-768x343.png 768w, https:\/\/www.breeze-technologies.de\/wp-content\/uploads\/2024\/02\/Kundenreferenz-Ru\u0308m-Hart-Stiftung-705x315.png 705w\" sizes=\"(max-width: 940px) 100vw, 940px\" \/><\/div><\/div><\/div><\/div>\n<style type=\"text\/css\" data-created_by=\"avia_inline_auto\" id=\"style-css-av-5c4nuv-28568590ddf4fdf4fd32c19876cb0b85\">\n.flex_column.av-5c4nuv-28568590ddf4fdf4fd32c19876cb0b85{\nborder-radius:0px 0px 0px 0px;\npadding:0px 0px 0px 0px;\n}\n<\/style>\n<div  class='flex_column av-5c4nuv-28568590ddf4fdf4fd32c19876cb0b85 av_one_full  avia-builder-el-2  el_after_av_one_full  el_before_av_one_third  first flex_column_div av-zero-column-padding  column-top-margin'     ><style type=\"text\/css\" data-created_by=\"avia_inline_auto\" id=\"style-css-av-kgrtdsix-84087299625614b902e4ddf8a5ab2596\">\n#top .av-special-heading.av-kgrtdsix-84087299625614b902e4ddf8a5ab2596{\npadding-bottom:10px;\n}\nbody .av-special-heading.av-kgrtdsix-84087299625614b902e4ddf8a5ab2596 .av-special-heading-tag .heading-char{\nfont-size:25px;\n}\n.av-special-heading.av-kgrtdsix-84087299625614b902e4ddf8a5ab2596 .av-subheading{\nfont-size:15px;\n}\n<\/style>\n<div  class='av-special-heading av-kgrtdsix-84087299625614b902e4ddf8a5ab2596 av-special-heading-h2 blockquote modern-quote modern-centered  avia-builder-el-3  avia-builder-el-no-sibling  av-linked-heading'><h2 class='av-special-heading-tag '  itemprop=\"headline\"  >Kundenreferenz: R\u00fcm-Hart-Stiftung &#8211; Luftqualit\u00e4tsmessung und Unterrichtsmaterial f\u00fcr 5 Hamburger Schulen<\/h2><div class=\"special-heading-border\"><div class=\"special-heading-inner-border\"><\/div><\/div><\/div><\/div>\n<style type=\"text\/css\" data-created_by=\"avia_inline_auto\" id=\"style-css-av-3zjwlz-f9bb8356e1ecddeb9770c90084fd87df\">\n.flex_column.av-3zjwlz-f9bb8356e1ecddeb9770c90084fd87df{\nborder-radius:0px 0px 0px 0px;\npadding:0px 0px 0px 0px;\n}\n<\/style>\n<div  class='flex_column av-3zjwlz-f9bb8356e1ecddeb9770c90084fd87df av_one_third  avia-builder-el-4  el_after_av_one_full  el_before_av_two_third  first flex_column_div av-zero-column-padding  column-top-margin'     ><section  class='av_textblock_section av-kaci6gzn-eb07296d0c0462f92d071839a009fdba '   itemscope=\"itemscope\" itemtype=\"https:\/\/schema.org\/CreativeWork\" ><div class='avia_textblock'  itemprop=\"text\" ><h5>Kunde:<\/h5>\n<p>R\u00fcm Hart-Stiftung<\/p>\n<h5>Sektor:<\/h5>\n<p>NGO \/ Stiftungen<\/p>\n<h5>Projektdauer:<\/h5>\n<p>1 Jahr<\/p>\n<h5>Projekttyp:<\/h5>\n<p>Gemeinn\u00fctziges Luftmessnetz<\/p>\n<h5>Herausforderung:<\/h5>\n<p>Luftqualit\u00e4tsmessungen an 5 Hamburger Schulen und Bereitstellung von Unterrichtsmaterial zum Thema Luftqualit\u00e4t f\u00fcr die Schulklassen<\/p>\n<h5>Ergebnis:<\/h5>\n<p><span style=\"font-weight: 400;\">Erh\u00f6hung des Umweltbewusstseins der Sch\u00fclerinnen und Sch\u00fcler der beteiligten Schulen, \u00f6ffentliche Bereitstellung der gesammelten Daten im Rahmen eines Kurzberichts<\/span><\/p>\n<\/div><\/section><\/div>\n<style type=\"text\/css\" data-created_by=\"avia_inline_auto\" id=\"style-css-av-2j4osn-22b3d89cabc9b097b42018461eecddfe\">\n.flex_column.av-2j4osn-22b3d89cabc9b097b42018461eecddfe{\nborder-radius:0px 0px 0px 0px;\npadding:0px 0px 0px 0px;\n}\n<\/style>\n<div  class='flex_column av-2j4osn-22b3d89cabc9b097b42018461eecddfe av_two_third  avia-builder-el-6  el_after_av_one_third  avia-builder-el-last  flex_column_div av-zero-column-padding  column-top-margin'     ><section  class='av_textblock_section av-kacie6vz-d329ca8050723ce9a1ab6fc6d72343fd '   itemscope=\"itemscope\" itemtype=\"https:\/\/schema.org\/CreativeWork\" ><div class='avia_textblock'  itemprop=\"text\" ><h4>PROJEKTKONTEXT<\/h4>\n<p>Einmal tief durchatmen \u2013 drau\u00dfen frische Luft schnappen, das tut gut. Aber was atmen wir da eigentlich ein?<\/p>\n<p>Jeden Tag atmen wir \u2013 meist unbewusst \u2013 ungef\u00e4hr 20.000 Mal ein und aus. Dennoch verschmutzen wir die Luft jeden Tag, egal ob mit industriellen Anlagen, Verbrennungsmotoren oder Kaminen. Obwohl die um uns herum Luft lebenswichtig ist, wissen wir nur wenig \u00fcber sie. Wir k\u00f6nnen sie nicht sehen und nicht anfassen.<\/p>\n<p>Was, wenn wir besser verstehen w\u00fcrden, was um uns herum passiert? Wie ist die Luftqualit\u00e4t an unserem Wohnort und was kann man tun, um sie zu verbessern?<\/p>\n<p>Die R\u00fcm Hart-Stiftung hat 5 Hamburger Schulen mit Luftqualit\u00e4tssensoren von Breeze Technologies ausgestattet. Die Teilnahme am Projekt war f\u00fcr die Schulen kostenlos und wurde von der Hamburger Klimaschutzstiftung und dem Hamburger Klimafonds unterst\u00fctzt.<\/p>\n<div class='avia-iframe-wrap'><iframe title=\"Saubere Luft?! Das neue Projekt der R\u00fcm Hart - Stiftung\" width=\"1500\" height=\"844\" data-src=\"https:\/\/www.youtube.com\/embed\/doSUXtrY4ro?feature=oembed\" frameborder=\"0\" allow=\"accelerometer; autoplay; clipboard-write; encrypted-media; gyroscope; picture-in-picture; web-share\" referrerpolicy=\"strict-origin-when-cross-origin\" allowfullscreen src=\"data:image\/svg+xml;base64,PHN2ZyB3aWR0aD0iMSIgaGVpZ2h0PSIxIiB4bWxucz0iaHR0cDovL3d3dy53My5vcmcvMjAwMC9zdmciPjwvc3ZnPg==\" class=\"lazyload\" data-load-mode=\"1\"><\/iframe><\/div>\n<h4>PROJEKTZIELE<\/h4>\n<p>Die auf dem Schulgel\u00e4nde erhobenen Daten sollen in den Unterricht einflie\u00dfen und zur Erh\u00f6hung des Umweltbewusstseins der Sch\u00fclerinnen und Sch\u00fcler beitragen. Daneben soll \u00fcber das Projekt auch mehr Transparenz \u00fcber die Luftbelastung um Hamburger Schulen geschaffen werden.<\/p>\n<h4>PROJEKTERGEBNISSE<\/h4>\n<p>Nach einer Beewerbungsphase wurden 5 Schulen mit Luftqualit\u00e4tssensoren ausgestattet. Die gesammelten Luftqualit\u00e4tsdaten wurden den Lehrkr\u00e4ften und den Sch\u00fclerinnen und Sch\u00fclern zur eigenen Auswertung \u00fcber die Software von Breeze Technologies zur Verf\u00fcgung gestellt. Breeze Technologies unterst\u00fctzte das Vorhaben durch die Bereitstellung von Informations- und Unterrichtsmaterialien zum Thema Smog und Luftverschmutzung.<\/p>\n<p>Die gesammelten Messdaten wurden auch im Rahmen eines Kurzberichts ver\u00f6ffentlicht.<\/p>\n<h4>PUBLIKATIONEN<\/h4>\n<p><a href=\"https:\/\/xn--stiftung-rm-hart-szb.de\/because-its-our-only-planet\/saubere-luft\">Projektseite auf der Website der R\u00fcm Hart-Stiftung<\/a><\/p>\n<\/div><\/section><\/div><\/p>\n","protected":false},"excerpt":{"rendered":"","protected":false},"author":4,"featured_media":8865,"parent":3686,"menu_order":3,"comment_status":"closed","ping_status":"closed","template":"","meta":{"_exactmetrics_skip_tracking":false,"_exactmetrics_sitenote_active":false,"_exactmetrics_sitenote_note":"","_exactmetrics_sitenote_category":0,"footnotes":""},"class_list":["post-8862","page","type-page","status-publish","has-post-thumbnail","hentry"],"yoast_head":"<title>Kundenreferenz: R\u00fcm Hart-Stiftung - Luftqualit\u00e4tsmessung und Unterrichtsmaterial f\u00fcr 5 Hamburger Schulen - Breeze Technologies<\/title>\n<meta name=\"robots\" content=\"index, follow, max-snippet:-1, max-image-preview:large, max-video-preview:-1\" \/>\n<link rel=\"canonical\" href=\"https:\/\/www.breeze-technologies.de\/de\/projekte-und-referenzen\/kundenreferenz-ruem-hart-stiftung-luftqualitaetsmessung-unterrichtsmaterial-hamburger-schulen\/\" \/>\n<meta property=\"og:locale\" content=\"de_DE\" \/>\n<meta property=\"og:type\" content=\"article\" \/>\n<meta property=\"og:title\" content=\"Kundenreferenz: R\u00fcm Hart-Stiftung - Luftqualit\u00e4tsmessung und Unterrichtsmaterial f\u00fcr 5 Hamburger Schulen - Breeze Technologies\" \/>\n<meta property=\"og:url\" content=\"https:\/\/www.breeze-technologies.de\/de\/projekte-und-referenzen\/kundenreferenz-ruem-hart-stiftung-luftqualitaetsmessung-unterrichtsmaterial-hamburger-schulen\/\" \/>\n<meta property=\"og:site_name\" content=\"Breeze Technologies\" \/>\n<meta property=\"article:publisher\" content=\"https:\/\/www.facebook.com\/breezetechnologies\/\" \/>\n<meta property=\"og:image\" content=\"https:\/\/www.breeze-technologies.de\/wp-content\/uploads\/2024\/02\/Kundenreferenz-Ru\u0308m-Hart-Stiftung.png\" \/>\n\t<meta property=\"og:image:width\" content=\"940\" \/>\n\t<meta property=\"og:image:height\" content=\"420\" \/>\n\t<meta property=\"og:image:type\" content=\"image\/png\" \/>\n<meta name=\"twitter:card\" content=\"summary_large_image\" \/>\n<meta name=\"twitter:site\" content=\"@projectbreeze\" \/>\n<meta name=\"twitter:label1\" content=\"Gesch\u00e4tzte Lesezeit\" \/>\n\t<meta name=\"twitter:data1\" content=\"2\u00a0Minuten\" \/>\n<script type=\"application\/ld+json\" class=\"yoast-schema-graph\">{\"@context\":\"https:\/\/schema.org\",\"@graph\":[{\"@type\":\"WebPage\",\"@id\":\"https:\/\/www.breeze-technologies.de\/de\/projekte-und-referenzen\/kundenreferenz-ruem-hart-stiftung-luftqualitaetsmessung-unterrichtsmaterial-hamburger-schulen\/\",\"url\":\"https:\/\/www.breeze-technologies.de\/de\/projekte-und-referenzen\/kundenreferenz-ruem-hart-stiftung-luftqualitaetsmessung-unterrichtsmaterial-hamburger-schulen\/\",\"name\":\"Kundenreferenz: R\u00fcm Hart-Stiftung - Luftqualit\u00e4tsmessung und Unterrichtsmaterial f\u00fcr 5 Hamburger Schulen - Breeze Technologies\",\"isPartOf\":{\"@id\":\"https:\/\/www.breeze-technologies.de\/de\/#website\"},\"primaryImageOfPage\":{\"@id\":\"https:\/\/www.breeze-technologies.de\/de\/projekte-und-referenzen\/kundenreferenz-ruem-hart-stiftung-luftqualitaetsmessung-unterrichtsmaterial-hamburger-schulen\/#primaryimage\"},\"image\":{\"@id\":\"https:\/\/www.breeze-technologies.de\/de\/projekte-und-referenzen\/kundenreferenz-ruem-hart-stiftung-luftqualitaetsmessung-unterrichtsmaterial-hamburger-schulen\/#primaryimage\"},\"thumbnailUrl\":\"https:\/\/www.breeze-technologies.de\/wp-content\/uploads\/2024\/02\/Kundenreferenz-Ru\u0308m-Hart-Stiftung.png\",\"datePublished\":\"2024-02-14T12:28:36+00:00\",\"breadcrumb\":{\"@id\":\"https:\/\/www.breeze-technologies.de\/de\/projekte-und-referenzen\/kundenreferenz-ruem-hart-stiftung-luftqualitaetsmessung-unterrichtsmaterial-hamburger-schulen\/#breadcrumb\"},\"inLanguage\":\"de\",\"potentialAction\":[{\"@type\":\"ReadAction\",\"target\":[\"https:\/\/www.breeze-technologies.de\/de\/projekte-und-referenzen\/kundenreferenz-ruem-hart-stiftung-luftqualitaetsmessung-unterrichtsmaterial-hamburger-schulen\/\"]}]},{\"@type\":\"ImageObject\",\"inLanguage\":\"de\",\"@id\":\"https:\/\/www.breeze-technologies.de\/de\/projekte-und-referenzen\/kundenreferenz-ruem-hart-stiftung-luftqualitaetsmessung-unterrichtsmaterial-hamburger-schulen\/#primaryimage\",\"url\":\"https:\/\/www.breeze-technologies.de\/wp-content\/uploads\/2024\/02\/Kundenreferenz-Ru\u0308m-Hart-Stiftung.png\",\"contentUrl\":\"https:\/\/www.breeze-technologies.de\/wp-content\/uploads\/2024\/02\/Kundenreferenz-Ru\u0308m-Hart-Stiftung.png\",\"width\":940,\"height\":420,\"caption\":\"Kundenreferenz - Ru\u0308m Hart Stiftung\"},{\"@type\":\"BreadcrumbList\",\"@id\":\"https:\/\/www.breeze-technologies.de\/de\/projekte-und-referenzen\/kundenreferenz-ruem-hart-stiftung-luftqualitaetsmessung-unterrichtsmaterial-hamburger-schulen\/#breadcrumb\",\"itemListElement\":[{\"@type\":\"ListItem\",\"position\":1,\"name\":\"Home\",\"item\":\"https:\/\/www.breeze-technologies.de\/de\/home\/\"},{\"@type\":\"ListItem\",\"position\":2,\"name\":\"Projekte und Kundenreferenzen\",\"item\":\"https:\/\/www.breeze-technologies.de\/de\/projekte-und-referenzen\/\"},{\"@type\":\"ListItem\",\"position\":3,\"name\":\"Kundenreferenz: R\u00fcm Hart-Stiftung &#8211; Luftqualit\u00e4tsmessung und Unterrichtsmaterial f\u00fcr 5 Hamburger Schulen\"}]},{\"@type\":\"WebSite\",\"@id\":\"https:\/\/www.breeze-technologies.de\/de\/#website\",\"url\":\"https:\/\/www.breeze-technologies.de\/de\/\",\"name\":\"Breeze Technologies\",\"description\":\"Environmental Sensor Solutions\",\"publisher\":{\"@id\":\"https:\/\/www.breeze-technologies.de\/de\/#organization\"},\"potentialAction\":[{\"@type\":\"SearchAction\",\"target\":{\"@type\":\"EntryPoint\",\"urlTemplate\":\"https:\/\/www.breeze-technologies.de\/de\/?s={search_term_string}\"},\"query-input\":{\"@type\":\"PropertyValueSpecification\",\"valueRequired\":true,\"valueName\":\"search_term_string\"}}],\"inLanguage\":\"de\"},{\"@type\":\"Organization\",\"@id\":\"https:\/\/www.breeze-technologies.de\/de\/#organization\",\"name\":\"Breeze Technologies\",\"url\":\"https:\/\/www.breeze-technologies.de\/de\/\",\"logo\":{\"@type\":\"ImageObject\",\"inLanguage\":\"de\",\"@id\":\"https:\/\/www.breeze-technologies.de\/de\/#\/schema\/logo\/image\/\",\"url\":\"https:\/\/www.breeze-technologies.de\/wp-content\/uploads\/2017\/12\/Breeze-Logo-Normal-Web.png\",\"contentUrl\":\"https:\/\/www.breeze-technologies.de\/wp-content\/uploads\/2017\/12\/Breeze-Logo-Normal-Web.png\",\"width\":2932,\"height\":976,\"caption\":\"Breeze Technologies\"},\"image\":{\"@id\":\"https:\/\/www.breeze-technologies.de\/de\/#\/schema\/logo\/image\/\"},\"sameAs\":[\"https:\/\/www.facebook.com\/breezetechnologies\/\",\"https:\/\/x.com\/projectbreeze\",\"https:\/\/instagram.com\/breezetechnologies\/\",\"https:\/\/www.linkedin.com\/company\/breeze-technologies\",\"https:\/\/www.youtube.com\/channel\/UCqRNWyXf5yexIRTzLvY9Zqw\"]}]}<\/script>","yoast_head_json":{"title":"Kundenreferenz: R\u00fcm Hart-Stiftung - Luftqualit\u00e4tsmessung und Unterrichtsmaterial f\u00fcr 5 Hamburger Schulen - Breeze Technologies","robots":{"index":"index","follow":"follow","max-snippet":"max-snippet:-1","max-image-preview":"max-image-preview:large","max-video-preview":"max-video-preview:-1"},"canonical":"https:\/\/www.breeze-technologies.de\/de\/projekte-und-referenzen\/kundenreferenz-ruem-hart-stiftung-luftqualitaetsmessung-unterrichtsmaterial-hamburger-schulen\/","og_locale":"de_DE","og_type":"article","og_title":"Kundenreferenz: R\u00fcm Hart-Stiftung - Luftqualit\u00e4tsmessung und Unterrichtsmaterial f\u00fcr 5 Hamburger Schulen - Breeze Technologies","og_url":"https:\/\/www.breeze-technologies.de\/de\/projekte-und-referenzen\/kundenreferenz-ruem-hart-stiftung-luftqualitaetsmessung-unterrichtsmaterial-hamburger-schulen\/","og_site_name":"Breeze Technologies","article_publisher":"https:\/\/www.facebook.com\/breezetechnologies\/","og_image":[{"width":940,"height":420,"url":"https:\/\/www.breeze-technologies.de\/wp-content\/uploads\/2024\/02\/Kundenreferenz-Ru\u0308m-Hart-Stiftung.png","type":"image\/png"}],"twitter_card":"summary_large_image","twitter_site":"@projectbreeze","twitter_misc":{"Gesch\u00e4tzte Lesezeit":"2\u00a0Minuten"},"schema":{"@context":"https:\/\/schema.org","@graph":[{"@type":"WebPage","@id":"https:\/\/www.breeze-technologies.de\/de\/projekte-und-referenzen\/kundenreferenz-ruem-hart-stiftung-luftqualitaetsmessung-unterrichtsmaterial-hamburger-schulen\/","url":"https:\/\/www.breeze-technologies.de\/de\/projekte-und-referenzen\/kundenreferenz-ruem-hart-stiftung-luftqualitaetsmessung-unterrichtsmaterial-hamburger-schulen\/","name":"Kundenreferenz: R\u00fcm Hart-Stiftung - Luftqualit\u00e4tsmessung und Unterrichtsmaterial f\u00fcr 5 Hamburger Schulen - Breeze Technologies","isPartOf":{"@id":"https:\/\/www.breeze-technologies.de\/de\/#website"},"primaryImageOfPage":{"@id":"https:\/\/www.breeze-technologies.de\/de\/projekte-und-referenzen\/kundenreferenz-ruem-hart-stiftung-luftqualitaetsmessung-unterrichtsmaterial-hamburger-schulen\/#primaryimage"},"image":{"@id":"https:\/\/www.breeze-technologies.de\/de\/projekte-und-referenzen\/kundenreferenz-ruem-hart-stiftung-luftqualitaetsmessung-unterrichtsmaterial-hamburger-schulen\/#primaryimage"},"thumbnailUrl":"https:\/\/www.breeze-technologies.de\/wp-content\/uploads\/2024\/02\/Kundenreferenz-Ru\u0308m-Hart-Stiftung.png","datePublished":"2024-02-14T12:28:36+00:00","breadcrumb":{"@id":"https:\/\/www.breeze-technologies.de\/de\/projekte-und-referenzen\/kundenreferenz-ruem-hart-stiftung-luftqualitaetsmessung-unterrichtsmaterial-hamburger-schulen\/#breadcrumb"},"inLanguage":"de","potentialAction":[{"@type":"ReadAction","target":["https:\/\/www.breeze-technologies.de\/de\/projekte-und-referenzen\/kundenreferenz-ruem-hart-stiftung-luftqualitaetsmessung-unterrichtsmaterial-hamburger-schulen\/"]}]},{"@type":"ImageObject","inLanguage":"de","@id":"https:\/\/www.breeze-technologies.de\/de\/projekte-und-referenzen\/kundenreferenz-ruem-hart-stiftung-luftqualitaetsmessung-unterrichtsmaterial-hamburger-schulen\/#primaryimage","url":"https:\/\/www.breeze-technologies.de\/wp-content\/uploads\/2024\/02\/Kundenreferenz-Ru\u0308m-Hart-Stiftung.png","contentUrl":"https:\/\/www.breeze-technologies.de\/wp-content\/uploads\/2024\/02\/Kundenreferenz-Ru\u0308m-Hart-Stiftung.png","width":940,"height":420,"caption":"Kundenreferenz - Ru\u0308m Hart Stiftung"},{"@type":"BreadcrumbList","@id":"https:\/\/www.breeze-technologies.de\/de\/projekte-und-referenzen\/kundenreferenz-ruem-hart-stiftung-luftqualitaetsmessung-unterrichtsmaterial-hamburger-schulen\/#breadcrumb","itemListElement":[{"@type":"ListItem","position":1,"name":"Home","item":"https:\/\/www.breeze-technologies.de\/de\/home\/"},{"@type":"ListItem","position":2,"name":"Projekte und Kundenreferenzen","item":"https:\/\/www.breeze-technologies.de\/de\/projekte-und-referenzen\/"},{"@type":"ListItem","position":3,"name":"Kundenreferenz: R\u00fcm Hart-Stiftung &#8211; Luftqualit\u00e4tsmessung und Unterrichtsmaterial f\u00fcr 5 Hamburger Schulen"}]},{"@type":"WebSite","@id":"https:\/\/www.breeze-technologies.de\/de\/#website","url":"https:\/\/www.breeze-technologies.de\/de\/","name":"Breeze Technologies","description":"Environmental Sensor Solutions","publisher":{"@id":"https:\/\/www.breeze-technologies.de\/de\/#organization"},"potentialAction":[{"@type":"SearchAction","target":{"@type":"EntryPoint","urlTemplate":"https:\/\/www.breeze-technologies.de\/de\/?s={search_term_string}"},"query-input":{"@type":"PropertyValueSpecification","valueRequired":true,"valueName":"search_term_string"}}],"inLanguage":"de"},{"@type":"Organization","@id":"https:\/\/www.breeze-technologies.de\/de\/#organization","name":"Breeze Technologies","url":"https:\/\/www.breeze-technologies.de\/de\/","logo":{"@type":"ImageObject","inLanguage":"de","@id":"https:\/\/www.breeze-technologies.de\/de\/#\/schema\/logo\/image\/","url":"https:\/\/www.breeze-technologies.de\/wp-content\/uploads\/2017\/12\/Breeze-Logo-Normal-Web.png","contentUrl":"https:\/\/www.breeze-technologies.de\/wp-content\/uploads\/2017\/12\/Breeze-Logo-Normal-Web.png","width":2932,"height":976,"caption":"Breeze Technologies"},"image":{"@id":"https:\/\/www.breeze-technologies.de\/de\/#\/schema\/logo\/image\/"},"sameAs":["https:\/\/www.facebook.com\/breezetechnologies\/","https:\/\/x.com\/projectbreeze","https:\/\/instagram.com\/breezetechnologies\/","https:\/\/www.linkedin.com\/company\/breeze-technologies","https:\/\/www.youtube.com\/channel\/UCqRNWyXf5yexIRTzLvY9Zqw"]}]}},"jetpack_sharing_enabled":true,"_links":{"self":[{"href":"https:\/\/www.breeze-technologies.de\/de\/wp-json\/wp\/v2\/pages\/8862","targetHints":{"allow":["GET"]}}],"collection":[{"href":"https:\/\/www.breeze-technologies.de\/de\/wp-json\/wp\/v2\/pages"}],"about":[{"href":"https:\/\/www.breeze-technologies.de\/de\/wp-json\/wp\/v2\/types\/page"}],"author":[{"embeddable":true,"href":"https:\/\/www.breeze-technologies.de\/de\/wp-json\/wp\/v2\/users\/4"}],"replies":[{"embeddable":true,"href":"https:\/\/www.breeze-technologies.de\/de\/wp-json\/wp\/v2\/comments?post=8862"}],"version-history":[{"count":3,"href":"https:\/\/www.breeze-technologies.de\/de\/wp-json\/wp\/v2\/pages\/8862\/revisions"}],"predecessor-version":[{"id":8870,"href":"https:\/\/www.breeze-technologies.de\/de\/wp-json\/wp\/v2\/pages\/8862\/revisions\/8870"}],"up":[{"embeddable":true,"href":"https:\/\/www.breeze-technologies.de\/de\/wp-json\/wp\/v2\/pages\/3686"}],"wp:featuredmedia":[{"embeddable":true,"href":"https:\/\/www.breeze-technologies.de\/de\/wp-json\/wp\/v2\/media\/8865"}],"wp:attachment":[{"href":"https:\/\/www.breeze-technologies.de\/de\/wp-json\/wp\/v2\/media?parent=8862"}],"curies":[{"name":"wp","href":"https:\/\/api.w.org\/{rel}","templated":true}]}}