{"id":7511,"date":"2022-01-05T17:56:29","date_gmt":"2022-01-05T16:56:29","guid":{"rendered":"https:\/\/www.breeze-technologies.de\/?page_id=7511"},"modified":"2023-06-19T21:42:47","modified_gmt":"2023-06-19T19:42:47","slug":"luftdatennet","status":"publish","type":"page","link":"https:\/\/www.breeze-technologies.de\/de\/projekte-und-referenzen\/luftdatennet\/","title":{"rendered":"Forschungsprojekt: LuftDatenNet"},"content":{"rendered":"\n<style type=\"text\/css\" data-created_by=\"avia_inline_auto\" id=\"style-css-av-9ws37g-73eee4d6dc7e5fdb7dea381fc006b51c\">\n.flex_column.av-9ws37g-73eee4d6dc7e5fdb7dea381fc006b51c{\nborder-radius:0px 0px 0px 0px;\npadding:0px 0px 0px 0px;\n}\n<\/style>\n<div  class='flex_column av-9ws37g-73eee4d6dc7e5fdb7dea381fc006b51c av_one_full  avia-builder-el-0  el_before_av_one_full  avia-builder-el-first  first flex_column_div av-zero-column-padding  '     ><style type=\"text\/css\" data-created_by=\"avia_inline_auto\" id=\"style-css-av-kacj3lnp-75d05c8231b7d30ec171acc5e740de37\">\n.avia-image-container.av-kacj3lnp-75d05c8231b7d30ec171acc5e740de37 img.avia_image{\nbox-shadow:none;\n}\n.avia-image-container.av-kacj3lnp-75d05c8231b7d30ec171acc5e740de37 .av-image-caption-overlay-center{\ncolor:#ffffff;\n}\n<\/style>\n<div  class='avia-image-container av-kacj3lnp-75d05c8231b7d30ec171acc5e740de37 av-styling- avia-align-center  avia-builder-el-1  avia-builder-el-no-sibling '   itemprop=\"image\" itemscope=\"itemscope\" itemtype=\"https:\/\/schema.org\/ImageObject\" ><div class=\"avia-image-container-inner\"><div class=\"avia-image-overlay-wrap\"><img decoding=\"async\" fetchpriority=\"high\" class='wp-image-7506 avia-img-lazy-loading-not-7506 avia_image ' src=\"https:\/\/www.breeze-technologies.de\/wp-content\/uploads\/2022\/01\/LuftDatenNet-495x400.png\" alt='' title='LuftDatenNet'  height=\"400\" width=\"495\"  itemprop=\"thumbnailUrl\"  \/><\/div><\/div><\/div><\/div>\n\n<style type=\"text\/css\" data-created_by=\"avia_inline_auto\" id=\"style-css-av-7lw4d8-4734e6ec1cbf6f8b45194a198e686c43\">\n.flex_column.av-7lw4d8-4734e6ec1cbf6f8b45194a198e686c43{\nborder-radius:0px 0px 0px 0px;\npadding:0px 0px 0px 0px;\n}\n<\/style>\n<div  class='flex_column av-7lw4d8-4734e6ec1cbf6f8b45194a198e686c43 av_one_full  avia-builder-el-2  el_after_av_one_full  el_before_av_one_third  first flex_column_div av-zero-column-padding  column-top-margin'     ><style type=\"text\/css\" data-created_by=\"avia_inline_auto\" id=\"style-css-av-kacj360p-1206f54b079581136162fa241ac11946\">\n#top .av-special-heading.av-kacj360p-1206f54b079581136162fa241ac11946{\npadding-bottom:10px;\n}\nbody .av-special-heading.av-kacj360p-1206f54b079581136162fa241ac11946 .av-special-heading-tag .heading-char{\nfont-size:25px;\n}\n.av-special-heading.av-kacj360p-1206f54b079581136162fa241ac11946 .av-subheading{\nfont-size:15px;\n}\n<\/style>\n<div  class='av-special-heading av-kacj360p-1206f54b079581136162fa241ac11946 av-special-heading-h3 blockquote modern-quote modern-centered  avia-builder-el-3  avia-builder-el-no-sibling  av-linked-heading'><h3 class='av-special-heading-tag '  itemprop=\"headline\"  >Forschungsprojekt: LuftDatenNet<\/h3><div class=\"special-heading-border\"><div class=\"special-heading-inner-border\"><\/div><\/div><\/div><\/div>\n\n<style type=\"text\/css\" data-created_by=\"avia_inline_auto\" id=\"style-css-av-5q0pek-0e51a03b9630886a56af34734f4793a1\">\n.flex_column.av-5q0pek-0e51a03b9630886a56af34734f4793a1{\nborder-radius:0px 0px 0px 0px;\npadding:0px 0px 0px 0px;\n}\n<\/style>\n<div  class='flex_column av-5q0pek-0e51a03b9630886a56af34734f4793a1 av_one_third  avia-builder-el-4  el_after_av_one_full  el_before_av_two_third  first flex_column_div av-zero-column-padding  column-top-margin'     ><section  class='av_textblock_section av-kacj739g-0f88d8fcd5072ffba87fef544fa1b24d '   itemscope=\"itemscope\" itemtype=\"https:\/\/schema.org\/CreativeWork\" ><div class='avia_textblock'  itemprop=\"text\" ><h5>F\u00f6rdergeber:<\/h5>\n<p>Bundesministerium f\u00fcr Bildung und Forschung (BMBF)<\/p>\n<h5>F\u00f6rderprogramm:<\/h5>\n<p>Richtlinie zur F\u00f6rderung von Projekten zur Entwicklung und praktischen Erprobung von Datentreuhandmodellen in den Bereichen Forschung und Wirtschaft<\/p>\n<h5>Projektlaufzeit:<\/h5>\n<p>01\/2022 &#8211; 12\/2024<\/p>\n<h5>Projektpartner:<\/h5>\n<p>Breeze Technologies UG<br \/>\nund assoziierte Partner<\/p>\n<h5>Ansprechpartner bei Breeze Technologies:<\/h5>\n<p>Robert Heinecke (<a href=\"https:\/\/www.breeze-technologies.de\/de\/kontakt\/\">Kontakt<\/a>)<\/p>\n<\/div><\/section><\/div>\n\n<style type=\"text\/css\" data-created_by=\"avia_inline_auto\" id=\"style-css-av-4itx6k-25042dcf458c26d8b2684a752edc3df4\">\n.flex_column.av-4itx6k-25042dcf458c26d8b2684a752edc3df4{\nborder-radius:0px 0px 0px 0px;\npadding:0px 0px 0px 0px;\n}\n<\/style>\n<div  class='flex_column av-4itx6k-25042dcf458c26d8b2684a752edc3df4 av_two_third  avia-builder-el-6  el_after_av_one_third  el_before_av_one_full  flex_column_div av-zero-column-padding  column-top-margin'     ><section  class='av_textblock_section av-1w4xf0-d506078b11f7348c4c6ea30dce992146 '   itemscope=\"itemscope\" itemtype=\"https:\/\/schema.org\/CreativeWork\" ><div class='avia_textblock'  itemprop=\"text\" ><p><em>Im Rahmen des Projekts LuftDatenNet entwickelt Breeze Technologies eine Datentreuhandplattform f\u00fcr den Austausch von Luftqualit\u00e4tsdaten zwischen Datenproduzenten und -konsumenten.<\/em><\/p>\n<h4>PROJEKTKONTEXT<\/h4>\n<p>Luftverschmutzung ist die gr\u00f6\u00dfte Umweltbedrohung unserer Zeit. 9 von 10 Menschen weltweit leben in Gebieten mit zu hoher Luftverschmutzung. Aufgrund der massiven Relevanz dieses Problems werden immer mehr L\u00f6sungen f\u00fcr die Erfassung von Luftqualit\u00e4tsdaten entwickelt. Dazu geh\u00f6ren Luftqualit\u00e4tsmessungen per Satellit, preiswerte Sensoren auf dem Consumer-Markt, Luftdatenerfassung mit Fahrzeugen sowie semiprofessionelle Sensoren f\u00fcr den Einsatz in St\u00e4dten und Unternehmen. Aufgrund der vielen Akteure, die an diesen Entwicklungen beteiligt sind, sind die erhobenen Messdaten der \u00d6ffentlichkeit nur selten zug\u00e4nglich oder ohne spezifische Kenntnisse der lokalen Projekte nicht auffindbar.<\/p>\n<h4>PROJEKTZIELE<\/h4>\n<p>Ziel des Projekts LuftDatenNet ist die Errichtung einer Datentreuhandplattform f\u00fcr Luftqualit\u00e4tsdaten, um die Daten zu b\u00fcndeln und in ihrer Gesamtheit nutzbar zu machen. \u00dcber die Datentreuhand k\u00f6nnen Datengebende ihre Daten verf\u00fcgbar machen und Datenkonsumenten diese Daten abrufen, um sie an anderen Stellen wiederzuverwerten. Auf Basis der Datentreuhandplattform k\u00f6nnen beiderseits neuartige L\u00f6sungen, Gesch\u00e4ftsmodelle und Startups entstehen, die die wirtschaftliche Verwertbarkeit der Luftqualit\u00e4tsdaten signifikant erh\u00f6hen. Auch die gemeinwohlorientierte Forschung kann Luftqualit\u00e4tsdaten besser mit anderen Datens\u00e4tzen verschneiden und so neue Erkenntnisse erlangen. Die Konzeption und Entwicklung der Datentreuhandplattform erfolgt in enger Zusammenarbeit mit dem \u00d6kosystem aus Luftqualit\u00e4ts-Datenkonsumenten und -produzenten. \u00dcber die Projektlaufzeit hinweg werden erste Datennutzungsszenarien auf Basis der integrierten Datent\u00f6pfe entwickelt und mit Wettbewerben gef\u00f6rdert.<\/p>\n<h4>LINKS UND WEITERF\u00dcHRENDE INFORMATIONEN<\/h4>\n<p>&#8211;<\/p>\n<\/div><\/section><\/div>\n<div  class='flex_column av-av_one_full-fad18e03df51ae3bf2ee71e19bdd8f00 av_one_full  avia-builder-el-8  el_after_av_two_third  avia-builder-el-last  first flex_column_div  column-top-margin'     ><p>\n<style type=\"text\/css\" data-created_by=\"avia_inline_auto\" id=\"style-css-av-lj399b3c-d4f88214c1a81c7d9256bc6640308854\">\n.avia-image-container.av-lj399b3c-d4f88214c1a81c7d9256bc6640308854 img.avia_image{\nbox-shadow:none;\n}\n.avia-image-container.av-lj399b3c-d4f88214c1a81c7d9256bc6640308854 .av-image-caption-overlay-center{\ncolor:#ffffff;\n}\n<\/style>\n<div  class='avia-image-container av-lj399b3c-d4f88214c1a81c7d9256bc6640308854 av-styling- avia-align-center  avia-builder-el-9  el_before_av_textblock  avia-builder-el-first '   itemprop=\"image\" itemscope=\"itemscope\" itemtype=\"https:\/\/schema.org\/ImageObject\" ><div class=\"avia-image-container-inner\"><div class=\"avia-image-overlay-wrap\"><img decoding=\"async\" fetchpriority=\"high\" class='wp-image-8585 avia-img-lazy-loading-not-8585 avia_image ' src=\"https:\/\/www.breeze-technologies.de\/wp-content\/uploads\/2023\/06\/DE-Finanziert-von-der-Europ\u201eischen-Union_POS.png\" alt='Finanziert von der Europ\u00e4ischen Union - NextGenerationEU' title='Finanziert von der Europ\u00e4ischen Union - NextGenerationEU'  height=\"128\" width=\"495\"  itemprop=\"thumbnailUrl\"  \/><\/div><\/div><\/div><br \/>\n<section  class='av_textblock_section av-lj38yw2s-0906edc33f29090559ff97dea5df9b2c '   itemscope=\"itemscope\" itemtype=\"https:\/\/schema.org\/CreativeWork\" ><div class='avia_textblock'  itemprop=\"text\" ><p style=\"text-align: center;\"><span style=\"font-size: 8pt;\">Finanziert durch die Europ\u00e4ische Union \u2013 NextGenerationEU. Die ge\u00e4u\u00dferten Ansichten und Meinungen sind ausschlie\u00dflich die des\/der Autor:in\/der Autor:innen und spiegeln nicht unbedingt die Ansichten der Europ\u00e4ischen Union oder der Europ\u00e4ischen Kommission wider. Weder die Europ\u00e4ische Union noch die Europ\u00e4ische Kommission k\u00f6nnen f\u00fcr sie verantwortlich gemacht werden.<\/span><\/p>\n<\/div><\/section><\/p><\/div>\n","protected":false},"excerpt":{"rendered":"","protected":false},"author":4,"featured_media":0,"parent":3686,"menu_order":8,"comment_status":"closed","ping_status":"closed","template":"","meta":{"_exactmetrics_skip_tracking":false,"_exactmetrics_sitenote_active":false,"_exactmetrics_sitenote_note":"","_exactmetrics_sitenote_category":0,"footnotes":""},"class_list":["post-7511","page","type-page","status-publish","hentry"],"yoast_head":"<title>Forschungsprojekt: LuftDatenNet - Breeze Technologies<\/title>\n<meta name=\"robots\" content=\"index, follow, max-snippet:-1, max-image-preview:large, max-video-preview:-1\" \/>\n<link rel=\"canonical\" href=\"https:\/\/www.breeze-technologies.de\/de\/projekte-und-referenzen\/luftdatennet\/\" \/>\n<meta property=\"og:locale\" content=\"de_DE\" \/>\n<meta property=\"og:type\" content=\"article\" \/>\n<meta property=\"og:title\" content=\"Forschungsprojekt: LuftDatenNet - Breeze Technologies\" \/>\n<meta property=\"og:url\" content=\"https:\/\/www.breeze-technologies.de\/de\/projekte-und-referenzen\/luftdatennet\/\" \/>\n<meta property=\"og:site_name\" content=\"Breeze Technologies\" \/>\n<meta property=\"article:publisher\" content=\"https:\/\/www.facebook.com\/breezetechnologies\/\" \/>\n<meta property=\"article:modified_time\" content=\"2023-06-19T19:42:47+00:00\" \/>\n<meta name=\"twitter:card\" content=\"summary_large_image\" \/>\n<meta name=\"twitter:site\" content=\"@projectbreeze\" \/>\n<meta name=\"twitter:label1\" content=\"Gesch\u00e4tzte Lesezeit\" \/>\n\t<meta name=\"twitter:data1\" content=\"4\u00a0Minuten\" \/>\n<script type=\"application\/ld+json\" class=\"yoast-schema-graph\">{\"@context\":\"https:\/\/schema.org\",\"@graph\":[{\"@type\":\"WebPage\",\"@id\":\"https:\/\/www.breeze-technologies.de\/de\/projekte-und-referenzen\/luftdatennet\/\",\"url\":\"https:\/\/www.breeze-technologies.de\/de\/projekte-und-referenzen\/luftdatennet\/\",\"name\":\"Forschungsprojekt: LuftDatenNet - Breeze Technologies\",\"isPartOf\":{\"@id\":\"https:\/\/www.breeze-technologies.de\/de\/#website\"},\"datePublished\":\"2022-01-05T16:56:29+00:00\",\"dateModified\":\"2023-06-19T19:42:47+00:00\",\"breadcrumb\":{\"@id\":\"https:\/\/www.breeze-technologies.de\/de\/projekte-und-referenzen\/luftdatennet\/#breadcrumb\"},\"inLanguage\":\"de\",\"potentialAction\":[{\"@type\":\"ReadAction\",\"target\":[\"https:\/\/www.breeze-technologies.de\/de\/projekte-und-referenzen\/luftdatennet\/\"]}]},{\"@type\":\"BreadcrumbList\",\"@id\":\"https:\/\/www.breeze-technologies.de\/de\/projekte-und-referenzen\/luftdatennet\/#breadcrumb\",\"itemListElement\":[{\"@type\":\"ListItem\",\"position\":1,\"name\":\"Home\",\"item\":\"https:\/\/www.breeze-technologies.de\/de\/home\/\"},{\"@type\":\"ListItem\",\"position\":2,\"name\":\"Projekte und Kundenreferenzen\",\"item\":\"https:\/\/www.breeze-technologies.de\/de\/projekte-und-referenzen\/\"},{\"@type\":\"ListItem\",\"position\":3,\"name\":\"Forschungsprojekt: LuftDatenNet\"}]},{\"@type\":\"WebSite\",\"@id\":\"https:\/\/www.breeze-technologies.de\/de\/#website\",\"url\":\"https:\/\/www.breeze-technologies.de\/de\/\",\"name\":\"Breeze Technologies\",\"description\":\"Environmental Sensor Solutions\",\"publisher\":{\"@id\":\"https:\/\/www.breeze-technologies.de\/de\/#organization\"},\"potentialAction\":[{\"@type\":\"SearchAction\",\"target\":{\"@type\":\"EntryPoint\",\"urlTemplate\":\"https:\/\/www.breeze-technologies.de\/de\/?s={search_term_string}\"},\"query-input\":{\"@type\":\"PropertyValueSpecification\",\"valueRequired\":true,\"valueName\":\"search_term_string\"}}],\"inLanguage\":\"de\"},{\"@type\":\"Organization\",\"@id\":\"https:\/\/www.breeze-technologies.de\/de\/#organization\",\"name\":\"Breeze Technologies\",\"url\":\"https:\/\/www.breeze-technologies.de\/de\/\",\"logo\":{\"@type\":\"ImageObject\",\"inLanguage\":\"de\",\"@id\":\"https:\/\/www.breeze-technologies.de\/de\/#\/schema\/logo\/image\/\",\"url\":\"https:\/\/www.breeze-technologies.de\/wp-content\/uploads\/2017\/12\/Breeze-Logo-Normal-Web.png\",\"contentUrl\":\"https:\/\/www.breeze-technologies.de\/wp-content\/uploads\/2017\/12\/Breeze-Logo-Normal-Web.png\",\"width\":2932,\"height\":976,\"caption\":\"Breeze Technologies\"},\"image\":{\"@id\":\"https:\/\/www.breeze-technologies.de\/de\/#\/schema\/logo\/image\/\"},\"sameAs\":[\"https:\/\/www.facebook.com\/breezetechnologies\/\",\"https:\/\/x.com\/projectbreeze\",\"https:\/\/instagram.com\/breezetechnologies\/\",\"https:\/\/www.linkedin.com\/company\/breeze-technologies\",\"https:\/\/www.youtube.com\/channel\/UCqRNWyXf5yexIRTzLvY9Zqw\"]}]}<\/script>","yoast_head_json":{"title":"Forschungsprojekt: LuftDatenNet - Breeze Technologies","robots":{"index":"index","follow":"follow","max-snippet":"max-snippet:-1","max-image-preview":"max-image-preview:large","max-video-preview":"max-video-preview:-1"},"canonical":"https:\/\/www.breeze-technologies.de\/de\/projekte-und-referenzen\/luftdatennet\/","og_locale":"de_DE","og_type":"article","og_title":"Forschungsprojekt: LuftDatenNet - Breeze Technologies","og_url":"https:\/\/www.breeze-technologies.de\/de\/projekte-und-referenzen\/luftdatennet\/","og_site_name":"Breeze Technologies","article_publisher":"https:\/\/www.facebook.com\/breezetechnologies\/","article_modified_time":"2023-06-19T19:42:47+00:00","twitter_card":"summary_large_image","twitter_site":"@projectbreeze","twitter_misc":{"Gesch\u00e4tzte Lesezeit":"4\u00a0Minuten"},"schema":{"@context":"https:\/\/schema.org","@graph":[{"@type":"WebPage","@id":"https:\/\/www.breeze-technologies.de\/de\/projekte-und-referenzen\/luftdatennet\/","url":"https:\/\/www.breeze-technologies.de\/de\/projekte-und-referenzen\/luftdatennet\/","name":"Forschungsprojekt: LuftDatenNet - Breeze Technologies","isPartOf":{"@id":"https:\/\/www.breeze-technologies.de\/de\/#website"},"datePublished":"2022-01-05T16:56:29+00:00","dateModified":"2023-06-19T19:42:47+00:00","breadcrumb":{"@id":"https:\/\/www.breeze-technologies.de\/de\/projekte-und-referenzen\/luftdatennet\/#breadcrumb"},"inLanguage":"de","potentialAction":[{"@type":"ReadAction","target":["https:\/\/www.breeze-technologies.de\/de\/projekte-und-referenzen\/luftdatennet\/"]}]},{"@type":"BreadcrumbList","@id":"https:\/\/www.breeze-technologies.de\/de\/projekte-und-referenzen\/luftdatennet\/#breadcrumb","itemListElement":[{"@type":"ListItem","position":1,"name":"Home","item":"https:\/\/www.breeze-technologies.de\/de\/home\/"},{"@type":"ListItem","position":2,"name":"Projekte und Kundenreferenzen","item":"https:\/\/www.breeze-technologies.de\/de\/projekte-und-referenzen\/"},{"@type":"ListItem","position":3,"name":"Forschungsprojekt: LuftDatenNet"}]},{"@type":"WebSite","@id":"https:\/\/www.breeze-technologies.de\/de\/#website","url":"https:\/\/www.breeze-technologies.de\/de\/","name":"Breeze Technologies","description":"Environmental Sensor Solutions","publisher":{"@id":"https:\/\/www.breeze-technologies.de\/de\/#organization"},"potentialAction":[{"@type":"SearchAction","target":{"@type":"EntryPoint","urlTemplate":"https:\/\/www.breeze-technologies.de\/de\/?s={search_term_string}"},"query-input":{"@type":"PropertyValueSpecification","valueRequired":true,"valueName":"search_term_string"}}],"inLanguage":"de"},{"@type":"Organization","@id":"https:\/\/www.breeze-technologies.de\/de\/#organization","name":"Breeze Technologies","url":"https:\/\/www.breeze-technologies.de\/de\/","logo":{"@type":"ImageObject","inLanguage":"de","@id":"https:\/\/www.breeze-technologies.de\/de\/#\/schema\/logo\/image\/","url":"https:\/\/www.breeze-technologies.de\/wp-content\/uploads\/2017\/12\/Breeze-Logo-Normal-Web.png","contentUrl":"https:\/\/www.breeze-technologies.de\/wp-content\/uploads\/2017\/12\/Breeze-Logo-Normal-Web.png","width":2932,"height":976,"caption":"Breeze Technologies"},"image":{"@id":"https:\/\/www.breeze-technologies.de\/de\/#\/schema\/logo\/image\/"},"sameAs":["https:\/\/www.facebook.com\/breezetechnologies\/","https:\/\/x.com\/projectbreeze","https:\/\/instagram.com\/breezetechnologies\/","https:\/\/www.linkedin.com\/company\/breeze-technologies","https:\/\/www.youtube.com\/channel\/UCqRNWyXf5yexIRTzLvY9Zqw"]}]}},"jetpack_sharing_enabled":true,"_links":{"self":[{"href":"https:\/\/www.breeze-technologies.de\/de\/wp-json\/wp\/v2\/pages\/7511","targetHints":{"allow":["GET"]}}],"collection":[{"href":"https:\/\/www.breeze-technologies.de\/de\/wp-json\/wp\/v2\/pages"}],"about":[{"href":"https:\/\/www.breeze-technologies.de\/de\/wp-json\/wp\/v2\/types\/page"}],"author":[{"embeddable":true,"href":"https:\/\/www.breeze-technologies.de\/de\/wp-json\/wp\/v2\/users\/4"}],"replies":[{"embeddable":true,"href":"https:\/\/www.breeze-technologies.de\/de\/wp-json\/wp\/v2\/comments?post=7511"}],"version-history":[{"count":7,"href":"https:\/\/www.breeze-technologies.de\/de\/wp-json\/wp\/v2\/pages\/7511\/revisions"}],"predecessor-version":[{"id":8584,"href":"https:\/\/www.breeze-technologies.de\/de\/wp-json\/wp\/v2\/pages\/7511\/revisions\/8584"}],"up":[{"embeddable":true,"href":"https:\/\/www.breeze-technologies.de\/de\/wp-json\/wp\/v2\/pages\/3686"}],"wp:attachment":[{"href":"https:\/\/www.breeze-technologies.de\/de\/wp-json\/wp\/v2\/media?parent=7511"}],"curies":[{"name":"wp","href":"https:\/\/api.w.org\/{rel}","templated":true}]}}