{"id":7498,"date":"2022-01-05T15:52:26","date_gmt":"2022-01-05T14:52:26","guid":{"rendered":"https:\/\/www.breeze-technologies.de\/referenzen\/interluft\/"},"modified":"2022-01-05T18:18:59","modified_gmt":"2022-01-05T17:18:59","slug":"interluft","status":"publish","type":"page","link":"https:\/\/www.breeze-technologies.de\/de\/projekte-und-referenzen\/interluft\/","title":{"rendered":"Forschungsproject: InterLuft"},"content":{"rendered":"\n<style type=\"text\/css\" data-created_by=\"avia_inline_auto\" id=\"style-css-av-9ws37g-73eee4d6dc7e5fdb7dea381fc006b51c\">\n.flex_column.av-9ws37g-73eee4d6dc7e5fdb7dea381fc006b51c{\nborder-radius:0px 0px 0px 0px;\npadding:0px 0px 0px 0px;\n}\n<\/style>\n<div  class='flex_column av-9ws37g-73eee4d6dc7e5fdb7dea381fc006b51c av_one_full  avia-builder-el-0  el_before_av_one_full  avia-builder-el-first  first flex_column_div av-zero-column-padding  '     ><style type=\"text\/css\" data-created_by=\"avia_inline_auto\" id=\"style-css-av-kacj3lnp-e6ada0814d5be100d4bc3d4c8f16bf09\">\n.avia-image-container.av-kacj3lnp-e6ada0814d5be100d4bc3d4c8f16bf09 img.avia_image{\nbox-shadow:none;\n}\n.avia-image-container.av-kacj3lnp-e6ada0814d5be100d4bc3d4c8f16bf09 .av-image-caption-overlay-center{\ncolor:#ffffff;\n}\n<\/style>\n<div  class='avia-image-container av-kacj3lnp-e6ada0814d5be100d4bc3d4c8f16bf09 av-styling- avia-align-center  avia-builder-el-1  avia-builder-el-no-sibling '   itemprop=\"image\" itemscope=\"itemscope\" itemtype=\"https:\/\/schema.org\/ImageObject\" ><div class=\"avia-image-container-inner\"><div class=\"avia-image-overlay-wrap\"><img decoding=\"async\" fetchpriority=\"high\" class='wp-image-7019 avia-img-lazy-loading-not-7019 avia_image ' src=\"https:\/\/www.breeze-technologies.de\/wp-content\/uploads\/2021\/09\/InterLuft-Projektbild-495x400.png\" alt='InterLuft' title='InterLuft'  height=\"400\" width=\"495\"  itemprop=\"thumbnailUrl\"  \/><\/div><\/div><\/div><\/div>\n\n<style type=\"text\/css\" data-created_by=\"avia_inline_auto\" id=\"style-css-av-7lw4d8-4734e6ec1cbf6f8b45194a198e686c43\">\n.flex_column.av-7lw4d8-4734e6ec1cbf6f8b45194a198e686c43{\nborder-radius:0px 0px 0px 0px;\npadding:0px 0px 0px 0px;\n}\n<\/style>\n<div  class='flex_column av-7lw4d8-4734e6ec1cbf6f8b45194a198e686c43 av_one_full  avia-builder-el-2  el_after_av_one_full  el_before_av_one_third  first flex_column_div av-zero-column-padding  column-top-margin'     ><style type=\"text\/css\" data-created_by=\"avia_inline_auto\" id=\"style-css-av-kacj360p-5813b21d66d681626c05ac09e1834a23\">\n#top .av-special-heading.av-kacj360p-5813b21d66d681626c05ac09e1834a23{\npadding-bottom:10px;\n}\nbody .av-special-heading.av-kacj360p-5813b21d66d681626c05ac09e1834a23 .av-special-heading-tag .heading-char{\nfont-size:25px;\n}\n.av-special-heading.av-kacj360p-5813b21d66d681626c05ac09e1834a23 .av-subheading{\nfont-size:15px;\n}\n<\/style>\n<div  class='av-special-heading av-kacj360p-5813b21d66d681626c05ac09e1834a23 av-special-heading-h3 blockquote modern-quote modern-centered  avia-builder-el-3  avia-builder-el-no-sibling  av-linked-heading'><h3 class='av-special-heading-tag '  itemprop=\"headline\"  >Forschungsprojekt: InterLuft<\/h3><div class=\"special-heading-border\"><div class=\"special-heading-inner-border\"><\/div><\/div><\/div><\/div>\n\n<style type=\"text\/css\" data-created_by=\"avia_inline_auto\" id=\"style-css-av-5q0pek-0e51a03b9630886a56af34734f4793a1\">\n.flex_column.av-5q0pek-0e51a03b9630886a56af34734f4793a1{\nborder-radius:0px 0px 0px 0px;\npadding:0px 0px 0px 0px;\n}\n<\/style>\n<div  class='flex_column av-5q0pek-0e51a03b9630886a56af34734f4793a1 av_one_third  avia-builder-el-4  el_after_av_one_full  el_before_av_two_third  first flex_column_div av-zero-column-padding  column-top-margin'     ><section  class='av_textblock_section av-kacj739g-0f88d8fcd5072ffba87fef544fa1b24d '   itemscope=\"itemscope\" itemtype=\"https:\/\/schema.org\/CreativeWork\" ><div class='avia_textblock'  itemprop=\"text\" ><h5>F\u00f6rdergeber:<\/h5>\n<p>Bundesministerium f\u00fcr Verkehr und Digitale Infrastruktur (BMVI)<\/p>\n<h5>F\u00f6rderprogramm:<\/h5>\n<p>mFUND<\/p>\n<h5>Projektlaufzeit:<\/h5>\n<p>08\/2021 &#8211; 04\/2022<\/p>\n<h5>Projektpartner:<\/h5>\n<p>Breeze Technologies UG<\/p>\n<\/div><\/section><\/div>\n\n<style type=\"text\/css\" data-created_by=\"avia_inline_auto\" id=\"style-css-av-4itx6k-25042dcf458c26d8b2684a752edc3df4\">\n.flex_column.av-4itx6k-25042dcf458c26d8b2684a752edc3df4{\nborder-radius:0px 0px 0px 0px;\npadding:0px 0px 0px 0px;\n}\n<\/style>\n<div  class='flex_column av-4itx6k-25042dcf458c26d8b2684a752edc3df4 av_two_third  avia-builder-el-6  el_after_av_one_third  avia-builder-el-last  flex_column_div av-zero-column-padding  column-top-margin'     ><section  class='av_textblock_section av-1w4xf0-d506078b11f7348c4c6ea30dce992146 '   itemscope=\"itemscope\" itemtype=\"https:\/\/schema.org\/CreativeWork\" ><div class='avia_textblock'  itemprop=\"text\" ><p><em>Im Projekt InterLuft entwickelt Breeze Technologies Interpolationsalgorithmen f\u00fcr fl\u00e4chendeckende Luftqualit\u00e4tsdaten im urbanen Raum auf der Basis von bereits existierenden Luftmessdaten, Verkehrsdaten, Stadtkataster- und anderen Daten.<\/em><\/p>\n<h4>PROJEKTKONTEXT<\/h4>\n<p>Die Luftverschmutzung ist vor allem in St\u00e4dten eine signifikante Umweltgefahr. Auf Basis der ca. 500 station\u00e4ren Luftmessstationen in Deutschland sind aktuell keine durchg\u00e4ngigen fl\u00e4chendeckenden und pr\u00e4zisen Aussagen zur Verteilung von Luftschadstoffen m\u00f6glich. Auch neue Technologien wie kosteng\u00fcnstigere Luftqualit\u00e4tssensoren k\u00f6nnen nicht alle Messl\u00fccken schlie\u00dfen. N\u00f6tig ist deshalb die Interpolation von Luftqualit\u00e4tsdaten, d.h. die Errechnung von fehlenden Luftqualit\u00e4tswerten. Diese Interpolation soll mit dem Projekt InterLuft prototypisch entwickelt werden.<\/p>\n<h4>PROJEKTZIELE<\/h4>\n<p>Die Luftqualit\u00e4t vor Ort ist abh\u00e4ngig von vielen verschiedenen Parametern, u.a. ist der Verkehr einer der gr\u00f6\u00dften Einflussfaktoren. Auf Basis von Luftqualit\u00e4tsdaten, Verkehrsdaten, Stadtkataster- und anderen Umweltdaten wird im Projekt ein Modell zur Interpolation von Echtzeit- und historischen Luftqualit\u00e4tsdaten zwischen Messstandorten entwickelt. Diese sollen f\u00fcr verschiedene Anwendungsf\u00e4lle nutzbar gemacht werden.<\/p>\n<h4>LINKS UND WEITERF\u00dcHRENDE INFORMATIONEN<\/h4>\n<p><a href=\"https:\/\/www.bmvi.de\/SharedDocs\/DE\/Artikel\/DG\/mfund-projekte\/interluft.html\"><u>Projektwebsite des Bundesministeriums f\u00fcr Verkehr und Digitale Infrastruktur (BMVI)<\/u><\/a><\/p>\n<p><a href=\"https:\/\/www.breeze-technologies.de\/de\/blog\/bmvi-foerdert-bereitstellung-von-echtzeit-luftqualitaetsdaten\/\"><span style=\"text-decoration: underline;\">Pressemitteilung von Breeze Technologies zum Projektstart<\/span><\/a><\/p>\n<\/div><\/section><\/div>\n","protected":false},"excerpt":{"rendered":"","protected":false},"author":4,"featured_media":0,"parent":3686,"menu_order":9,"comment_status":"closed","ping_status":"closed","template":"","meta":{"_exactmetrics_skip_tracking":false,"_exactmetrics_sitenote_active":false,"_exactmetrics_sitenote_note":"","_exactmetrics_sitenote_category":0,"footnotes":""},"class_list":["post-7498","page","type-page","status-publish","hentry"],"yoast_head":"<title>Forschungsproject: InterLuft - Breeze Technologies<\/title>\n<meta name=\"robots\" content=\"index, follow, max-snippet:-1, max-image-preview:large, max-video-preview:-1\" \/>\n<link rel=\"canonical\" href=\"https:\/\/www.breeze-technologies.de\/de\/projekte-und-referenzen\/interluft\/\" \/>\n<meta property=\"og:locale\" content=\"de_DE\" \/>\n<meta property=\"og:type\" content=\"article\" \/>\n<meta property=\"og:title\" content=\"Forschungsproject: InterLuft - Breeze Technologies\" \/>\n<meta property=\"og:url\" content=\"https:\/\/www.breeze-technologies.de\/de\/projekte-und-referenzen\/interluft\/\" \/>\n<meta property=\"og:site_name\" content=\"Breeze Technologies\" \/>\n<meta property=\"article:publisher\" content=\"https:\/\/www.facebook.com\/breezetechnologies\/\" \/>\n<meta property=\"article:modified_time\" content=\"2022-01-05T17:18:59+00:00\" \/>\n<meta name=\"twitter:card\" content=\"summary_large_image\" \/>\n<meta name=\"twitter:site\" content=\"@projectbreeze\" \/>\n<meta name=\"twitter:label1\" content=\"Gesch\u00e4tzte Lesezeit\" \/>\n\t<meta name=\"twitter:data1\" content=\"5\u00a0Minuten\" \/>\n<script type=\"application\/ld+json\" class=\"yoast-schema-graph\">{\"@context\":\"https:\\\/\\\/schema.org\",\"@graph\":[{\"@type\":\"WebPage\",\"@id\":\"https:\\\/\\\/www.breeze-technologies.de\\\/de\\\/projekte-und-referenzen\\\/interluft\\\/\",\"url\":\"https:\\\/\\\/www.breeze-technologies.de\\\/de\\\/projekte-und-referenzen\\\/interluft\\\/\",\"name\":\"Forschungsproject: InterLuft - Breeze Technologies\",\"isPartOf\":{\"@id\":\"https:\\\/\\\/www.breeze-technologies.de\\\/de\\\/#website\"},\"datePublished\":\"2022-01-05T14:52:26+00:00\",\"dateModified\":\"2022-01-05T17:18:59+00:00\",\"breadcrumb\":{\"@id\":\"https:\\\/\\\/www.breeze-technologies.de\\\/de\\\/projekte-und-referenzen\\\/interluft\\\/#breadcrumb\"},\"inLanguage\":\"de\",\"potentialAction\":[{\"@type\":\"ReadAction\",\"target\":[\"https:\\\/\\\/www.breeze-technologies.de\\\/de\\\/projekte-und-referenzen\\\/interluft\\\/\"]}]},{\"@type\":\"BreadcrumbList\",\"@id\":\"https:\\\/\\\/www.breeze-technologies.de\\\/de\\\/projekte-und-referenzen\\\/interluft\\\/#breadcrumb\",\"itemListElement\":[{\"@type\":\"ListItem\",\"position\":1,\"name\":\"Home\",\"item\":\"https:\\\/\\\/www.breeze-technologies.de\\\/de\\\/home\\\/\"},{\"@type\":\"ListItem\",\"position\":2,\"name\":\"Projekte und Kundenreferenzen\",\"item\":\"https:\\\/\\\/www.breeze-technologies.de\\\/de\\\/projekte-und-referenzen\\\/\"},{\"@type\":\"ListItem\",\"position\":3,\"name\":\"Forschungsproject: InterLuft\"}]},{\"@type\":\"WebSite\",\"@id\":\"https:\\\/\\\/www.breeze-technologies.de\\\/de\\\/#website\",\"url\":\"https:\\\/\\\/www.breeze-technologies.de\\\/de\\\/\",\"name\":\"Breeze Technologies\",\"description\":\"Environmental Sensor Solutions\",\"publisher\":{\"@id\":\"https:\\\/\\\/www.breeze-technologies.de\\\/de\\\/#organization\"},\"potentialAction\":[{\"@type\":\"SearchAction\",\"target\":{\"@type\":\"EntryPoint\",\"urlTemplate\":\"https:\\\/\\\/www.breeze-technologies.de\\\/de\\\/?s={search_term_string}\"},\"query-input\":{\"@type\":\"PropertyValueSpecification\",\"valueRequired\":true,\"valueName\":\"search_term_string\"}}],\"inLanguage\":\"de\"},{\"@type\":\"Organization\",\"@id\":\"https:\\\/\\\/www.breeze-technologies.de\\\/de\\\/#organization\",\"name\":\"Breeze Technologies\",\"url\":\"https:\\\/\\\/www.breeze-technologies.de\\\/de\\\/\",\"logo\":{\"@type\":\"ImageObject\",\"inLanguage\":\"de\",\"@id\":\"https:\\\/\\\/www.breeze-technologies.de\\\/de\\\/#\\\/schema\\\/logo\\\/image\\\/\",\"url\":\"https:\\\/\\\/www.breeze-technologies.de\\\/wp-content\\\/uploads\\\/2017\\\/12\\\/Breeze-Logo-Normal-Web.png\",\"contentUrl\":\"https:\\\/\\\/www.breeze-technologies.de\\\/wp-content\\\/uploads\\\/2017\\\/12\\\/Breeze-Logo-Normal-Web.png\",\"width\":2932,\"height\":976,\"caption\":\"Breeze Technologies\"},\"image\":{\"@id\":\"https:\\\/\\\/www.breeze-technologies.de\\\/de\\\/#\\\/schema\\\/logo\\\/image\\\/\"},\"sameAs\":[\"https:\\\/\\\/www.facebook.com\\\/breezetechnologies\\\/\",\"https:\\\/\\\/x.com\\\/projectbreeze\",\"https:\\\/\\\/instagram.com\\\/breezetechnologies\\\/\",\"https:\\\/\\\/www.linkedin.com\\\/company\\\/breeze-technologies\",\"https:\\\/\\\/www.youtube.com\\\/channel\\\/UCqRNWyXf5yexIRTzLvY9Zqw\"]}]}<\/script>","yoast_head_json":{"title":"Forschungsproject: InterLuft - Breeze Technologies","robots":{"index":"index","follow":"follow","max-snippet":"max-snippet:-1","max-image-preview":"max-image-preview:large","max-video-preview":"max-video-preview:-1"},"canonical":"https:\/\/www.breeze-technologies.de\/de\/projekte-und-referenzen\/interluft\/","og_locale":"de_DE","og_type":"article","og_title":"Forschungsproject: InterLuft - Breeze Technologies","og_url":"https:\/\/www.breeze-technologies.de\/de\/projekte-und-referenzen\/interluft\/","og_site_name":"Breeze Technologies","article_publisher":"https:\/\/www.facebook.com\/breezetechnologies\/","article_modified_time":"2022-01-05T17:18:59+00:00","twitter_card":"summary_large_image","twitter_site":"@projectbreeze","twitter_misc":{"Gesch\u00e4tzte Lesezeit":"5\u00a0Minuten"},"schema":{"@context":"https:\/\/schema.org","@graph":[{"@type":"WebPage","@id":"https:\/\/www.breeze-technologies.de\/de\/projekte-und-referenzen\/interluft\/","url":"https:\/\/www.breeze-technologies.de\/de\/projekte-und-referenzen\/interluft\/","name":"Forschungsproject: InterLuft - Breeze Technologies","isPartOf":{"@id":"https:\/\/www.breeze-technologies.de\/de\/#website"},"datePublished":"2022-01-05T14:52:26+00:00","dateModified":"2022-01-05T17:18:59+00:00","breadcrumb":{"@id":"https:\/\/www.breeze-technologies.de\/de\/projekte-und-referenzen\/interluft\/#breadcrumb"},"inLanguage":"de","potentialAction":[{"@type":"ReadAction","target":["https:\/\/www.breeze-technologies.de\/de\/projekte-und-referenzen\/interluft\/"]}]},{"@type":"BreadcrumbList","@id":"https:\/\/www.breeze-technologies.de\/de\/projekte-und-referenzen\/interluft\/#breadcrumb","itemListElement":[{"@type":"ListItem","position":1,"name":"Home","item":"https:\/\/www.breeze-technologies.de\/de\/home\/"},{"@type":"ListItem","position":2,"name":"Projekte und Kundenreferenzen","item":"https:\/\/www.breeze-technologies.de\/de\/projekte-und-referenzen\/"},{"@type":"ListItem","position":3,"name":"Forschungsproject: InterLuft"}]},{"@type":"WebSite","@id":"https:\/\/www.breeze-technologies.de\/de\/#website","url":"https:\/\/www.breeze-technologies.de\/de\/","name":"Breeze Technologies","description":"Environmental Sensor Solutions","publisher":{"@id":"https:\/\/www.breeze-technologies.de\/de\/#organization"},"potentialAction":[{"@type":"SearchAction","target":{"@type":"EntryPoint","urlTemplate":"https:\/\/www.breeze-technologies.de\/de\/?s={search_term_string}"},"query-input":{"@type":"PropertyValueSpecification","valueRequired":true,"valueName":"search_term_string"}}],"inLanguage":"de"},{"@type":"Organization","@id":"https:\/\/www.breeze-technologies.de\/de\/#organization","name":"Breeze Technologies","url":"https:\/\/www.breeze-technologies.de\/de\/","logo":{"@type":"ImageObject","inLanguage":"de","@id":"https:\/\/www.breeze-technologies.de\/de\/#\/schema\/logo\/image\/","url":"https:\/\/www.breeze-technologies.de\/wp-content\/uploads\/2017\/12\/Breeze-Logo-Normal-Web.png","contentUrl":"https:\/\/www.breeze-technologies.de\/wp-content\/uploads\/2017\/12\/Breeze-Logo-Normal-Web.png","width":2932,"height":976,"caption":"Breeze Technologies"},"image":{"@id":"https:\/\/www.breeze-technologies.de\/de\/#\/schema\/logo\/image\/"},"sameAs":["https:\/\/www.facebook.com\/breezetechnologies\/","https:\/\/x.com\/projectbreeze","https:\/\/instagram.com\/breezetechnologies\/","https:\/\/www.linkedin.com\/company\/breeze-technologies","https:\/\/www.youtube.com\/channel\/UCqRNWyXf5yexIRTzLvY9Zqw"]}]}},"jetpack_sharing_enabled":true,"_links":{"self":[{"href":"https:\/\/www.breeze-technologies.de\/de\/wp-json\/wp\/v2\/pages\/7498","targetHints":{"allow":["GET"]}}],"collection":[{"href":"https:\/\/www.breeze-technologies.de\/de\/wp-json\/wp\/v2\/pages"}],"about":[{"href":"https:\/\/www.breeze-technologies.de\/de\/wp-json\/wp\/v2\/types\/page"}],"author":[{"embeddable":true,"href":"https:\/\/www.breeze-technologies.de\/de\/wp-json\/wp\/v2\/users\/4"}],"replies":[{"embeddable":true,"href":"https:\/\/www.breeze-technologies.de\/de\/wp-json\/wp\/v2\/comments?post=7498"}],"version-history":[{"count":6,"href":"https:\/\/www.breeze-technologies.de\/de\/wp-json\/wp\/v2\/pages\/7498\/revisions"}],"predecessor-version":[{"id":9420,"href":"https:\/\/www.breeze-technologies.de\/de\/wp-json\/wp\/v2\/pages\/7498\/revisions\/9420"}],"up":[{"embeddable":true,"href":"https:\/\/www.breeze-technologies.de\/de\/wp-json\/wp\/v2\/pages\/3686"}],"wp:attachment":[{"href":"https:\/\/www.breeze-technologies.de\/de\/wp-json\/wp\/v2\/media?parent=7498"}],"curies":[{"name":"wp","href":"https:\/\/api.w.org\/{rel}","templated":true}]}}