{"id":5034,"date":"2020-12-02T18:12:28","date_gmt":"2020-12-02T17:12:28","guid":{"rendered":"https:\/\/www.breeze-technologies.de\/?page_id=5034"},"modified":"2020-12-15T13:04:54","modified_gmt":"2020-12-15T12:04:54","slug":"digital-hub-logistics","status":"publish","type":"page","link":"https:\/\/www.breeze-technologies.de\/de\/projekte-und-referenzen\/digital-hub-logistics\/","title":{"rendered":"Kundenreferenz: Digital Hub Logistics Hamburg &#8211; Corona-Pr\u00e4vention im Co-Working-Space"},"content":{"rendered":"\n<style type=\"text\/css\" data-created_by=\"avia_inline_auto\" id=\"style-css-av-7v1rjw-381b02f87f9579cd57ef56f22e7c8813\">\n.flex_column.av-7v1rjw-381b02f87f9579cd57ef56f22e7c8813{\nborder-radius:0px 0px 0px 0px;\npadding:0px 0px 0px 0px;\n}\n<\/style>\n<div  class='flex_column av-7v1rjw-381b02f87f9579cd57ef56f22e7c8813 av_one_full  avia-builder-el-0  el_before_av_one_third  avia-builder-el-first  first flex_column_div av-zero-column-padding  '     ><p>\n<style type=\"text\/css\" data-created_by=\"avia_inline_auto\" id=\"style-css-av-k9l2v64w-8bbf838a62f051b4114d364651ffd450\">\n.avia-image-container.av-k9l2v64w-8bbf838a62f051b4114d364651ffd450 img.avia_image{\nbox-shadow:none;\n}\n.avia-image-container.av-k9l2v64w-8bbf838a62f051b4114d364651ffd450 .av-image-caption-overlay-center{\ncolor:#ffffff;\n}\n<\/style>\n<div  class='avia-image-container av-k9l2v64w-8bbf838a62f051b4114d364651ffd450 av-styling- avia-align-center  avia-builder-el-1  el_before_av_heading  avia-builder-el-first '   itemprop=\"image\" itemscope=\"itemscope\" itemtype=\"https:\/\/schema.org\/ImageObject\" ><div class=\"avia-image-container-inner\"><div class=\"avia-image-overlay-wrap\"><img decoding=\"async\" fetchpriority=\"high\" class='wp-image-5035 avia-img-lazy-loading-not-5035 avia_image ' src=\"https:\/\/www.breeze-technologies.de\/wp-content\/uploads\/2020\/12\/Digital-Hub-Logistics-Hamburg-Logo.png\" alt='Digital Hub Logistics Hamburg - Logo' title='Digital-Hub-Logistics-Hamburg-Logo'  height=\"300\" width=\"500\"  itemprop=\"thumbnailUrl\"  \/><\/div><\/div><\/div><br \/>\n\n<style type=\"text\/css\" data-created_by=\"avia_inline_auto\" id=\"style-css-av-ki7nirb4-83a27e499fe44c1a64be7b9e75624bf5\">\n#top .av-special-heading.av-ki7nirb4-83a27e499fe44c1a64be7b9e75624bf5{\npadding-bottom:10px;\n}\nbody .av-special-heading.av-ki7nirb4-83a27e499fe44c1a64be7b9e75624bf5 .av-special-heading-tag .heading-char{\nfont-size:25px;\n}\n.av-special-heading.av-ki7nirb4-83a27e499fe44c1a64be7b9e75624bf5 .av-subheading{\nfont-size:15px;\n}\n<\/style>\n<div  class='av-special-heading av-ki7nirb4-83a27e499fe44c1a64be7b9e75624bf5 av-special-heading-h1 blockquote modern-quote modern-centered  avia-builder-el-2  el_after_av_image  avia-builder-el-last  av-linked-heading'><h1 class='av-special-heading-tag '  itemprop=\"headline\"  >Kundenreferenz: Digital Hub Logistics Hamburg<\/h1><div class=\"special-heading-border\"><div class=\"special-heading-inner-border\"><\/div><\/div><\/div><\/p><\/div>\n<style type=\"text\/css\" data-created_by=\"avia_inline_auto\" id=\"style-css-av-47iol8-13d7766fc47c8dc342489507191e8f7b\">\n.flex_column.av-47iol8-13d7766fc47c8dc342489507191e8f7b{\nborder-radius:0px 0px 0px 0px;\npadding:0px 0px 0px 0px;\n}\n<\/style>\n<div  class='flex_column av-47iol8-13d7766fc47c8dc342489507191e8f7b av_one_third  avia-builder-el-3  el_after_av_one_full  el_before_av_two_third  first flex_column_div av-zero-column-padding  column-top-margin'     ><section  class='av_textblock_section av-k9kip70r-c2b92eb9bf602ded60261e0ca5f09e2e '   itemscope=\"itemscope\" itemtype=\"https:\/\/schema.org\/CreativeWork\" ><div class='avia_textblock'  itemprop=\"text\" ><h5>Kunde:<\/h5>\n<p>Digital Hub Logistics Hamburg<\/p>\n<h5>Sektor:<\/h5>\n<p>Privatwirtschaft \/ Logistik und Supply Chain<\/p>\n<h5>Projektdauer:<\/h5>\n<p>1+ Jahr<\/p>\n<h5>Projekttyp:<\/h5>\n<p><a href=\"https:\/\/www.breeze-technologies.de\/de\/loesungen\/luftqualitaet-im-buero\/coronavirus-praevention\/\">Corona-Pr\u00e4vention durch Luftqualit\u00e4tsmanagement<\/a><\/p>\n<h5>Herausforderung:<\/h5>\n<p>Luftqualit\u00e4tsmessungen im Innenraum f\u00fcr bessere Kapazit\u00e4tsplanung und Sicherstellung ausreichender L\u00fcftungsintervallee im Zuge der Corona-Pandemie<\/p>\n<h5>Ergebnis:<\/h5>\n<p>Luftqualit\u00e4ts\u00fcberwachung stellt ein wichtiges Puzzleteil zur Bew\u00e4ltung der Corona-Pandemie dar<\/p>\n<\/div><\/section><\/div>\n<style type=\"text\/css\" data-created_by=\"avia_inline_auto\" id=\"style-css-av-32xzpo-606d33f4f44b2be19119ab4110386a9a\">\n.flex_column.av-32xzpo-606d33f4f44b2be19119ab4110386a9a{\nborder-radius:0px 0px 0px 0px;\npadding:0px 0px 0px 0px;\n}\n<\/style>\n<div  class='flex_column av-32xzpo-606d33f4f44b2be19119ab4110386a9a av_two_third  avia-builder-el-5  el_after_av_one_third  avia-builder-el-last  flex_column_div av-zero-column-padding  column-top-margin'     ><section  class='av_textblock_section av-k9kispkn-21de61ec027f7917378e68cd3e789cfe '   itemscope=\"itemscope\" itemtype=\"https:\/\/schema.org\/CreativeWork\" ><div class='avia_textblock'  itemprop=\"text\" ><p><em>\u201eBreeze Technologies hat den Digital Hub Logistics mit technischer Expertise bei der Bew\u00e4ltigung der Auswirkungen durch die Corona-Pandemie hervorragend unterst\u00fctzt. Dabei ist die Plug&amp;Play-L\u00f6sung absolut gewinnbringend, spart unn\u00f6tigen Arbeitsaufwand auf Seiten des Hubs und liefert sehr gute Ergebnisse bei einem exzellenten Preis-\/Leistungsverh\u00e4ltnis. <\/em><em>\u201c<\/em> &#8211; <strong>Johannes Berg<\/strong>, Gesch\u00e4ftsf\u00fchrer<\/p>\n<h4>PROJEKTKONTEXT<\/h4>\n<p>Um die Auswirkungen der Corona-Pandemie auf einen Innovationshub mitsamt seines Co-Workingbereichs so gering wie m\u00f6glich zu halten ist ein wichtiges Puzzleteil die \u00dcberwachung der Luftqualit\u00e4t in den Innenbereichen.<\/p>\n<p><img decoding=\"async\" data-attachment-id=\"5037\" data-permalink=\"https:\/\/www.breeze-technologies.de\/de\/projekte-und-referenzen\/digital-hub-logistics\/luftqualita%cc%88tssensor-im-digital-hub-logistics-hamburg\/\" data-orig-file=\"https:\/\/www.breeze-technologies.de\/wp-content\/uploads\/2020\/12\/Luftqualita\u0308tssensor-im-Digital-Hub-Logistics-Hamburg-scaled.jpg\" data-orig-size=\"2560,1920\" data-comments-opened=\"0\" data-image-meta=\"{&quot;aperture&quot;:&quot;0&quot;,&quot;credit&quot;:&quot;&quot;,&quot;camera&quot;:&quot;&quot;,&quot;caption&quot;:&quot;&quot;,&quot;created_timestamp&quot;:&quot;0&quot;,&quot;copyright&quot;:&quot;&quot;,&quot;focal_length&quot;:&quot;0&quot;,&quot;iso&quot;:&quot;0&quot;,&quot;shutter_speed&quot;:&quot;0&quot;,&quot;title&quot;:&quot;&quot;,&quot;orientation&quot;:&quot;0&quot;}\" data-image-title=\"Luftqualita\u0308tssensor im Digital Hub Logistics Hamburg\" data-image-description=\"\" data-image-caption=\"\" data-large-file=\"https:\/\/www.breeze-technologies.de\/wp-content\/uploads\/2020\/12\/Luftqualita\u0308tssensor-im-Digital-Hub-Logistics-Hamburg-1440x1080.jpg\" class=\"aligncenter size-large wp-image-5037 lazyload\" data-src=\"https:\/\/www.breeze-technologies.de\/wp-content\/uploads\/2020\/12\/Luftqualita\u0308tssensor-im-Digital-Hub-Logistics-Hamburg-1440x1080.jpg\" alt=\"Luftqualita\u0308tssensor im Digital Hub Logistics Hamburg\" width=\"1440\" height=\"1080\" data-srcset=\"https:\/\/www.breeze-technologies.de\/wp-content\/uploads\/2020\/12\/Luftqualita\u0308tssensor-im-Digital-Hub-Logistics-Hamburg-1440x1080.jpg 1440w, https:\/\/www.breeze-technologies.de\/wp-content\/uploads\/2020\/12\/Luftqualita\u0308tssensor-im-Digital-Hub-Logistics-Hamburg-720x540.jpg 720w, https:\/\/www.breeze-technologies.de\/wp-content\/uploads\/2020\/12\/Luftqualita\u0308tssensor-im-Digital-Hub-Logistics-Hamburg-768x576.jpg 768w, https:\/\/www.breeze-technologies.de\/wp-content\/uploads\/2020\/12\/Luftqualita\u0308tssensor-im-Digital-Hub-Logistics-Hamburg-1536x1152.jpg 1536w, https:\/\/www.breeze-technologies.de\/wp-content\/uploads\/2020\/12\/Luftqualita\u0308tssensor-im-Digital-Hub-Logistics-Hamburg-2048x1536.jpg 2048w, https:\/\/www.breeze-technologies.de\/wp-content\/uploads\/2020\/12\/Luftqualita\u0308tssensor-im-Digital-Hub-Logistics-Hamburg-1500x1125.jpg 1500w, https:\/\/www.breeze-technologies.de\/wp-content\/uploads\/2020\/12\/Luftqualita\u0308tssensor-im-Digital-Hub-Logistics-Hamburg-705x529.jpg 705w\" data-sizes=\"(max-width: 1440px) 100vw, 1440px\" src=\"data:image\/svg+xml;base64,PHN2ZyB3aWR0aD0iMSIgaGVpZ2h0PSIxIiB4bWxucz0iaHR0cDovL3d3dy53My5vcmcvMjAwMC9zdmciPjwvc3ZnPg==\" style=\"--smush-placeholder-width: 1440px; --smush-placeholder-aspect-ratio: 1440\/1080;\" \/><\/p>\n<h4>PROJEKTZIELE<\/h4>\n<p>Das Projektziel war die Pr\u00fcfung und Sicherstellung einer ausreichenden Frischluftzufuhr, um das Coronavirus-Infektionsrisiko am Arbeitsplatz zu minimieren und eine optimale Arbeitsumgebung f\u00fcr die Nutzer des Co-Workingbereichs herzustellen.<\/p>\n<h4>PROJEKTERGEBNISSE<\/h4>\n<p>Seit Oktober 2020 wird die Luftqualit\u00e4t des Co-Working-Bereichs kontinuierlich \u00fcberwacht. Gemessen werden unter anderem die Faktoren Temperatur, Luftfeuchtigkeit, die CO<sub>2<\/sub>-Konzentration und die Konzentration an fl\u00fcchtigen organischen Verbindungen (VOCs). \u00dcber den Abgleich mit den Empfehlungen des Umweltbundesamtes und den SARS-CoV-2-Arbeitsschutzstandard wird sichergestellt, dass eine ausreichende Frischluftzufuhr herrscht. Die Daten werden in Echtzeit visualisiert, die Messdaten k\u00f6nnen von den Nutzern der R\u00e4umlichkeiten abgerufen werden. Bei \u00dcberschreitungen werden die Nutzer der R\u00e4umlichkeiten aufgefordert zu l\u00fcften.<\/p>\n<p>Der Digital Hub Logistics schlie\u00dft ab: <em>&#8222;Die Kompetenz des Teams von Breeze Technologies, die absolut Nutzerfreundliche Installation des Sensors sowie die einfache und dennoch zielf\u00fchrende Kommunikation mit Breeze Technologies war super.&#8220;<\/em><\/p>\n<\/div><\/section><\/div><\/p>\n","protected":false},"excerpt":{"rendered":"","protected":false},"author":4,"featured_media":3698,"parent":3686,"menu_order":1,"comment_status":"closed","ping_status":"closed","template":"","meta":{"_exactmetrics_skip_tracking":false,"_exactmetrics_sitenote_active":false,"_exactmetrics_sitenote_note":"","_exactmetrics_sitenote_category":0,"footnotes":""},"class_list":["post-5034","page","type-page","status-publish","has-post-thumbnail","hentry"],"yoast_head":"<title>Kundenreferenz: Digital Hub Logistics Hamburg - Corona-Pr\u00e4vention im Co-Working-Space - Breeze Technologies<\/title>\n<meta name=\"robots\" content=\"index, follow, max-snippet:-1, max-image-preview:large, max-video-preview:-1\" \/>\n<link rel=\"canonical\" href=\"https:\/\/www.breeze-technologies.de\/de\/projekte-und-referenzen\/digital-hub-logistics\/\" \/>\n<meta property=\"og:locale\" content=\"de_DE\" \/>\n<meta property=\"og:type\" content=\"article\" \/>\n<meta property=\"og:title\" content=\"Kundenreferenz: Digital Hub Logistics Hamburg - Corona-Pr\u00e4vention im Co-Working-Space - Breeze Technologies\" \/>\n<meta property=\"og:url\" content=\"https:\/\/www.breeze-technologies.de\/de\/projekte-und-referenzen\/digital-hub-logistics\/\" \/>\n<meta property=\"og:site_name\" content=\"Breeze Technologies\" \/>\n<meta property=\"article:publisher\" content=\"https:\/\/www.facebook.com\/breezetechnologies\/\" \/>\n<meta property=\"article:modified_time\" content=\"2020-12-15T12:04:54+00:00\" \/>\n<meta property=\"og:image\" content=\"https:\/\/www.breeze-technologies.de\/wp-content\/uploads\/2020\/04\/Stadt-Hennef.png\" \/>\n\t<meta property=\"og:image:width\" content=\"500\" \/>\n\t<meta property=\"og:image:height\" content=\"300\" \/>\n\t<meta property=\"og:image:type\" content=\"image\/png\" \/>\n<meta name=\"twitter:card\" content=\"summary_large_image\" \/>\n<meta name=\"twitter:site\" content=\"@projectbreeze\" \/>\n<meta name=\"twitter:label1\" content=\"Gesch\u00e4tzte Lesezeit\" \/>\n\t<meta name=\"twitter:data1\" content=\"4\u00a0Minuten\" \/>\n<script type=\"application\/ld+json\" class=\"yoast-schema-graph\">{\"@context\":\"https:\\\/\\\/schema.org\",\"@graph\":[{\"@type\":\"WebPage\",\"@id\":\"https:\\\/\\\/www.breeze-technologies.de\\\/de\\\/projekte-und-referenzen\\\/digital-hub-logistics\\\/\",\"url\":\"https:\\\/\\\/www.breeze-technologies.de\\\/de\\\/projekte-und-referenzen\\\/digital-hub-logistics\\\/\",\"name\":\"Kundenreferenz: Digital Hub Logistics Hamburg - Corona-Pr\u00e4vention im Co-Working-Space - Breeze Technologies\",\"isPartOf\":{\"@id\":\"https:\\\/\\\/www.breeze-technologies.de\\\/de\\\/#website\"},\"primaryImageOfPage\":{\"@id\":\"https:\\\/\\\/www.breeze-technologies.de\\\/de\\\/projekte-und-referenzen\\\/digital-hub-logistics\\\/#primaryimage\"},\"image\":{\"@id\":\"https:\\\/\\\/www.breeze-technologies.de\\\/de\\\/projekte-und-referenzen\\\/digital-hub-logistics\\\/#primaryimage\"},\"thumbnailUrl\":\"https:\\\/\\\/www.breeze-technologies.de\\\/wp-content\\\/uploads\\\/2020\\\/04\\\/Stadt-Hennef.png\",\"datePublished\":\"2020-12-02T17:12:28+00:00\",\"dateModified\":\"2020-12-15T12:04:54+00:00\",\"breadcrumb\":{\"@id\":\"https:\\\/\\\/www.breeze-technologies.de\\\/de\\\/projekte-und-referenzen\\\/digital-hub-logistics\\\/#breadcrumb\"},\"inLanguage\":\"de\",\"potentialAction\":[{\"@type\":\"ReadAction\",\"target\":[\"https:\\\/\\\/www.breeze-technologies.de\\\/de\\\/projekte-und-referenzen\\\/digital-hub-logistics\\\/\"]}]},{\"@type\":\"ImageObject\",\"inLanguage\":\"de\",\"@id\":\"https:\\\/\\\/www.breeze-technologies.de\\\/de\\\/projekte-und-referenzen\\\/digital-hub-logistics\\\/#primaryimage\",\"url\":\"https:\\\/\\\/www.breeze-technologies.de\\\/wp-content\\\/uploads\\\/2020\\\/04\\\/Stadt-Hennef.png\",\"contentUrl\":\"https:\\\/\\\/www.breeze-technologies.de\\\/wp-content\\\/uploads\\\/2020\\\/04\\\/Stadt-Hennef.png\",\"width\":500,\"height\":300,\"caption\":\"Stadt Hennef\"},{\"@type\":\"BreadcrumbList\",\"@id\":\"https:\\\/\\\/www.breeze-technologies.de\\\/de\\\/projekte-und-referenzen\\\/digital-hub-logistics\\\/#breadcrumb\",\"itemListElement\":[{\"@type\":\"ListItem\",\"position\":1,\"name\":\"Home\",\"item\":\"https:\\\/\\\/www.breeze-technologies.de\\\/de\\\/home\\\/\"},{\"@type\":\"ListItem\",\"position\":2,\"name\":\"Projekte und Kundenreferenzen\",\"item\":\"https:\\\/\\\/www.breeze-technologies.de\\\/de\\\/projekte-und-referenzen\\\/\"},{\"@type\":\"ListItem\",\"position\":3,\"name\":\"Kundenreferenz: Digital Hub Logistics Hamburg &#8211; Corona-Pr\u00e4vention im Co-Working-Space\"}]},{\"@type\":\"WebSite\",\"@id\":\"https:\\\/\\\/www.breeze-technologies.de\\\/de\\\/#website\",\"url\":\"https:\\\/\\\/www.breeze-technologies.de\\\/de\\\/\",\"name\":\"Breeze Technologies\",\"description\":\"Environmental Sensor Solutions\",\"publisher\":{\"@id\":\"https:\\\/\\\/www.breeze-technologies.de\\\/de\\\/#organization\"},\"potentialAction\":[{\"@type\":\"SearchAction\",\"target\":{\"@type\":\"EntryPoint\",\"urlTemplate\":\"https:\\\/\\\/www.breeze-technologies.de\\\/de\\\/?s={search_term_string}\"},\"query-input\":{\"@type\":\"PropertyValueSpecification\",\"valueRequired\":true,\"valueName\":\"search_term_string\"}}],\"inLanguage\":\"de\"},{\"@type\":\"Organization\",\"@id\":\"https:\\\/\\\/www.breeze-technologies.de\\\/de\\\/#organization\",\"name\":\"Breeze Technologies\",\"url\":\"https:\\\/\\\/www.breeze-technologies.de\\\/de\\\/\",\"logo\":{\"@type\":\"ImageObject\",\"inLanguage\":\"de\",\"@id\":\"https:\\\/\\\/www.breeze-technologies.de\\\/de\\\/#\\\/schema\\\/logo\\\/image\\\/\",\"url\":\"https:\\\/\\\/www.breeze-technologies.de\\\/wp-content\\\/uploads\\\/2017\\\/12\\\/Breeze-Logo-Normal-Web.png\",\"contentUrl\":\"https:\\\/\\\/www.breeze-technologies.de\\\/wp-content\\\/uploads\\\/2017\\\/12\\\/Breeze-Logo-Normal-Web.png\",\"width\":2932,\"height\":976,\"caption\":\"Breeze Technologies\"},\"image\":{\"@id\":\"https:\\\/\\\/www.breeze-technologies.de\\\/de\\\/#\\\/schema\\\/logo\\\/image\\\/\"},\"sameAs\":[\"https:\\\/\\\/www.facebook.com\\\/breezetechnologies\\\/\",\"https:\\\/\\\/x.com\\\/projectbreeze\",\"https:\\\/\\\/instagram.com\\\/breezetechnologies\\\/\",\"https:\\\/\\\/www.linkedin.com\\\/company\\\/breeze-technologies\",\"https:\\\/\\\/www.youtube.com\\\/channel\\\/UCqRNWyXf5yexIRTzLvY9Zqw\"]}]}<\/script>","yoast_head_json":{"title":"Kundenreferenz: Digital Hub Logistics Hamburg - Corona-Pr\u00e4vention im Co-Working-Space - Breeze Technologies","robots":{"index":"index","follow":"follow","max-snippet":"max-snippet:-1","max-image-preview":"max-image-preview:large","max-video-preview":"max-video-preview:-1"},"canonical":"https:\/\/www.breeze-technologies.de\/de\/projekte-und-referenzen\/digital-hub-logistics\/","og_locale":"de_DE","og_type":"article","og_title":"Kundenreferenz: Digital Hub Logistics Hamburg - Corona-Pr\u00e4vention im Co-Working-Space - Breeze Technologies","og_url":"https:\/\/www.breeze-technologies.de\/de\/projekte-und-referenzen\/digital-hub-logistics\/","og_site_name":"Breeze Technologies","article_publisher":"https:\/\/www.facebook.com\/breezetechnologies\/","article_modified_time":"2020-12-15T12:04:54+00:00","og_image":[{"width":500,"height":300,"url":"https:\/\/www.breeze-technologies.de\/wp-content\/uploads\/2020\/04\/Stadt-Hennef.png","type":"image\/png"}],"twitter_card":"summary_large_image","twitter_site":"@projectbreeze","twitter_misc":{"Gesch\u00e4tzte Lesezeit":"4\u00a0Minuten"},"schema":{"@context":"https:\/\/schema.org","@graph":[{"@type":"WebPage","@id":"https:\/\/www.breeze-technologies.de\/de\/projekte-und-referenzen\/digital-hub-logistics\/","url":"https:\/\/www.breeze-technologies.de\/de\/projekte-und-referenzen\/digital-hub-logistics\/","name":"Kundenreferenz: Digital Hub Logistics Hamburg - Corona-Pr\u00e4vention im Co-Working-Space - Breeze Technologies","isPartOf":{"@id":"https:\/\/www.breeze-technologies.de\/de\/#website"},"primaryImageOfPage":{"@id":"https:\/\/www.breeze-technologies.de\/de\/projekte-und-referenzen\/digital-hub-logistics\/#primaryimage"},"image":{"@id":"https:\/\/www.breeze-technologies.de\/de\/projekte-und-referenzen\/digital-hub-logistics\/#primaryimage"},"thumbnailUrl":"https:\/\/www.breeze-technologies.de\/wp-content\/uploads\/2020\/04\/Stadt-Hennef.png","datePublished":"2020-12-02T17:12:28+00:00","dateModified":"2020-12-15T12:04:54+00:00","breadcrumb":{"@id":"https:\/\/www.breeze-technologies.de\/de\/projekte-und-referenzen\/digital-hub-logistics\/#breadcrumb"},"inLanguage":"de","potentialAction":[{"@type":"ReadAction","target":["https:\/\/www.breeze-technologies.de\/de\/projekte-und-referenzen\/digital-hub-logistics\/"]}]},{"@type":"ImageObject","inLanguage":"de","@id":"https:\/\/www.breeze-technologies.de\/de\/projekte-und-referenzen\/digital-hub-logistics\/#primaryimage","url":"https:\/\/www.breeze-technologies.de\/wp-content\/uploads\/2020\/04\/Stadt-Hennef.png","contentUrl":"https:\/\/www.breeze-technologies.de\/wp-content\/uploads\/2020\/04\/Stadt-Hennef.png","width":500,"height":300,"caption":"Stadt Hennef"},{"@type":"BreadcrumbList","@id":"https:\/\/www.breeze-technologies.de\/de\/projekte-und-referenzen\/digital-hub-logistics\/#breadcrumb","itemListElement":[{"@type":"ListItem","position":1,"name":"Home","item":"https:\/\/www.breeze-technologies.de\/de\/home\/"},{"@type":"ListItem","position":2,"name":"Projekte und Kundenreferenzen","item":"https:\/\/www.breeze-technologies.de\/de\/projekte-und-referenzen\/"},{"@type":"ListItem","position":3,"name":"Kundenreferenz: Digital Hub Logistics Hamburg &#8211; Corona-Pr\u00e4vention im Co-Working-Space"}]},{"@type":"WebSite","@id":"https:\/\/www.breeze-technologies.de\/de\/#website","url":"https:\/\/www.breeze-technologies.de\/de\/","name":"Breeze Technologies","description":"Environmental Sensor Solutions","publisher":{"@id":"https:\/\/www.breeze-technologies.de\/de\/#organization"},"potentialAction":[{"@type":"SearchAction","target":{"@type":"EntryPoint","urlTemplate":"https:\/\/www.breeze-technologies.de\/de\/?s={search_term_string}"},"query-input":{"@type":"PropertyValueSpecification","valueRequired":true,"valueName":"search_term_string"}}],"inLanguage":"de"},{"@type":"Organization","@id":"https:\/\/www.breeze-technologies.de\/de\/#organization","name":"Breeze Technologies","url":"https:\/\/www.breeze-technologies.de\/de\/","logo":{"@type":"ImageObject","inLanguage":"de","@id":"https:\/\/www.breeze-technologies.de\/de\/#\/schema\/logo\/image\/","url":"https:\/\/www.breeze-technologies.de\/wp-content\/uploads\/2017\/12\/Breeze-Logo-Normal-Web.png","contentUrl":"https:\/\/www.breeze-technologies.de\/wp-content\/uploads\/2017\/12\/Breeze-Logo-Normal-Web.png","width":2932,"height":976,"caption":"Breeze Technologies"},"image":{"@id":"https:\/\/www.breeze-technologies.de\/de\/#\/schema\/logo\/image\/"},"sameAs":["https:\/\/www.facebook.com\/breezetechnologies\/","https:\/\/x.com\/projectbreeze","https:\/\/instagram.com\/breezetechnologies\/","https:\/\/www.linkedin.com\/company\/breeze-technologies","https:\/\/www.youtube.com\/channel\/UCqRNWyXf5yexIRTzLvY9Zqw"]}]}},"jetpack_sharing_enabled":true,"_links":{"self":[{"href":"https:\/\/www.breeze-technologies.de\/de\/wp-json\/wp\/v2\/pages\/5034","targetHints":{"allow":["GET"]}}],"collection":[{"href":"https:\/\/www.breeze-technologies.de\/de\/wp-json\/wp\/v2\/pages"}],"about":[{"href":"https:\/\/www.breeze-technologies.de\/de\/wp-json\/wp\/v2\/types\/page"}],"author":[{"embeddable":true,"href":"https:\/\/www.breeze-technologies.de\/de\/wp-json\/wp\/v2\/users\/4"}],"replies":[{"embeddable":true,"href":"https:\/\/www.breeze-technologies.de\/de\/wp-json\/wp\/v2\/comments?post=5034"}],"version-history":[{"count":3,"href":"https:\/\/www.breeze-technologies.de\/de\/wp-json\/wp\/v2\/pages\/5034\/revisions"}],"predecessor-version":[{"id":6414,"href":"https:\/\/www.breeze-technologies.de\/de\/wp-json\/wp\/v2\/pages\/5034\/revisions\/6414"}],"up":[{"embeddable":true,"href":"https:\/\/www.breeze-technologies.de\/de\/wp-json\/wp\/v2\/pages\/3686"}],"wp:featuredmedia":[{"embeddable":true,"href":"https:\/\/www.breeze-technologies.de\/de\/wp-json\/wp\/v2\/media\/3698"}],"wp:attachment":[{"href":"https:\/\/www.breeze-technologies.de\/de\/wp-json\/wp\/v2\/media?parent=5034"}],"curies":[{"name":"wp","href":"https:\/\/api.w.org\/{rel}","templated":true}]}}