{"id":4570,"date":"2021-01-12T13:20:47","date_gmt":"2021-01-12T12:20:47","guid":{"rendered":"https:\/\/www.breeze-technologies.de\/?page_id=4570"},"modified":"2021-03-03T21:45:29","modified_gmt":"2021-03-03T20:45:29","slug":"nabu-hamburg","status":"publish","type":"page","link":"https:\/\/www.breeze-technologies.de\/de\/projekte-und-referenzen\/nabu-hamburg\/","title":{"rendered":"Kundenreferenz: NABU Hamburg &#8211; Gemeinn\u00fctziges Luftmessnetz im Hamburger Hafen"},"content":{"rendered":"\n<style type=\"text\/css\" data-created_by=\"avia_inline_auto\" id=\"style-css-av-7tnedj-1d2e2a377fe6e6b95dee2df26eb87699\">\n.flex_column.av-7tnedj-1d2e2a377fe6e6b95dee2df26eb87699{\nborder-radius:0px 0px 0px 0px;\npadding:0px 0px 0px 0px;\n}\n<\/style>\n<div  class='flex_column av-7tnedj-1d2e2a377fe6e6b95dee2df26eb87699 av_one_full  avia-builder-el-0  el_before_av_one_full  avia-builder-el-first  first flex_column_div av-zero-column-padding  '     ><style type=\"text\/css\" data-created_by=\"avia_inline_auto\" id=\"style-css-av-kacik5ib-4313214dbce791d06e2e35d3fa36996d\">\n.avia-image-container.av-kacik5ib-4313214dbce791d06e2e35d3fa36996d img.avia_image{\nbox-shadow:none;\n}\n.avia-image-container.av-kacik5ib-4313214dbce791d06e2e35d3fa36996d .av-image-caption-overlay-center{\ncolor:#ffffff;\n}\n<\/style>\n<div  class='avia-image-container av-kacik5ib-4313214dbce791d06e2e35d3fa36996d av-styling- avia-align-center  avia-builder-el-1  avia-builder-el-no-sibling '   itemprop=\"image\" itemscope=\"itemscope\" itemtype=\"https:\/\/schema.org\/ImageObject\" ><div class=\"avia-image-container-inner\"><div class=\"avia-image-overlay-wrap\"><img decoding=\"async\" fetchpriority=\"high\" class='wp-image-4572 avia-img-lazy-loading-not-4572 avia_image ' src=\"https:\/\/www.breeze-technologies.de\/wp-content\/uploads\/2020\/10\/NABU_Logo_RGB_hamburg.jpg\" alt='NABU Hamburg Logo' title='NABU Hamburg Logo'  height=\"300\" width=\"500\"  itemprop=\"thumbnailUrl\"  \/><\/div><\/div><\/div><\/div>\n\n<style type=\"text\/css\" data-created_by=\"avia_inline_auto\" id=\"style-css-av-5c4nuv-28568590ddf4fdf4fd32c19876cb0b85\">\n.flex_column.av-5c4nuv-28568590ddf4fdf4fd32c19876cb0b85{\nborder-radius:0px 0px 0px 0px;\npadding:0px 0px 0px 0px;\n}\n<\/style>\n<div  class='flex_column av-5c4nuv-28568590ddf4fdf4fd32c19876cb0b85 av_one_full  avia-builder-el-2  el_after_av_one_full  el_before_av_one_third  first flex_column_div av-zero-column-padding  column-top-margin'     ><style type=\"text\/css\" data-created_by=\"avia_inline_auto\" id=\"style-css-av-kgrtdsix-047ff2613677f01bef86cd1de4faf5db\">\n#top .av-special-heading.av-kgrtdsix-047ff2613677f01bef86cd1de4faf5db{\npadding-bottom:10px;\n}\nbody .av-special-heading.av-kgrtdsix-047ff2613677f01bef86cd1de4faf5db .av-special-heading-tag .heading-char{\nfont-size:25px;\n}\n.av-special-heading.av-kgrtdsix-047ff2613677f01bef86cd1de4faf5db .av-subheading{\nfont-size:15px;\n}\n<\/style>\n<div  class='av-special-heading av-kgrtdsix-047ff2613677f01bef86cd1de4faf5db av-special-heading-h2 blockquote modern-quote modern-centered  avia-builder-el-3  avia-builder-el-no-sibling  av-linked-heading'><h2 class='av-special-heading-tag '  itemprop=\"headline\"  >Kundenreferenz: NABU Hamburg <\/h2><div class=\"special-heading-border\"><div class=\"special-heading-inner-border\"><\/div><\/div><\/div><\/div>\n\n<style type=\"text\/css\" data-created_by=\"avia_inline_auto\" id=\"style-css-av-3zjwlz-f9bb8356e1ecddeb9770c90084fd87df\">\n.flex_column.av-3zjwlz-f9bb8356e1ecddeb9770c90084fd87df{\nborder-radius:0px 0px 0px 0px;\npadding:0px 0px 0px 0px;\n}\n<\/style>\n<div  class='flex_column av-3zjwlz-f9bb8356e1ecddeb9770c90084fd87df av_one_third  avia-builder-el-4  el_after_av_one_full  el_before_av_two_third  first flex_column_div av-zero-column-padding  column-top-margin'     ><section  class='av_textblock_section av-kaci6gzn-7b41f6f501c63a6da0446ef3a8daa79a '   itemscope=\"itemscope\" itemtype=\"https:\/\/schema.org\/CreativeWork\" ><div class='avia_textblock'  itemprop=\"text\" ><h5>Kunde:<\/h5>\n<p>NABU Hamburg e.V.<\/p>\n<h5>Sektor:<\/h5>\n<p>NGO \/ Umweltschutzverband<\/p>\n<h5>Projektdauer:<\/h5>\n<p>2+ Jahre<\/p>\n<h5>Projekttyp:<\/h5>\n<p>Gemeinn\u00fctziges Luftmessnetz<\/p>\n<h5>Herausforderung:<\/h5>\n<p>Aufbau eines Luftmessnetzes entlang der n\u00f6rdlichen Elbkante, um Transparenz f\u00fcr die Bev\u00f6lkerung herzustellen und Probleme sichtbar zu machen<\/p>\n<h5>Ergebnis:<\/h5>\n<p><span style=\"font-weight: 400;\">Erh\u00f6hung der Transparenz \u00fcber schiffs- und hafenbedingte Immissionen, Herstellung einer belastbaren Datengrundlage zur Bewertung der Luftqualit\u00e4t in den Wohnvierteln am Hamburger Hafen<\/span><\/p>\n<\/div><\/section><\/div>\n\n<style type=\"text\/css\" data-created_by=\"avia_inline_auto\" id=\"style-css-av-2j4osn-22b3d89cabc9b097b42018461eecddfe\">\n.flex_column.av-2j4osn-22b3d89cabc9b097b42018461eecddfe{\nborder-radius:0px 0px 0px 0px;\npadding:0px 0px 0px 0px;\n}\n<\/style>\n<div  class='flex_column av-2j4osn-22b3d89cabc9b097b42018461eecddfe av_two_third  avia-builder-el-6  el_after_av_one_third  avia-builder-el-last  flex_column_div av-zero-column-padding  column-top-margin'     ><section  class='av_textblock_section av-kacie6vz-06db1e044b29d90e216cc1d828cded65 '   itemscope=\"itemscope\" itemtype=\"https:\/\/schema.org\/CreativeWork\" ><div class='avia_textblock'  itemprop=\"text\" ><p><em>\u201eMit unserer Arbeit zu Schifffahrt und Hafen, haben wir eine breite \u00d6ffentlichkeit erreicht und viele neue Mitstreiter gewonnen. Das Luftschadstoffmessnetz hat dabei sehr geholfen. In Hamburg wurden in letzter Zeit wegweisende politische Entscheidungen getroffen, um die Luftschadstoffbelastung aus dem Hafen zu mindern. Dies geht nicht zuletzt auch auf unsere Arbeit zur\u00fcck.\u201c <\/em>\u00a0&#8211; <strong>Malte Siegert<\/strong>, 1. Vorsitzender des NABU Hamburg<\/p>\n<h4>PROJEKTKONTEXT<\/h4>\n<p>Der Hafen und die Schifffahrt tragen ma\u00dfgeblich zur Luftschadstoffbelastung in Hamburg bei. Der NABU Hamburg arbeitet daher seit vielen Jahren im Bereich der Schiffsemissionen und hat immer wieder kurze Messungen durchgef\u00fchrt. Vom Hamburger Hafenrand hat der Umweltschutzverband sehr h\u00e4ufig Zuschriften von Anwohnerinnen und Anwohnern erhalten, die sich \u00fcber schlechte Luft und Gestank beklagt haben. Das st\u00e4dtische Messnetz hat entlang der Elbe und in den anliegenden Wohnquartieren gro\u00dfe L\u00fccken.<\/p>\n<p>Gemeinsam mit den Anwohnerinnen und Anwohnern wollte der NABU daher ein Messnetz zur Erfassung der Luftqualit\u00e4t aufbauen. Damit will der NABU Hamburg das Problem sichtbar machen: <em>&#8222;Der Luftschadstoffaussto\u00df auf dem Wasser ist vergleichsweise lax reguliert. Schiffe d\u00fcrfen minderwertige Kraftstoffe verbrennen und sind nicht angehalten, Katalysatoren oder Partikelfilter zu verwenden.&#8220;<\/em><\/p>\n<div id=\"attachment_5853\" style=\"width: 690px\" class=\"wp-caption aligncenter\"><img decoding=\"async\" aria-describedby=\"caption-attachment-5853\" data-attachment-id=\"5853\" data-permalink=\"https:\/\/www.breeze-technologies.de\/de\/projekte-und-referenzen\/nabu-hamburg\/190404-nabu-luftmessnetz-karte-breeze-680x453\/\" data-orig-file=\"https:\/\/www.breeze-technologies.de\/wp-content\/uploads\/2021\/03\/190404-nabu-luftmessnetz-karte-breeze-680x453-1.jpg\" data-orig-size=\"680,453\" data-comments-opened=\"0\" data-image-meta=\"{&quot;aperture&quot;:&quot;0&quot;,&quot;credit&quot;:&quot;&quot;,&quot;camera&quot;:&quot;&quot;,&quot;caption&quot;:&quot;&quot;,&quot;created_timestamp&quot;:&quot;0&quot;,&quot;copyright&quot;:&quot;&quot;,&quot;focal_length&quot;:&quot;0&quot;,&quot;iso&quot;:&quot;0&quot;,&quot;shutter_speed&quot;:&quot;0&quot;,&quot;title&quot;:&quot;&quot;,&quot;orientation&quot;:&quot;0&quot;}\" data-image-title=\"NABU Luftmessnetz am Hamburger Hafen\" data-image-description=\"&lt;p&gt;NABU Luftmessnetz am Hamburger Hafen&lt;\/p&gt;\n\" data-image-caption=\"&lt;p&gt;NABU Luftmessnetz am Hamburger Hafen&lt;\/p&gt;\n\" data-large-file=\"https:\/\/www.breeze-technologies.de\/wp-content\/uploads\/2021\/03\/190404-nabu-luftmessnetz-karte-breeze-680x453-1.jpg\" class=\"size-full wp-image-5853 lazyload\" data-src=\"https:\/\/www.breeze-technologies.de\/wp-content\/uploads\/2021\/03\/190404-nabu-luftmessnetz-karte-breeze-680x453-1.jpg\" alt=\"NABU Luftmessnetz am Hamburger Hafen\" width=\"680\" height=\"453\" src=\"data:image\/svg+xml;base64,PHN2ZyB3aWR0aD0iMSIgaGVpZ2h0PSIxIiB4bWxucz0iaHR0cDovL3d3dy53My5vcmcvMjAwMC9zdmciPjwvc3ZnPg==\" style=\"--smush-placeholder-width: 680px; --smush-placeholder-aspect-ratio: 680\/453;\" \/><p id=\"caption-attachment-5853\" class=\"wp-caption-text\">NABU Luftmessnetz am Hamburger Hafen<\/p><\/div>\n<h4>PROJEKTZIELE<\/h4>\n<p>Neben der reinen Erkenntnis \u00fcber den Grad der Luftschadstoffbelastung geht es dem NABU darum, Aufmerksamkeit f\u00fcr die Lage zu erzeugen. So sollen zum einen die Anwohnerinnen und Anwohner, zum anderen aber auch die politisch Verantwortlichen f\u00fcr die Problemlage sensibilisiert werden.<\/p>\n<h4>PROJEKTERGEBNISSE<\/h4>\n<p>Insbesondere die Belastung mit Stickstoffdioxid ist in den Wohnvierteln am Hafen deutlich h\u00f6her als in anderen R\u00e4umen der Stadt. Neben der hohen dauerhaften Belastung hat das Messnetz im Abgleich mit Wind- und Schiffsbewegungsdaten gezeigt, dass Schiffe einzelne extrem hohe Luftschadstoffkonzentrationen verursachen, die etwa im Stra\u00dfenverkehr nicht stattfinden.<\/p>\n<p>Mit den Ergebnissen des Projektes in Zusammenarbeit mit Breeze Technologies hat der NABU die breite \u00d6ffentlichkeit erreicht. Es wurde in mehreren regionalen und \u00fcberregionalen Bild- und Textmedien \u00fcber den NABU Hamburg und das Projekt berichtet.<\/p>\n<p>In Hamburg wurden in dieser Zeit wegweisende politische Entscheidungen getroffen, um die Luftschadstoffbelastung aus dem Hafen zu mindern.<\/p>\n<h4>PUBLIKATIONEN<\/h4>\n<p><a href=\"https:\/\/hamburg.nabu.de\/umwelt-und-ressourcen\/hafen\/luftmessnetz\/index.html\/\">B\u00fcrger-Luftmessnetz entlang der Elbe &#8211; Projektwebsite<\/a> (NABU Hamburg)<\/p>\n<p><a href=\"https:\/\/www.youtube.com\/watch?v=6LmU5nWcvcw\">Video: Luftmessnetz am Hafenrand &#8211; NABU Hamburg<\/a> (NABU Hamburg, 06.07.2020)<\/p>\n<p><a href=\"https:\/\/www.kn-online.de\/Nachrichten\/Hamburg\/Nabu-misst-Luftschadstoffe-am-Hafen-in-Hamburg-Grenzwerte-eingehalten\">B\u00fcrger sollen Luft am Hafen messen<\/a> (Kieler Nachrichten, 23.10.2018)<\/p>\n<p><a href=\"https:\/\/www.sueddeutsche.de\/wissen\/umwelt-hamburg-nabu-nimmt-luftmessnetz-am-hamburger-hafenrand-in-betrieb-dpa.urn-newsml-dpa-com-20090101-190402-99-653835\">NABU nimmt Luftmessnetz am Hamburger Hafenrand in Betrieb<\/a> (S\u00fcddeutsche Zeitung, 02.04.2019)<\/p>\n<p><a href=\"https:\/\/www.welt.de\/regionales\/hamburg\/article191377413\/Naturschutzbund-misst-Luft-Schadstoffe-an-der-Elbe.html\">Naturschutzbund misst Luft-Schadstoffe an der Elbe<\/a> (Die Welt, 05.04.2019)<\/p>\n<p><a href=\"https:\/\/www.abendblatt.de\/hamburg\/article216840823\/Nabu-nimmt-eigenes-Luftmessnetz-in-Betrieb.html\">Nabu nimmt eigenes Luftmessnetz in Betrieb<\/a> (Hamburger Abendblatt, 05.04.2019)<\/p>\n<p><a href=\"https:\/\/www.shz.de\/23283117\">Stinker im Hafen: Jetzt messen die B\u00fcrger selbst<\/a> (SHZ, 05.04.2019)<\/p>\n<p><a href=\"https:\/\/oekumenisches-forum-hafencity.de\/nabu-luftmessnetz-fuer-den-hamburger-hafenrand\/\">NABU Luftmessnetz f\u00fcr den Hamburger Hafenrand<\/a> (\u00d6kumenisches Forum Hafencity, April 2019)<\/p>\n<p><a href=\"https:\/\/www.lifepr.de\/inaktiv\/naturschutzbund-deutschland-nabu-landesverband-hamburg-ev\/Schlechte-Luft-am-Hafenrand-NABU-praesentiert-Ergebnisse-des-eigenen-Luftmessnetzes\/boxid\/806322\">Schlechte Luft am Hafenrand &#8211; NABU pr\u00e4sentiert Ergebnisse des eigenen Luftmessnetzes<\/a> (lifePR, 07.07.2020)<\/p>\n<p><a href=\"https:\/\/www.mopo.de\/hamburg\/-besorgniserregende-daten--nabu-warnt-vor-luftbelastung---und-kritisiert-hamburg-36976696\">\u201eBesorgniserregende Daten\u201c Nabu warnt vor Luftbelastung \u2013 und kritisiert Hamburg<\/a> (Hamburger Morgenpost, 07.07.2020)<\/p>\n<p><a href=\"https:\/\/taz.de\/Luftverschmutzung-in-Hamburg\/!5694068\/\">Der Hafen dieselt vor sich hin<\/a> (taz, 08.07.2020)<\/p>\n<p>Auch in den Nachrichten u.a. bei: NDR Aktuell (&#8222;Schlechte Luft in der Hafencity&#8220;), NDR Hamburg Nachrichten (&#8222;NABU nimmt Luftmessnetz im Hafen in Betrieb&#8220;), Sat1 Regional, RTL Nord Hamburg, Hamburg 1 (&#8222;NABU installiert neues Luftmessnetz&#8220;)<\/p>\n<\/div><\/section><\/div>\n","protected":false},"excerpt":{"rendered":"","protected":false},"author":4,"featured_media":4572,"parent":3686,"menu_order":3,"comment_status":"closed","ping_status":"closed","template":"","meta":{"_exactmetrics_skip_tracking":false,"_exactmetrics_sitenote_active":false,"_exactmetrics_sitenote_note":"","_exactmetrics_sitenote_category":0,"footnotes":""},"class_list":["post-4570","page","type-page","status-publish","has-post-thumbnail","hentry"],"yoast_head":"<title>Kundenreferenz: NABU Hamburg - Gemeinn\u00fctziges Luftmessnetz im Hamburger Hafen - Breeze Technologies<\/title>\n<meta name=\"robots\" content=\"index, follow, max-snippet:-1, max-image-preview:large, max-video-preview:-1\" \/>\n<link rel=\"canonical\" href=\"https:\/\/www.breeze-technologies.de\/de\/projekte-und-referenzen\/nabu-hamburg\/\" \/>\n<meta property=\"og:locale\" content=\"de_DE\" \/>\n<meta property=\"og:type\" content=\"article\" \/>\n<meta property=\"og:title\" content=\"Kundenreferenz: NABU Hamburg - Gemeinn\u00fctziges Luftmessnetz im Hamburger Hafen - Breeze Technologies\" \/>\n<meta property=\"og:url\" content=\"https:\/\/www.breeze-technologies.de\/de\/projekte-und-referenzen\/nabu-hamburg\/\" \/>\n<meta property=\"og:site_name\" content=\"Breeze Technologies\" \/>\n<meta property=\"article:publisher\" content=\"https:\/\/www.facebook.com\/breezetechnologies\/\" \/>\n<meta property=\"article:modified_time\" content=\"2021-03-03T20:45:29+00:00\" \/>\n<meta property=\"og:image\" content=\"https:\/\/www.breeze-technologies.de\/wp-content\/uploads\/2020\/10\/NABU_Logo_RGB_hamburg.jpg\" \/>\n\t<meta property=\"og:image:width\" content=\"500\" \/>\n\t<meta property=\"og:image:height\" content=\"300\" \/>\n\t<meta property=\"og:image:type\" content=\"image\/jpeg\" \/>\n<meta name=\"twitter:card\" content=\"summary_large_image\" \/>\n<meta name=\"twitter:site\" content=\"@projectbreeze\" \/>\n<meta name=\"twitter:label1\" content=\"Gesch\u00e4tzte Lesezeit\" \/>\n\t<meta name=\"twitter:data1\" content=\"4\u00a0Minuten\" \/>\n<script type=\"application\/ld+json\" class=\"yoast-schema-graph\">{\"@context\":\"https:\\\/\\\/schema.org\",\"@graph\":[{\"@type\":\"WebPage\",\"@id\":\"https:\\\/\\\/www.breeze-technologies.de\\\/de\\\/projekte-und-referenzen\\\/nabu-hamburg\\\/\",\"url\":\"https:\\\/\\\/www.breeze-technologies.de\\\/de\\\/projekte-und-referenzen\\\/nabu-hamburg\\\/\",\"name\":\"Kundenreferenz: NABU Hamburg - Gemeinn\u00fctziges Luftmessnetz im Hamburger Hafen - Breeze Technologies\",\"isPartOf\":{\"@id\":\"https:\\\/\\\/www.breeze-technologies.de\\\/de\\\/#website\"},\"primaryImageOfPage\":{\"@id\":\"https:\\\/\\\/www.breeze-technologies.de\\\/de\\\/projekte-und-referenzen\\\/nabu-hamburg\\\/#primaryimage\"},\"image\":{\"@id\":\"https:\\\/\\\/www.breeze-technologies.de\\\/de\\\/projekte-und-referenzen\\\/nabu-hamburg\\\/#primaryimage\"},\"thumbnailUrl\":\"https:\\\/\\\/www.breeze-technologies.de\\\/wp-content\\\/uploads\\\/2020\\\/10\\\/NABU_Logo_RGB_hamburg.jpg\",\"datePublished\":\"2021-01-12T12:20:47+00:00\",\"dateModified\":\"2021-03-03T20:45:29+00:00\",\"breadcrumb\":{\"@id\":\"https:\\\/\\\/www.breeze-technologies.de\\\/de\\\/projekte-und-referenzen\\\/nabu-hamburg\\\/#breadcrumb\"},\"inLanguage\":\"de\",\"potentialAction\":[{\"@type\":\"ReadAction\",\"target\":[\"https:\\\/\\\/www.breeze-technologies.de\\\/de\\\/projekte-und-referenzen\\\/nabu-hamburg\\\/\"]}]},{\"@type\":\"ImageObject\",\"inLanguage\":\"de\",\"@id\":\"https:\\\/\\\/www.breeze-technologies.de\\\/de\\\/projekte-und-referenzen\\\/nabu-hamburg\\\/#primaryimage\",\"url\":\"https:\\\/\\\/www.breeze-technologies.de\\\/wp-content\\\/uploads\\\/2020\\\/10\\\/NABU_Logo_RGB_hamburg.jpg\",\"contentUrl\":\"https:\\\/\\\/www.breeze-technologies.de\\\/wp-content\\\/uploads\\\/2020\\\/10\\\/NABU_Logo_RGB_hamburg.jpg\",\"width\":500,\"height\":300,\"caption\":\"NABU Hamburg Logo\"},{\"@type\":\"BreadcrumbList\",\"@id\":\"https:\\\/\\\/www.breeze-technologies.de\\\/de\\\/projekte-und-referenzen\\\/nabu-hamburg\\\/#breadcrumb\",\"itemListElement\":[{\"@type\":\"ListItem\",\"position\":1,\"name\":\"Home\",\"item\":\"https:\\\/\\\/www.breeze-technologies.de\\\/de\\\/home\\\/\"},{\"@type\":\"ListItem\",\"position\":2,\"name\":\"Projekte und Kundenreferenzen\",\"item\":\"https:\\\/\\\/www.breeze-technologies.de\\\/de\\\/projekte-und-referenzen\\\/\"},{\"@type\":\"ListItem\",\"position\":3,\"name\":\"Kundenreferenz: NABU Hamburg &#8211; Gemeinn\u00fctziges Luftmessnetz im Hamburger Hafen\"}]},{\"@type\":\"WebSite\",\"@id\":\"https:\\\/\\\/www.breeze-technologies.de\\\/de\\\/#website\",\"url\":\"https:\\\/\\\/www.breeze-technologies.de\\\/de\\\/\",\"name\":\"Breeze Technologies\",\"description\":\"Environmental Sensor Solutions\",\"publisher\":{\"@id\":\"https:\\\/\\\/www.breeze-technologies.de\\\/de\\\/#organization\"},\"potentialAction\":[{\"@type\":\"SearchAction\",\"target\":{\"@type\":\"EntryPoint\",\"urlTemplate\":\"https:\\\/\\\/www.breeze-technologies.de\\\/de\\\/?s={search_term_string}\"},\"query-input\":{\"@type\":\"PropertyValueSpecification\",\"valueRequired\":true,\"valueName\":\"search_term_string\"}}],\"inLanguage\":\"de\"},{\"@type\":\"Organization\",\"@id\":\"https:\\\/\\\/www.breeze-technologies.de\\\/de\\\/#organization\",\"name\":\"Breeze Technologies\",\"url\":\"https:\\\/\\\/www.breeze-technologies.de\\\/de\\\/\",\"logo\":{\"@type\":\"ImageObject\",\"inLanguage\":\"de\",\"@id\":\"https:\\\/\\\/www.breeze-technologies.de\\\/de\\\/#\\\/schema\\\/logo\\\/image\\\/\",\"url\":\"https:\\\/\\\/www.breeze-technologies.de\\\/wp-content\\\/uploads\\\/2017\\\/12\\\/Breeze-Logo-Normal-Web.png\",\"contentUrl\":\"https:\\\/\\\/www.breeze-technologies.de\\\/wp-content\\\/uploads\\\/2017\\\/12\\\/Breeze-Logo-Normal-Web.png\",\"width\":2932,\"height\":976,\"caption\":\"Breeze Technologies\"},\"image\":{\"@id\":\"https:\\\/\\\/www.breeze-technologies.de\\\/de\\\/#\\\/schema\\\/logo\\\/image\\\/\"},\"sameAs\":[\"https:\\\/\\\/www.facebook.com\\\/breezetechnologies\\\/\",\"https:\\\/\\\/x.com\\\/projectbreeze\",\"https:\\\/\\\/instagram.com\\\/breezetechnologies\\\/\",\"https:\\\/\\\/www.linkedin.com\\\/company\\\/breeze-technologies\",\"https:\\\/\\\/www.youtube.com\\\/channel\\\/UCqRNWyXf5yexIRTzLvY9Zqw\"]}]}<\/script>","yoast_head_json":{"title":"Kundenreferenz: NABU Hamburg - Gemeinn\u00fctziges Luftmessnetz im Hamburger Hafen - Breeze Technologies","robots":{"index":"index","follow":"follow","max-snippet":"max-snippet:-1","max-image-preview":"max-image-preview:large","max-video-preview":"max-video-preview:-1"},"canonical":"https:\/\/www.breeze-technologies.de\/de\/projekte-und-referenzen\/nabu-hamburg\/","og_locale":"de_DE","og_type":"article","og_title":"Kundenreferenz: NABU Hamburg - Gemeinn\u00fctziges Luftmessnetz im Hamburger Hafen - Breeze Technologies","og_url":"https:\/\/www.breeze-technologies.de\/de\/projekte-und-referenzen\/nabu-hamburg\/","og_site_name":"Breeze Technologies","article_publisher":"https:\/\/www.facebook.com\/breezetechnologies\/","article_modified_time":"2021-03-03T20:45:29+00:00","og_image":[{"width":500,"height":300,"url":"https:\/\/www.breeze-technologies.de\/wp-content\/uploads\/2020\/10\/NABU_Logo_RGB_hamburg.jpg","type":"image\/jpeg"}],"twitter_card":"summary_large_image","twitter_site":"@projectbreeze","twitter_misc":{"Gesch\u00e4tzte Lesezeit":"4\u00a0Minuten"},"schema":{"@context":"https:\/\/schema.org","@graph":[{"@type":"WebPage","@id":"https:\/\/www.breeze-technologies.de\/de\/projekte-und-referenzen\/nabu-hamburg\/","url":"https:\/\/www.breeze-technologies.de\/de\/projekte-und-referenzen\/nabu-hamburg\/","name":"Kundenreferenz: NABU Hamburg - Gemeinn\u00fctziges Luftmessnetz im Hamburger Hafen - Breeze Technologies","isPartOf":{"@id":"https:\/\/www.breeze-technologies.de\/de\/#website"},"primaryImageOfPage":{"@id":"https:\/\/www.breeze-technologies.de\/de\/projekte-und-referenzen\/nabu-hamburg\/#primaryimage"},"image":{"@id":"https:\/\/www.breeze-technologies.de\/de\/projekte-und-referenzen\/nabu-hamburg\/#primaryimage"},"thumbnailUrl":"https:\/\/www.breeze-technologies.de\/wp-content\/uploads\/2020\/10\/NABU_Logo_RGB_hamburg.jpg","datePublished":"2021-01-12T12:20:47+00:00","dateModified":"2021-03-03T20:45:29+00:00","breadcrumb":{"@id":"https:\/\/www.breeze-technologies.de\/de\/projekte-und-referenzen\/nabu-hamburg\/#breadcrumb"},"inLanguage":"de","potentialAction":[{"@type":"ReadAction","target":["https:\/\/www.breeze-technologies.de\/de\/projekte-und-referenzen\/nabu-hamburg\/"]}]},{"@type":"ImageObject","inLanguage":"de","@id":"https:\/\/www.breeze-technologies.de\/de\/projekte-und-referenzen\/nabu-hamburg\/#primaryimage","url":"https:\/\/www.breeze-technologies.de\/wp-content\/uploads\/2020\/10\/NABU_Logo_RGB_hamburg.jpg","contentUrl":"https:\/\/www.breeze-technologies.de\/wp-content\/uploads\/2020\/10\/NABU_Logo_RGB_hamburg.jpg","width":500,"height":300,"caption":"NABU Hamburg Logo"},{"@type":"BreadcrumbList","@id":"https:\/\/www.breeze-technologies.de\/de\/projekte-und-referenzen\/nabu-hamburg\/#breadcrumb","itemListElement":[{"@type":"ListItem","position":1,"name":"Home","item":"https:\/\/www.breeze-technologies.de\/de\/home\/"},{"@type":"ListItem","position":2,"name":"Projekte und Kundenreferenzen","item":"https:\/\/www.breeze-technologies.de\/de\/projekte-und-referenzen\/"},{"@type":"ListItem","position":3,"name":"Kundenreferenz: NABU Hamburg &#8211; Gemeinn\u00fctziges Luftmessnetz im Hamburger Hafen"}]},{"@type":"WebSite","@id":"https:\/\/www.breeze-technologies.de\/de\/#website","url":"https:\/\/www.breeze-technologies.de\/de\/","name":"Breeze Technologies","description":"Environmental Sensor Solutions","publisher":{"@id":"https:\/\/www.breeze-technologies.de\/de\/#organization"},"potentialAction":[{"@type":"SearchAction","target":{"@type":"EntryPoint","urlTemplate":"https:\/\/www.breeze-technologies.de\/de\/?s={search_term_string}"},"query-input":{"@type":"PropertyValueSpecification","valueRequired":true,"valueName":"search_term_string"}}],"inLanguage":"de"},{"@type":"Organization","@id":"https:\/\/www.breeze-technologies.de\/de\/#organization","name":"Breeze Technologies","url":"https:\/\/www.breeze-technologies.de\/de\/","logo":{"@type":"ImageObject","inLanguage":"de","@id":"https:\/\/www.breeze-technologies.de\/de\/#\/schema\/logo\/image\/","url":"https:\/\/www.breeze-technologies.de\/wp-content\/uploads\/2017\/12\/Breeze-Logo-Normal-Web.png","contentUrl":"https:\/\/www.breeze-technologies.de\/wp-content\/uploads\/2017\/12\/Breeze-Logo-Normal-Web.png","width":2932,"height":976,"caption":"Breeze Technologies"},"image":{"@id":"https:\/\/www.breeze-technologies.de\/de\/#\/schema\/logo\/image\/"},"sameAs":["https:\/\/www.facebook.com\/breezetechnologies\/","https:\/\/x.com\/projectbreeze","https:\/\/instagram.com\/breezetechnologies\/","https:\/\/www.linkedin.com\/company\/breeze-technologies","https:\/\/www.youtube.com\/channel\/UCqRNWyXf5yexIRTzLvY9Zqw"]}]}},"jetpack_sharing_enabled":true,"_links":{"self":[{"href":"https:\/\/www.breeze-technologies.de\/de\/wp-json\/wp\/v2\/pages\/4570","targetHints":{"allow":["GET"]}}],"collection":[{"href":"https:\/\/www.breeze-technologies.de\/de\/wp-json\/wp\/v2\/pages"}],"about":[{"href":"https:\/\/www.breeze-technologies.de\/de\/wp-json\/wp\/v2\/types\/page"}],"author":[{"embeddable":true,"href":"https:\/\/www.breeze-technologies.de\/de\/wp-json\/wp\/v2\/users\/4"}],"replies":[{"embeddable":true,"href":"https:\/\/www.breeze-technologies.de\/de\/wp-json\/wp\/v2\/comments?post=4570"}],"version-history":[{"count":11,"href":"https:\/\/www.breeze-technologies.de\/de\/wp-json\/wp\/v2\/pages\/4570\/revisions"}],"predecessor-version":[{"id":8901,"href":"https:\/\/www.breeze-technologies.de\/de\/wp-json\/wp\/v2\/pages\/4570\/revisions\/8901"}],"up":[{"embeddable":true,"href":"https:\/\/www.breeze-technologies.de\/de\/wp-json\/wp\/v2\/pages\/3686"}],"wp:featuredmedia":[{"embeddable":true,"href":"https:\/\/www.breeze-technologies.de\/de\/wp-json\/wp\/v2\/media\/4572"}],"wp:attachment":[{"href":"https:\/\/www.breeze-technologies.de\/de\/wp-json\/wp\/v2\/media?parent=4570"}],"curies":[{"name":"wp","href":"https:\/\/api.w.org\/{rel}","templated":true}]}}