{"id":452,"date":"2016-02-14T18:10:38","date_gmt":"2016-02-14T17:10:38","guid":{"rendered":"http:\/\/web20test.projectbreeze.eu\/de\/?page_id=452"},"modified":"2021-06-11T00:04:12","modified_gmt":"2021-06-10T22:04:12","slug":"loesungen","status":"publish","type":"page","link":"https:\/\/www.breeze-technologies.de\/de\/loesungen\/","title":{"rendered":"L\u00f6sungen"},"content":{"rendered":"\n<style type=\"text\/css\" data-created_by=\"avia_inline_auto\" id=\"style-css-av-kprg2650-2bb6b0d969593225c4f0a2f4f8bb6ec4\">\n.avia-section.av-kprg2650-2bb6b0d969593225c4f0a2f4f8bb6ec4 .av-parallax .av-parallax-inner{\nbackground-repeat:no-repeat;\nbackground-image:url(https:\/\/www.breeze-technologies.de\/wp-content\/uploads\/2015\/11\/breeze-map-HH.png);\nbackground-position:50% 50%;\nbackground-attachment:scroll;\n}\n.avia-section.av-kprg2650-2bb6b0d969593225c4f0a2f4f8bb6ec4 .av-section-color-overlay{\nopacity:0.3;\nbackground-color:#303030;\n}\n<\/style>\n<div id='av_section_1'  class='avia-section av-kprg2650-2bb6b0d969593225c4f0a2f4f8bb6ec4 main_color avia-section-default avia-no-border-styling  avia-builder-el-0  el_before_av_section  avia-builder-el-first  avia-full-stretch av-parallax-section avia-bg-style-parallax av-section-color-overlay-active av-minimum-height av-minimum-height-50 av-height-50  container_wrap fullsize'  data-section-bg-repeat='stretch' data-av_minimum_height_pc='50' data-av_min_height_opt='50'><div class='av-parallax' data-avia-parallax-ratio='0.3' ><div class='av-parallax-inner main_color avia-full-stretch'><\/div><\/div><div class=\"av-section-color-overlay-wrap\"><div class=\"av-section-color-overlay\"><\/div><div class='container av-section-cont-open' ><main  role=\"main\" itemprop=\"mainContentOfPage\"  class='template-page content  av-content-full alpha units'><div class='post-entry post-entry-type-page post-entry-452'><div class='entry-content-wrapper clearfix'>\n\n<style type=\"text\/css\" data-created_by=\"avia_inline_auto\" id=\"style-css-av-kprg3i6p-ebfd9e0b0954767d7d0d125c91b064cf\">\n#top .av-special-heading.av-kprg3i6p-ebfd9e0b0954767d7d0d125c91b064cf{\npadding-bottom:10px;\ncolor:#ffffff;\n}\nbody .av-special-heading.av-kprg3i6p-ebfd9e0b0954767d7d0d125c91b064cf .av-special-heading-tag .heading-char{\nfont-size:25px;\n}\n.av-special-heading.av-kprg3i6p-ebfd9e0b0954767d7d0d125c91b064cf .special-heading-inner-border{\nborder-color:#ffffff;\n}\n.av-special-heading.av-kprg3i6p-ebfd9e0b0954767d7d0d125c91b064cf .av-subheading{\nfont-size:15px;\n}\n<\/style>\n<div  class='av-special-heading av-kprg3i6p-ebfd9e0b0954767d7d0d125c91b064cf av-special-heading-h1 custom-color-heading blockquote modern-quote modern-centered  avia-builder-el-1  avia-builder-el-no-sibling '><h1 class='av-special-heading-tag '  itemprop=\"headline\"  >KI-gest\u00fctzte Luftqualit\u00e4ts\u00fcberwachung und Luftqualit\u00e4tsmanagement<\/h1><div class=\"special-heading-border\"><div class=\"special-heading-inner-border\"><\/div><\/div><\/div>\n\n<\/div><\/div><\/main><!-- close content main element --><\/div><\/div><\/div><div id='av_section_2'  class='avia-section av-2oqcjo-26f905583d48fb3a57ac02ba64fa396b main_color avia-section-large avia-no-border-styling  avia-builder-el-2  el_after_av_section  avia-builder-el-last  avia-bg-style-scroll av-minimum-height av-minimum-height-50 av-height-50  container_wrap fullsize'   data-av_minimum_height_pc='50' data-av_min_height_opt='50'><div class='container av-section-cont-open' ><div class='template-page content  av-content-full alpha units'><div class='post-entry post-entry-type-page post-entry-452'><div class='entry-content-wrapper clearfix'>\n<div class='flex_column_table av-2k87cs-dd6485079537a65e2fc2d8f464c31273 sc-av_one_third av-equal-height-column-flextable'>\n<style type=\"text\/css\" data-created_by=\"avia_inline_auto\" id=\"style-css-av-2k87cs-dd6485079537a65e2fc2d8f464c31273\">\n@keyframes av_boxShadowEffect_av-2k87cs-dd6485079537a65e2fc2d8f464c31273-column {\n0%   { box-shadow:  0 0 0 0 #b1b1b1; opacity: 1; }\n100% { box-shadow:  0 0 10px 0 #b1b1b1; opacity: 1; }\n}\n.flex_column.av-2k87cs-dd6485079537a65e2fc2d8f464c31273{\nbox-shadow: 0 0 10px 0 #b1b1b1;\nborder-radius:10px 10px 10px 10px;\npadding:0px 0px 0px 0px;\n}\n<\/style>\n<div  class='flex_column av-2k87cs-dd6485079537a65e2fc2d8f464c31273 av_one_third  avia-builder-el-3  el_before_av_one_third  avia-builder-el-first  first flex_column_table_cell av-equal-height-column av-align-top shadow-not-animated av-zero-column-padding  '     ><p>\n<style type=\"text\/css\" data-created_by=\"avia_inline_auto\" id=\"style-css-av-2d5q38-c9b664b165da254f6e5cbeb587a0e677\">\n.avia-image-container.av-2d5q38-c9b664b165da254f6e5cbeb587a0e677 img.avia_image{\nbox-shadow:none;\n}\n.avia-image-container.av-2d5q38-c9b664b165da254f6e5cbeb587a0e677 .av-image-caption-overlay-center{\ncolor:#ffffff;\n}\n<\/style>\n<div  class='avia-image-container av-2d5q38-c9b664b165da254f6e5cbeb587a0e677 av-styling- avia-align-center  avia-builder-el-4  el_before_av_heading  avia-builder-el-first '   itemprop=\"image\" itemscope=\"itemscope\" itemtype=\"https:\/\/schema.org\/ImageObject\" ><div class=\"avia-image-container-inner\"><div class=\"avia-image-overlay-wrap\"><img decoding=\"async\" fetchpriority=\"high\" class='wp-image-4977 avia-img-lazy-loading-not-4977 avia_image ' src=\"https:\/\/www.breeze-technologies.de\/wp-content\/uploads\/2020\/11\/benjamin-child-GWe0dlVD9e0-unsplash-845x684.jpg\" alt='Meetingraum in einem modernen B\u00fcro' title='Innenraum-Luftqualit\u00e4t'  height=\"684\" width=\"845\"  itemprop=\"thumbnailUrl\" srcset=\"https:\/\/www.breeze-technologies.de\/wp-content\/uploads\/2020\/11\/benjamin-child-GWe0dlVD9e0-unsplash-845x684.jpg 845w, https:\/\/www.breeze-technologies.de\/wp-content\/uploads\/2020\/11\/benjamin-child-GWe0dlVD9e0-unsplash-495x400.jpg 495w\" sizes=\"(max-width: 845px) 100vw, 845px\" \/><\/div><\/div><\/div><br \/>\n\n<style type=\"text\/css\" data-created_by=\"avia_inline_auto\" id=\"style-css-av-2978gk-aef3fb5604d3d429f501213e98d98b45\">\n#top .av-special-heading.av-2978gk-aef3fb5604d3d429f501213e98d98b45{\npadding-bottom:30px;\n}\nbody .av-special-heading.av-2978gk-aef3fb5604d3d429f501213e98d98b45 .av-special-heading-tag .heading-char{\nfont-size:25px;\n}\n.av-special-heading.av-2978gk-aef3fb5604d3d429f501213e98d98b45 .av-subheading{\nfont-size:15px;\n}\n<\/style>\n<div  class='av-special-heading av-2978gk-aef3fb5604d3d429f501213e98d98b45 av-special-heading-h2 blockquote modern-quote modern-centered  avia-builder-el-5  el_after_av_image  el_before_av_textblock '><h2 class='av-special-heading-tag '  itemprop=\"headline\"  >Monitoring und Management der Luftqualit\u00e4t in Geb\u00e4uden<\/h2><div class=\"special-heading-border\"><div class=\"special-heading-inner-border\"><\/div><\/div><\/div><br \/>\n<section  class='av_textblock_section av-49a3g-fe680a66c498041ac6e7403342f10210 '   itemscope=\"itemscope\" itemtype=\"https:\/\/schema.org\/CreativeWork\" ><div class='avia_textblock'  itemprop=\"text\" ><p style=\"text-align: center;\">\u00dcberwachen und verbessern Sie die Luftqualit\u00e4t in Ihren Geb\u00e4uden. Sichern Sie die Gesundheit und Produktivit\u00e4t Ihrer Kollegen und Mitarbeiter.<\/p>\n<\/div><\/section><br \/>\n<div  class='avia-button-wrap av-206e0k-0eb1bf3edba855d66eabfba9712990d4-wrap avia-button-center  avia-builder-el-7  el_after_av_textblock  el_before_av_hr '><a href='https:\/\/www.breeze-technologies.de\/de\/loesungen\/luftqualitaet-im-buero\/'  class='avia-button av-206e0k-0eb1bf3edba855d66eabfba9712990d4 av-link-btn avia-icon_select-no avia-size-medium avia-position-center avia-color-theme-color'  target=\"_blank\"  rel=\"noopener noreferrer\"  aria-label=\"Weitere Informationen\"><span class='avia_iconbox_title' >Weitere Informationen<\/span><\/a><\/div><br \/>\n\n<style type=\"text\/css\" data-created_by=\"avia_inline_auto\" id=\"style-css-av-1yy6ys-dd92e71c449b1a22d24e1619fee7665c\">\n#top .hr.hr-invisible.av-1yy6ys-dd92e71c449b1a22d24e1619fee7665c{\nheight:30px;\n}\n<\/style>\n<div  class='hr av-1yy6ys-dd92e71c449b1a22d24e1619fee7665c hr-invisible  avia-builder-el-8  el_after_av_button  avia-builder-el-last '><span class='hr-inner '><span class=\"hr-inner-style\"><\/span><\/span><\/div><\/p><\/div><div class='av-flex-placeholder'><\/div>\n<style type=\"text\/css\" data-created_by=\"avia_inline_auto\" id=\"style-css-av-1qyaro-1ea488571f581adb8e843524e15263ba\">\n@keyframes av_boxShadowEffect_av-1qyaro-1ea488571f581adb8e843524e15263ba-column {\n0%   { box-shadow:  0 0 0 0 #b1b1b1; opacity: 1; }\n100% { box-shadow:  0 0 10px 0 #b1b1b1; opacity: 1; }\n}\n.flex_column.av-1qyaro-1ea488571f581adb8e843524e15263ba{\nbox-shadow: 0 0 10px 0 #b1b1b1;\nborder-radius:10px 10px 10px 10px;\npadding:0px 0px 0px 0px;\n}\n<\/style>\n<div  class='flex_column av-1qyaro-1ea488571f581adb8e843524e15263ba av_one_third  avia-builder-el-9  el_after_av_one_third  el_before_av_one_third  flex_column_table_cell av-equal-height-column av-align-top shadow-not-animated av-zero-column-padding  '     ><p>\n<style type=\"text\/css\" data-created_by=\"avia_inline_auto\" id=\"style-css-av-1i6ncc-6214890451c3f32965446d689e21147f\">\n.avia-image-container.av-1i6ncc-6214890451c3f32965446d689e21147f img.avia_image{\nbox-shadow:none;\n}\n.avia-image-container.av-1i6ncc-6214890451c3f32965446d689e21147f .av-image-caption-overlay-center{\ncolor:#ffffff;\n}\n<\/style>\n<div  class='avia-image-container av-1i6ncc-6214890451c3f32965446d689e21147f av-styling- avia-align-center  avia-builder-el-10  el_before_av_heading  avia-builder-el-first '   itemprop=\"image\" itemscope=\"itemscope\" itemtype=\"https:\/\/schema.org\/ImageObject\" ><div class=\"avia-image-container-inner\"><div class=\"avia-image-overlay-wrap\"><img decoding=\"async\" fetchpriority=\"high\" class='wp-image-4975 avia-img-lazy-loading-not-4975 avia_image ' src=\"https:\/\/www.breeze-technologies.de\/wp-content\/uploads\/2020\/11\/diego-carneiro-JesYw3Z-vHk-unsplash-845x684.jpg\" alt='Urbane Luftqualit\u00e4t im Stadtgebiet' title='Urbane Luftqualit\u00e4t im Stadtgebiet'  height=\"684\" width=\"845\"  itemprop=\"thumbnailUrl\" srcset=\"https:\/\/www.breeze-technologies.de\/wp-content\/uploads\/2020\/11\/diego-carneiro-JesYw3Z-vHk-unsplash-845x684.jpg 845w, https:\/\/www.breeze-technologies.de\/wp-content\/uploads\/2020\/11\/diego-carneiro-JesYw3Z-vHk-unsplash-495x400.jpg 495w\" sizes=\"(max-width: 845px) 100vw, 845px\" \/><\/div><\/div><\/div><br \/>\n\n<style type=\"text\/css\" data-created_by=\"avia_inline_auto\" id=\"style-css-av-1frqhg-7a7cce0429511c5116b0bdcd4670848a\">\n#top .av-special-heading.av-1frqhg-7a7cce0429511c5116b0bdcd4670848a{\npadding-bottom:30px;\n}\nbody .av-special-heading.av-1frqhg-7a7cce0429511c5116b0bdcd4670848a .av-special-heading-tag .heading-char{\nfont-size:25px;\n}\n.av-special-heading.av-1frqhg-7a7cce0429511c5116b0bdcd4670848a .av-subheading{\nfont-size:15px;\n}\n<\/style>\n<div  class='av-special-heading av-1frqhg-7a7cce0429511c5116b0bdcd4670848a av-special-heading-h2 blockquote modern-quote modern-centered  avia-builder-el-11  el_after_av_image  el_before_av_textblock '><h2 class='av-special-heading-tag '  itemprop=\"headline\"  >Monitoring und Management der urbanen Luftqualit\u00e4t<\/h2><div class=\"special-heading-border\"><div class=\"special-heading-inner-border\"><\/div><\/div><\/div><br \/>\n<section  class='av_textblock_section av-hrdbo-e0351022fb59255ba249d65d0667ab41 '   itemscope=\"itemscope\" itemtype=\"https:\/\/schema.org\/CreativeWork\" ><div class='avia_textblock'  itemprop=\"text\" ><p style=\"text-align: center;\">Kosteng\u00fcnstige und zuverl\u00e4ssige Sensornetzwerke versorgen Sie mit hochaufl\u00f6senden Echtzeit-Luftqualit\u00e4tsdaten aus Ihrem Stadtgebiet.<\/p>\n<\/div><\/section><br \/>\n<div  class='avia-button-wrap av-gwdg-dda550ab01692f94720cc7d2f86863e9-wrap avia-button-center  avia-builder-el-13  el_after_av_textblock  el_before_av_hr '><a href='https:\/\/www.breeze-technologies.de\/de\/loesungen\/urbane-luftqualitaet\/'  class='avia-button av-gwdg-dda550ab01692f94720cc7d2f86863e9 av-link-btn avia-icon_select-no avia-size-medium avia-position-center avia-color-theme-color'  target=\"_blank\"  rel=\"noopener noreferrer\"  aria-label=\"Weitere Informationen\"><span class='avia_iconbox_title' >Weitere Informationen<\/span><\/a><\/div><br \/>\n\n<style type=\"text\/css\" data-created_by=\"avia_inline_auto\" id=\"style-css-av-3mwjg-6510567421b88add78aab7b4574ffaa1\">\n#top .hr.hr-invisible.av-3mwjg-6510567421b88add78aab7b4574ffaa1{\nheight:30px;\n}\n<\/style>\n<div  class='hr av-3mwjg-6510567421b88add78aab7b4574ffaa1 hr-invisible  avia-builder-el-14  el_after_av_button  avia-builder-el-last '><span class='hr-inner '><span class=\"hr-inner-style\"><\/span><\/span><\/div><\/p><\/div><div class='av-flex-placeholder'><\/div>\n<style type=\"text\/css\" data-created_by=\"avia_inline_auto\" id=\"style-css-av-wrx78-6d793bbd4e29b258e80ea1ed6ad76ca5\">\n@keyframes av_boxShadowEffect_av-wrx78-6d793bbd4e29b258e80ea1ed6ad76ca5-column {\n0%   { box-shadow:  0 0 0 0 #b1b1b1; opacity: 1; }\n100% { box-shadow:  0 0 10px 0 #b1b1b1; opacity: 1; }\n}\n.flex_column.av-wrx78-6d793bbd4e29b258e80ea1ed6ad76ca5{\nbox-shadow: 0 0 10px 0 #b1b1b1;\nborder-radius:10px 10px 10px 10px;\npadding:0px 0px 0px 0px;\n}\n<\/style>\n<div  class='flex_column av-wrx78-6d793bbd4e29b258e80ea1ed6ad76ca5 av_one_third  avia-builder-el-15  el_after_av_one_third  avia-builder-el-last  flex_column_table_cell av-equal-height-column av-align-top shadow-not-animated av-zero-column-padding  '     ><p>\n<style type=\"text\/css\" data-created_by=\"avia_inline_auto\" id=\"style-css-av-p1mok-03971fdd830e46e2e639fc670fd543ae\">\n.avia-image-container.av-p1mok-03971fdd830e46e2e639fc670fd543ae img.avia_image{\nbox-shadow:none;\n}\n.avia-image-container.av-p1mok-03971fdd830e46e2e639fc670fd543ae .av-image-caption-overlay-center{\ncolor:#ffffff;\n}\n<\/style>\n<div  class='avia-image-container av-p1mok-03971fdd830e46e2e639fc670fd543ae av-styling- avia-align-center  avia-builder-el-16  el_before_av_heading  avia-builder-el-first '   itemprop=\"image\" itemscope=\"itemscope\" itemtype=\"https:\/\/schema.org\/ImageObject\" ><div class=\"avia-image-container-inner\"><div class=\"avia-image-overlay-wrap\"><img decoding=\"async\" fetchpriority=\"high\" class='wp-image-3249 avia-img-lazy-loading-not-3249 avia_image ' src=\"https:\/\/www.breeze-technologies.de\/wp-content\/uploads\/2020\/02\/shutterstock_682990402-845x684.jpg\" alt='Industrieanlage' title='Automatische Industrie-Immissions\u00fcberwachung'  height=\"684\" width=\"845\"  itemprop=\"thumbnailUrl\" srcset=\"https:\/\/www.breeze-technologies.de\/wp-content\/uploads\/2020\/02\/shutterstock_682990402-845x684.jpg 845w, https:\/\/www.breeze-technologies.de\/wp-content\/uploads\/2020\/02\/shutterstock_682990402-495x400.jpg 495w\" sizes=\"(max-width: 845px) 100vw, 845px\" \/><\/div><\/div><\/div><br \/>\n\n<style type=\"text\/css\" data-created_by=\"avia_inline_auto\" id=\"style-css-av-jfwc4-37b1c8757d5f2d18442f9df52ae68bac\">\n#top .av-special-heading.av-jfwc4-37b1c8757d5f2d18442f9df52ae68bac{\npadding-bottom:30px;\n}\nbody .av-special-heading.av-jfwc4-37b1c8757d5f2d18442f9df52ae68bac .av-special-heading-tag .heading-char{\nfont-size:25px;\n}\n.av-special-heading.av-jfwc4-37b1c8757d5f2d18442f9df52ae68bac .av-subheading{\nfont-size:15px;\n}\n<\/style>\n<div  class='av-special-heading av-jfwc4-37b1c8757d5f2d18442f9df52ae68bac av-special-heading-h2 blockquote modern-quote modern-centered  avia-builder-el-17  el_after_av_image  el_before_av_textblock '><h2 class='av-special-heading-tag '  itemprop=\"headline\"  >Automatische Immissions\u00fcberwachung von Industrieanlagen<\/h2><div class=\"special-heading-border\"><div class=\"special-heading-inner-border\"><\/div><\/div><\/div><br \/>\n<section  class='av_textblock_section av-kprg6w7i-ddffd43029c91753e97dc382a3ba9e54 '   itemscope=\"itemscope\" itemtype=\"https:\/\/schema.org\/CreativeWork\" ><div class='avia_textblock'  itemprop=\"text\" ><p style=\"text-align: center;\">Ein Ring aus Sensoren um Ihren Industriestandort unterst\u00fctzt Ihr Umweltmanagement und agiert bei Emissionsevents als erste Verteidigungslinie.<\/p>\n<\/div><\/section><br \/>\n<div  class='avia-button-wrap av-exv04-e53de21be5d040e3db912fa43afbec4a-wrap avia-button-center  avia-builder-el-19  el_after_av_textblock  el_before_av_hr '><a href='https:\/\/www.breeze-technologies.de\/de\/loesungen\/industrie-immissionsueberwachung\/'  class='avia-button av-exv04-e53de21be5d040e3db912fa43afbec4a av-link-btn avia-icon_select-no avia-size-medium avia-position-center avia-color-theme-color'  target=\"_blank\"  rel=\"noopener noreferrer\"  aria-label=\"Weitere Informationen\"><span class='avia_iconbox_title' >Weitere Informationen<\/span><\/a><\/div><br \/>\n\n<style type=\"text\/css\" data-created_by=\"avia_inline_auto\" id=\"style-css-av-ainis-82505dd3cc4c2a28078d76b644283493\">\n#top .hr.hr-invisible.av-ainis-82505dd3cc4c2a28078d76b644283493{\nheight:30px;\n}\n<\/style>\n<div  class='hr av-ainis-82505dd3cc4c2a28078d76b644283493 hr-invisible  avia-builder-el-20  el_after_av_button  avia-builder-el-last '><span class='hr-inner '><span class=\"hr-inner-style\"><\/span><\/span><\/div><\/p><\/div><\/div><!--close column table wrapper. Autoclose: 1 -->\n","protected":false},"excerpt":{"rendered":"","protected":false},"author":4,"featured_media":0,"parent":0,"menu_order":7,"comment_status":"closed","ping_status":"closed","template":"","meta":{"_exactmetrics_skip_tracking":false,"_exactmetrics_sitenote_active":false,"_exactmetrics_sitenote_note":"","_exactmetrics_sitenote_category":0,"footnotes":""},"class_list":["post-452","page","type-page","status-publish","hentry"],"yoast_head":"<title>L\u00f6sungen - Breeze Technologies<\/title>\n<meta name=\"robots\" content=\"index, follow, max-snippet:-1, max-image-preview:large, max-video-preview:-1\" \/>\n<link rel=\"canonical\" href=\"https:\/\/www.breeze-technologies.de\/de\/loesungen\/\" \/>\n<meta property=\"og:locale\" content=\"de_DE\" \/>\n<meta property=\"og:type\" content=\"article\" \/>\n<meta property=\"og:title\" content=\"L\u00f6sungen - Breeze Technologies\" \/>\n<meta property=\"og:url\" content=\"https:\/\/www.breeze-technologies.de\/de\/loesungen\/\" \/>\n<meta property=\"og:site_name\" content=\"Breeze Technologies\" \/>\n<meta property=\"article:publisher\" content=\"https:\/\/www.facebook.com\/breezetechnologies\/\" \/>\n<meta property=\"article:modified_time\" content=\"2021-06-10T22:04:12+00:00\" \/>\n<meta name=\"twitter:card\" content=\"summary_large_image\" \/>\n<meta name=\"twitter:site\" content=\"@projectbreeze\" \/>\n<meta name=\"twitter:label1\" content=\"Gesch\u00e4tzte Lesezeit\" \/>\n\t<meta name=\"twitter:data1\" content=\"10\u00a0Minuten\" \/>\n<script type=\"application\/ld+json\" class=\"yoast-schema-graph\">{\"@context\":\"https:\\\/\\\/schema.org\",\"@graph\":[{\"@type\":\"WebPage\",\"@id\":\"https:\\\/\\\/www.breeze-technologies.de\\\/de\\\/loesungen\\\/\",\"url\":\"https:\\\/\\\/www.breeze-technologies.de\\\/de\\\/loesungen\\\/\",\"name\":\"L\u00f6sungen - Breeze Technologies\",\"isPartOf\":{\"@id\":\"https:\\\/\\\/www.breeze-technologies.de\\\/de\\\/#website\"},\"datePublished\":\"2016-02-14T17:10:38+00:00\",\"dateModified\":\"2021-06-10T22:04:12+00:00\",\"breadcrumb\":{\"@id\":\"https:\\\/\\\/www.breeze-technologies.de\\\/de\\\/loesungen\\\/#breadcrumb\"},\"inLanguage\":\"de\",\"potentialAction\":[{\"@type\":\"ReadAction\",\"target\":[\"https:\\\/\\\/www.breeze-technologies.de\\\/de\\\/loesungen\\\/\"]}]},{\"@type\":\"BreadcrumbList\",\"@id\":\"https:\\\/\\\/www.breeze-technologies.de\\\/de\\\/loesungen\\\/#breadcrumb\",\"itemListElement\":[{\"@type\":\"ListItem\",\"position\":1,\"name\":\"Home\",\"item\":\"https:\\\/\\\/www.breeze-technologies.de\\\/de\\\/home\\\/\"},{\"@type\":\"ListItem\",\"position\":2,\"name\":\"L\u00f6sungen\"}]},{\"@type\":\"WebSite\",\"@id\":\"https:\\\/\\\/www.breeze-technologies.de\\\/de\\\/#website\",\"url\":\"https:\\\/\\\/www.breeze-technologies.de\\\/de\\\/\",\"name\":\"Breeze Technologies\",\"description\":\"Environmental Sensor Solutions\",\"publisher\":{\"@id\":\"https:\\\/\\\/www.breeze-technologies.de\\\/de\\\/#organization\"},\"potentialAction\":[{\"@type\":\"SearchAction\",\"target\":{\"@type\":\"EntryPoint\",\"urlTemplate\":\"https:\\\/\\\/www.breeze-technologies.de\\\/de\\\/?s={search_term_string}\"},\"query-input\":{\"@type\":\"PropertyValueSpecification\",\"valueRequired\":true,\"valueName\":\"search_term_string\"}}],\"inLanguage\":\"de\"},{\"@type\":\"Organization\",\"@id\":\"https:\\\/\\\/www.breeze-technologies.de\\\/de\\\/#organization\",\"name\":\"Breeze Technologies\",\"url\":\"https:\\\/\\\/www.breeze-technologies.de\\\/de\\\/\",\"logo\":{\"@type\":\"ImageObject\",\"inLanguage\":\"de\",\"@id\":\"https:\\\/\\\/www.breeze-technologies.de\\\/de\\\/#\\\/schema\\\/logo\\\/image\\\/\",\"url\":\"https:\\\/\\\/www.breeze-technologies.de\\\/wp-content\\\/uploads\\\/2017\\\/12\\\/Breeze-Logo-Normal-Web.png\",\"contentUrl\":\"https:\\\/\\\/www.breeze-technologies.de\\\/wp-content\\\/uploads\\\/2017\\\/12\\\/Breeze-Logo-Normal-Web.png\",\"width\":2932,\"height\":976,\"caption\":\"Breeze Technologies\"},\"image\":{\"@id\":\"https:\\\/\\\/www.breeze-technologies.de\\\/de\\\/#\\\/schema\\\/logo\\\/image\\\/\"},\"sameAs\":[\"https:\\\/\\\/www.facebook.com\\\/breezetechnologies\\\/\",\"https:\\\/\\\/x.com\\\/projectbreeze\",\"https:\\\/\\\/instagram.com\\\/breezetechnologies\\\/\",\"https:\\\/\\\/www.linkedin.com\\\/company\\\/breeze-technologies\",\"https:\\\/\\\/www.youtube.com\\\/channel\\\/UCqRNWyXf5yexIRTzLvY9Zqw\"]}]}<\/script>","yoast_head_json":{"title":"L\u00f6sungen - Breeze Technologies","robots":{"index":"index","follow":"follow","max-snippet":"max-snippet:-1","max-image-preview":"max-image-preview:large","max-video-preview":"max-video-preview:-1"},"canonical":"https:\/\/www.breeze-technologies.de\/de\/loesungen\/","og_locale":"de_DE","og_type":"article","og_title":"L\u00f6sungen - Breeze Technologies","og_url":"https:\/\/www.breeze-technologies.de\/de\/loesungen\/","og_site_name":"Breeze Technologies","article_publisher":"https:\/\/www.facebook.com\/breezetechnologies\/","article_modified_time":"2021-06-10T22:04:12+00:00","twitter_card":"summary_large_image","twitter_site":"@projectbreeze","twitter_misc":{"Gesch\u00e4tzte Lesezeit":"10\u00a0Minuten"},"schema":{"@context":"https:\/\/schema.org","@graph":[{"@type":"WebPage","@id":"https:\/\/www.breeze-technologies.de\/de\/loesungen\/","url":"https:\/\/www.breeze-technologies.de\/de\/loesungen\/","name":"L\u00f6sungen - Breeze Technologies","isPartOf":{"@id":"https:\/\/www.breeze-technologies.de\/de\/#website"},"datePublished":"2016-02-14T17:10:38+00:00","dateModified":"2021-06-10T22:04:12+00:00","breadcrumb":{"@id":"https:\/\/www.breeze-technologies.de\/de\/loesungen\/#breadcrumb"},"inLanguage":"de","potentialAction":[{"@type":"ReadAction","target":["https:\/\/www.breeze-technologies.de\/de\/loesungen\/"]}]},{"@type":"BreadcrumbList","@id":"https:\/\/www.breeze-technologies.de\/de\/loesungen\/#breadcrumb","itemListElement":[{"@type":"ListItem","position":1,"name":"Home","item":"https:\/\/www.breeze-technologies.de\/de\/home\/"},{"@type":"ListItem","position":2,"name":"L\u00f6sungen"}]},{"@type":"WebSite","@id":"https:\/\/www.breeze-technologies.de\/de\/#website","url":"https:\/\/www.breeze-technologies.de\/de\/","name":"Breeze Technologies","description":"Environmental Sensor Solutions","publisher":{"@id":"https:\/\/www.breeze-technologies.de\/de\/#organization"},"potentialAction":[{"@type":"SearchAction","target":{"@type":"EntryPoint","urlTemplate":"https:\/\/www.breeze-technologies.de\/de\/?s={search_term_string}"},"query-input":{"@type":"PropertyValueSpecification","valueRequired":true,"valueName":"search_term_string"}}],"inLanguage":"de"},{"@type":"Organization","@id":"https:\/\/www.breeze-technologies.de\/de\/#organization","name":"Breeze Technologies","url":"https:\/\/www.breeze-technologies.de\/de\/","logo":{"@type":"ImageObject","inLanguage":"de","@id":"https:\/\/www.breeze-technologies.de\/de\/#\/schema\/logo\/image\/","url":"https:\/\/www.breeze-technologies.de\/wp-content\/uploads\/2017\/12\/Breeze-Logo-Normal-Web.png","contentUrl":"https:\/\/www.breeze-technologies.de\/wp-content\/uploads\/2017\/12\/Breeze-Logo-Normal-Web.png","width":2932,"height":976,"caption":"Breeze Technologies"},"image":{"@id":"https:\/\/www.breeze-technologies.de\/de\/#\/schema\/logo\/image\/"},"sameAs":["https:\/\/www.facebook.com\/breezetechnologies\/","https:\/\/x.com\/projectbreeze","https:\/\/instagram.com\/breezetechnologies\/","https:\/\/www.linkedin.com\/company\/breeze-technologies","https:\/\/www.youtube.com\/channel\/UCqRNWyXf5yexIRTzLvY9Zqw"]}]}},"jetpack_sharing_enabled":true,"_links":{"self":[{"href":"https:\/\/www.breeze-technologies.de\/de\/wp-json\/wp\/v2\/pages\/452","targetHints":{"allow":["GET"]}}],"collection":[{"href":"https:\/\/www.breeze-technologies.de\/de\/wp-json\/wp\/v2\/pages"}],"about":[{"href":"https:\/\/www.breeze-technologies.de\/de\/wp-json\/wp\/v2\/types\/page"}],"author":[{"embeddable":true,"href":"https:\/\/www.breeze-technologies.de\/de\/wp-json\/wp\/v2\/users\/4"}],"replies":[{"embeddable":true,"href":"https:\/\/www.breeze-technologies.de\/de\/wp-json\/wp\/v2\/comments?post=452"}],"version-history":[{"count":9,"href":"https:\/\/www.breeze-technologies.de\/de\/wp-json\/wp\/v2\/pages\/452\/revisions"}],"predecessor-version":[{"id":1452,"href":"https:\/\/www.breeze-technologies.de\/de\/wp-json\/wp\/v2\/pages\/452\/revisions\/1452"}],"wp:attachment":[{"href":"https:\/\/www.breeze-technologies.de\/de\/wp-json\/wp\/v2\/media?parent=452"}],"curies":[{"name":"wp","href":"https:\/\/api.w.org\/{rel}","templated":true}]}}