{"id":3815,"date":"2021-07-01T10:00:41","date_gmt":"2021-07-01T08:00:41","guid":{"rendered":"https:\/\/www.breeze-technologies.de\/?page_id=3815"},"modified":"2024-04-23T15:19:20","modified_gmt":"2024-04-23T13:19:20","slug":"stadt-neckarsulm-freiwilliges-luftqualitaetsmonitoring-luftreinhaltemassnahmen","status":"publish","type":"page","link":"https:\/\/www.breeze-technologies.de\/de\/projekte-und-referenzen\/stadt-neckarsulm-freiwilliges-luftqualitaetsmonitoring-luftreinhaltemassnahmen\/","title":{"rendered":"Kundenreferenz: Stadt Neckarsulm &#8211; Freiwilliges Luftqualit\u00e4tsmonitoring und Empfehlung von Luftreinhaltema\u00dfnahmen"},"content":{"rendered":"\n<style type=\"text\/css\" data-created_by=\"avia_inline_auto\" id=\"style-css-av-7tnedj-1d2e2a377fe6e6b95dee2df26eb87699\">\n.flex_column.av-7tnedj-1d2e2a377fe6e6b95dee2df26eb87699{\nborder-radius:0px 0px 0px 0px;\npadding:0px 0px 0px 0px;\n}\n<\/style>\n<div  class='flex_column av-7tnedj-1d2e2a377fe6e6b95dee2df26eb87699 av_one_full  avia-builder-el-0  el_before_av_one_full  avia-builder-el-first  first flex_column_div av-zero-column-padding  '     ><style type=\"text\/css\" data-created_by=\"avia_inline_auto\" id=\"style-css-av-kacik5ib-82dcf52ca9ddb2ad85400ed15330c533\">\n.avia-image-container.av-kacik5ib-82dcf52ca9ddb2ad85400ed15330c533 img.avia_image{\nbox-shadow:none;\n}\n.avia-image-container.av-kacik5ib-82dcf52ca9ddb2ad85400ed15330c533 .av-image-caption-overlay-center{\ncolor:#ffffff;\n}\n<\/style>\n<div  class='avia-image-container av-kacik5ib-82dcf52ca9ddb2ad85400ed15330c533 av-styling- avia-align-center  avia-builder-el-1  avia-builder-el-no-sibling '   itemprop=\"image\" itemscope=\"itemscope\" itemtype=\"https:\/\/schema.org\/ImageObject\" ><div class=\"avia-image-container-inner\"><div class=\"avia-image-overlay-wrap\"><img decoding=\"async\" fetchpriority=\"high\" class='wp-image-2360 avia-img-lazy-loading-not-2360 avia_image ' src=\"https:\/\/www.breeze-technologies.de\/wp-content\/uploads\/2019\/06\/Stadt-Neckarsulm.png\" alt='' title='Stadt Neckarsulm'  height=\"300\" width=\"500\"  itemprop=\"thumbnailUrl\" srcset=\"https:\/\/www.breeze-technologies.de\/wp-content\/uploads\/2019\/06\/Stadt-Neckarsulm.png 500w, https:\/\/www.breeze-technologies.de\/wp-content\/uploads\/2019\/06\/Stadt-Neckarsulm-300x180.png 300w, https:\/\/www.breeze-technologies.de\/wp-content\/uploads\/2019\/06\/Stadt-Neckarsulm-450x270.png 450w\" sizes=\"(max-width: 500px) 100vw, 500px\" \/><\/div><\/div><\/div><\/div>\n\n<style type=\"text\/css\" data-created_by=\"avia_inline_auto\" id=\"style-css-av-5c4nuv-28568590ddf4fdf4fd32c19876cb0b85\">\n.flex_column.av-5c4nuv-28568590ddf4fdf4fd32c19876cb0b85{\nborder-radius:0px 0px 0px 0px;\npadding:0px 0px 0px 0px;\n}\n<\/style>\n<div  class='flex_column av-5c4nuv-28568590ddf4fdf4fd32c19876cb0b85 av_one_full  avia-builder-el-2  el_after_av_one_full  el_before_av_one_third  first flex_column_div av-zero-column-padding  column-top-margin'     ><style type=\"text\/css\" data-created_by=\"avia_inline_auto\" id=\"style-css-av-kacig9w1-ba464abdcc9c5ebda50143b368199db1\">\n#top .av-special-heading.av-kacig9w1-ba464abdcc9c5ebda50143b368199db1{\npadding-bottom:10px;\n}\nbody .av-special-heading.av-kacig9w1-ba464abdcc9c5ebda50143b368199db1 .av-special-heading-tag .heading-char{\nfont-size:25px;\n}\n.av-special-heading.av-kacig9w1-ba464abdcc9c5ebda50143b368199db1 .av-subheading{\nfont-size:15px;\n}\n<\/style>\n<div  class='av-special-heading av-kacig9w1-ba464abdcc9c5ebda50143b368199db1 av-special-heading-h1 blockquote modern-quote modern-centered  avia-builder-el-3  avia-builder-el-no-sibling  av-linked-heading'><h1 class='av-special-heading-tag '  itemprop=\"headline\"  >Kundenreferenz: Stadt Neckarsulm &#8211; Freiwilliges Luftqualit\u00e4tsmonitoring und Empfehlung von Luftreinhaltema\u00dfnahmen<\/h1><div class=\"special-heading-border\"><div class=\"special-heading-inner-border\"><\/div><\/div><\/div><\/div>\n\n<style type=\"text\/css\" data-created_by=\"avia_inline_auto\" id=\"style-css-av-3zjwlz-f9bb8356e1ecddeb9770c90084fd87df\">\n.flex_column.av-3zjwlz-f9bb8356e1ecddeb9770c90084fd87df{\nborder-radius:0px 0px 0px 0px;\npadding:0px 0px 0px 0px;\n}\n<\/style>\n<div  class='flex_column av-3zjwlz-f9bb8356e1ecddeb9770c90084fd87df av_one_third  avia-builder-el-4  el_after_av_one_full  el_before_av_two_third  first flex_column_div av-zero-column-padding  column-top-margin'     ><section  class='av_textblock_section av-kaci6gzn-742b3be8b7ae30667e01d4ab367dcd55 '   itemscope=\"itemscope\" itemtype=\"https:\/\/schema.org\/CreativeWork\" ><div class='avia_textblock'  itemprop=\"text\" ><h5>Kunde:<\/h5>\n<p>Stadt Neckarsulm<\/p>\n<h5>Sektor:<\/h5>\n<p>\u00d6ffentlich<\/p>\n<h5>Projektdauer:<\/h5>\n<p>2018 &#8211; 2023<\/p>\n<h5>Projekttyp:<\/h5>\n<p>Freiwilliges Luftmessnetz und Erarbeitung von Luftreinhaltema\u00dfnahmen<\/p>\n<h5>Herausforderung:<\/h5>\n<p>Aufbau eines Luftmessnetzes in der Stadt Neckarsulm und regelm\u00e4\u00dfige Datenanalyse zur Ma\u00dfnahmenplanung<\/p>\n<h5>Ergebnis:<\/h5>\n<p>Aufbau eines freiwilligen Luftmessnetzes mit 10 Luftqualit\u00e4tssensoren, Erstellung von 2 detaillierten Datenanalysen inklusive Empfehlung von Luftreinhaltema\u00dfnahmen<\/p>\n<\/div><\/section><\/div>\n\n<style type=\"text\/css\" data-created_by=\"avia_inline_auto\" id=\"style-css-av-2j4osn-22b3d89cabc9b097b42018461eecddfe\">\n.flex_column.av-2j4osn-22b3d89cabc9b097b42018461eecddfe{\nborder-radius:0px 0px 0px 0px;\npadding:0px 0px 0px 0px;\n}\n<\/style>\n<div  class='flex_column av-2j4osn-22b3d89cabc9b097b42018461eecddfe av_two_third  avia-builder-el-6  el_after_av_one_third  avia-builder-el-last  flex_column_div av-zero-column-padding  column-top-margin'     ><section  class='av_textblock_section av-ln34veiv-4a284c279091cfb1c9db22441c89ce2e '   itemscope=\"itemscope\" itemtype=\"https:\/\/schema.org\/CreativeWork\" ><div class='avia_textblock'  itemprop=\"text\" ><h4>PROJEKTKONTEXT<\/h4>\n<p>Neckarsulm ist eine Stadt im Norden des Bundeslandes Baden-W\u00fcrttemberg. Die Stadtverwaltung wollte sich ein aktuelles Bild der kommunalen Luftqualit\u00e4t verschaffen und die gesammelten Daten gleichzeitig auch der lokalen Bev\u00f6lkerung zur Verf\u00fcgung stellen.Mit den gesammelten Daten soll deutlich werden, wie sich das Stadtklima in verschiedenen Situationen ver\u00e4ndert und welchen Einfluss der hohe t\u00e4gliche Pendlerverkehr und die Erweiterungsbaustelle der Bundesstra\u00dfe 6 auf die Luftqualit\u00e4t der Stadt haben. Auf der Basis der gesammelten Daten sollten daher auch geeignete Umweltschutzma\u00dfnahmen ausgew\u00e4hlt und gegebenenfalls einen formellen Luftreinhalteplan bei den Landesbeh\u00f6rden betragt werden k\u00f6nnen.<\/p>\n<\/div><\/section><br \/>\n\n<style type=\"text\/css\" data-created_by=\"avia_inline_auto\" id=\"style-css-av-ln34v04h-23d928d0d8b0a2083af170513c92ea72\">\n#top .hr.hr-invisible.av-ln34v04h-23d928d0d8b0a2083af170513c92ea72{\nheight:40px;\n}\n<\/style>\n<div  class='hr av-ln34v04h-23d928d0d8b0a2083af170513c92ea72 hr-invisible  avia-builder-el-8  el_after_av_textblock  el_before_av_textblock '><span class='hr-inner '><span class=\"hr-inner-style\"><\/span><\/span><\/div><br \/>\n<section  class='av_textblock_section av-ln34vnz8-bb396d021a42c7bc2b480f9112ac6052 '   itemscope=\"itemscope\" itemtype=\"https:\/\/schema.org\/CreativeWork\" ><div class='avia_textblock'  itemprop=\"text\" ><h4>PROJEKTZIELE<\/h4>\n<p>Die Stadt Neckarsulm wollte mit dem Projekt ihrer Verantwortung im Hinblick auf Luftqualit\u00e4t und Klimawandel gerecht werden. Ziel der Stadtverwaltung war es au\u00dferdem, mit dem Projekt Transparenz \u00fcber die lokale Luftqualit\u00e4t f\u00fcr ihre B\u00fcrgerinnen und B\u00fcrger zu schaffen. Durch die Umsetzung verschiedener Umweltma\u00dfnahmen sollte zudem die Gesundheit und Lebensqualit\u00e4t der B\u00fcrgerinnen und B\u00fcrger verbessert werden.<\/p>\n<\/div><\/section><br \/>\n\n<style type=\"text\/css\" data-created_by=\"avia_inline_auto\" id=\"style-css-av-47b6mf-f4c5f8e7057fab3f4ca5a4704facdf9b\">\n#top .hr.hr-invisible.av-47b6mf-f4c5f8e7057fab3f4ca5a4704facdf9b{\nheight:40px;\n}\n<\/style>\n<div  class='hr av-47b6mf-f4c5f8e7057fab3f4ca5a4704facdf9b hr-invisible  avia-builder-el-10  el_after_av_textblock  el_before_av_image '><span class='hr-inner '><span class=\"hr-inner-style\"><\/span><\/span><\/div><br \/>\n\n<style type=\"text\/css\" data-created_by=\"avia_inline_auto\" id=\"style-css-av-lvcex74p-e09debacd9452f6f5bff33a49d6fbc5a\">\n.avia-image-container.av-lvcex74p-e09debacd9452f6f5bff33a49d6fbc5a img.avia_image{\nbox-shadow:none;\n}\n.avia-image-container.av-lvcex74p-e09debacd9452f6f5bff33a49d6fbc5a .av-image-caption-overlay-center{\ncolor:#ffffff;\n}\n<\/style>\n<div  class='avia-image-container av-lvcex74p-e09debacd9452f6f5bff33a49d6fbc5a av-styling- avia-align-center  avia-builder-el-11  el_after_av_hr  el_before_av_textblock '   itemprop=\"image\" itemscope=\"itemscope\" itemtype=\"https:\/\/schema.org\/ImageObject\" ><div class=\"avia-image-container-inner\"><div class=\"avia-image-overlay-wrap\"><img decoding=\"async\" fetchpriority=\"high\" class='wp-image-8922 avia-img-lazy-loading-not-8922 avia_image ' src=\"https:\/\/www.breeze-technologies.de\/wp-content\/uploads\/2024\/04\/Sensor-on-Streelight-960x430.png\" alt='Luftqualit\u00e4tssensor in Neckarsulm' title='Luftqualit\u00e4tssensor in Neckarsulm'  height=\"430\" width=\"960\"  itemprop=\"thumbnailUrl\"  \/><\/div><\/div><\/div><br \/>\n<section  class='av_textblock_section av-ln34vv75-c6731c817a5c23baf215dab11c9de3c9 '   itemscope=\"itemscope\" itemtype=\"https:\/\/schema.org\/CreativeWork\" ><div class='avia_textblock'  itemprop=\"text\" ><h4>PROJEKTERGEBNISSE<\/h4>\n<p>Basierend auf den Anforderungen der Stadtverwaltung unterst\u00fctzte Breeze Technologies bei der Identifikation von geeigneten Standorten f\u00fcr den Einsatz von Luftqualit\u00e4tssensoren. Die gesammelten Daten zu den wichtigsten Luftqualit\u00e4tsparametern wurden von der Stadtverwaltung als Grundlage f\u00fcr kommunale Entscheidungen verwendet. Umweltwissenschaftler von Breeze Technologies unterst\u00fctzten die Stadt Neckarsulm im Rahmen von mehreren detaillierten Datenauswertungen bei der Analyse der gesammelten Daten und lieferten Vorschl\u00e4ge f\u00fcr Ma\u00dfnahmen zur Luftreinhaltung, die w\u00e4hrend der Projektlaufzeit umgesetzt werden sollten. Es wurden zahlreiche Ma\u00dfnahmen umgesetzt, die zu einer Reduzierung der Luftverschmutzung f\u00fchrten.<\/p>\n<\/div><\/section><br \/>\n\n<style type=\"text\/css\" data-created_by=\"avia_inline_auto\" id=\"style-css-av-1y9nrb-cf4be82b74e3a51a93f05968941dc5e7\">\n#top .hr.hr-invisible.av-1y9nrb-cf4be82b74e3a51a93f05968941dc5e7{\nheight:40px;\n}\n<\/style>\n<div  class='hr av-1y9nrb-cf4be82b74e3a51a93f05968941dc5e7 hr-invisible  avia-builder-el-13  el_after_av_textblock  el_before_av_textblock '><span class='hr-inner '><span class=\"hr-inner-style\"><\/span><\/span><\/div><br \/>\n<section  class='av_textblock_section av-ln34w02u-9f1dd1c556c028963f8ff93da49ab836 '   itemscope=\"itemscope\" itemtype=\"https:\/\/schema.org\/CreativeWork\" ><div class='avia_textblock'  itemprop=\"text\" ><h4>PUBLIKATIONEN<\/h4>\n<p><span style=\"text-decoration: underline;\">Stadt.Land.Digital &#8211; Freiwilliges Luftqualit\u00e4tsmonitoring der Stadt Neckarsulm<\/span> <span style=\"text-decoration: underline;\">(<\/span>DE.DIGITAL, 27.01.2021)<\/p>\n<\/div><\/section><\/p><\/div>\n","protected":false},"excerpt":{"rendered":"","protected":false},"author":4,"featured_media":0,"parent":3686,"menu_order":5,"comment_status":"closed","ping_status":"closed","template":"","meta":{"_exactmetrics_skip_tracking":false,"_exactmetrics_sitenote_active":false,"_exactmetrics_sitenote_note":"","_exactmetrics_sitenote_category":0,"footnotes":""},"class_list":["post-3815","page","type-page","status-publish","hentry"],"yoast_head":"<title>Kundenreferenz: Stadt Neckarsulm - Freiwilliges Luftqualit\u00e4tsmonitoring und Empfehlung von Luftreinhaltema\u00dfnahmen - Breeze Technologies<\/title>\n<meta name=\"robots\" content=\"index, follow, max-snippet:-1, max-image-preview:large, max-video-preview:-1\" \/>\n<link rel=\"canonical\" href=\"https:\/\/www.breeze-technologies.de\/de\/projekte-und-referenzen\/stadt-neckarsulm-freiwilliges-luftqualitaetsmonitoring-luftreinhaltemassnahmen\/\" \/>\n<meta property=\"og:locale\" content=\"de_DE\" \/>\n<meta property=\"og:type\" content=\"article\" \/>\n<meta property=\"og:title\" content=\"Kundenreferenz: Stadt Neckarsulm - Freiwilliges Luftqualit\u00e4tsmonitoring und Empfehlung von Luftreinhaltema\u00dfnahmen - Breeze Technologies\" \/>\n<meta property=\"og:url\" content=\"https:\/\/www.breeze-technologies.de\/de\/projekte-und-referenzen\/stadt-neckarsulm-freiwilliges-luftqualitaetsmonitoring-luftreinhaltemassnahmen\/\" \/>\n<meta property=\"og:site_name\" content=\"Breeze Technologies\" \/>\n<meta property=\"article:publisher\" content=\"https:\/\/www.facebook.com\/breezetechnologies\/\" \/>\n<meta property=\"article:modified_time\" content=\"2024-04-23T13:19:20+00:00\" \/>\n<meta name=\"twitter:card\" content=\"summary_large_image\" \/>\n<meta name=\"twitter:site\" content=\"@projectbreeze\" \/>\n<meta name=\"twitter:label1\" content=\"Gesch\u00e4tzte Lesezeit\" \/>\n\t<meta name=\"twitter:data1\" content=\"2\u00a0Minuten\" \/>\n<script type=\"application\/ld+json\" class=\"yoast-schema-graph\">{\"@context\":\"https:\\\/\\\/schema.org\",\"@graph\":[{\"@type\":\"WebPage\",\"@id\":\"https:\\\/\\\/www.breeze-technologies.de\\\/de\\\/projekte-und-referenzen\\\/stadt-neckarsulm-freiwilliges-luftqualitaetsmonitoring-luftreinhaltemassnahmen\\\/\",\"url\":\"https:\\\/\\\/www.breeze-technologies.de\\\/de\\\/projekte-und-referenzen\\\/stadt-neckarsulm-freiwilliges-luftqualitaetsmonitoring-luftreinhaltemassnahmen\\\/\",\"name\":\"Kundenreferenz: Stadt Neckarsulm - Freiwilliges Luftqualit\u00e4tsmonitoring und Empfehlung von Luftreinhaltema\u00dfnahmen - Breeze Technologies\",\"isPartOf\":{\"@id\":\"https:\\\/\\\/www.breeze-technologies.de\\\/de\\\/#website\"},\"datePublished\":\"2021-07-01T08:00:41+00:00\",\"dateModified\":\"2024-04-23T13:19:20+00:00\",\"breadcrumb\":{\"@id\":\"https:\\\/\\\/www.breeze-technologies.de\\\/de\\\/projekte-und-referenzen\\\/stadt-neckarsulm-freiwilliges-luftqualitaetsmonitoring-luftreinhaltemassnahmen\\\/#breadcrumb\"},\"inLanguage\":\"de\",\"potentialAction\":[{\"@type\":\"ReadAction\",\"target\":[\"https:\\\/\\\/www.breeze-technologies.de\\\/de\\\/projekte-und-referenzen\\\/stadt-neckarsulm-freiwilliges-luftqualitaetsmonitoring-luftreinhaltemassnahmen\\\/\"]}]},{\"@type\":\"BreadcrumbList\",\"@id\":\"https:\\\/\\\/www.breeze-technologies.de\\\/de\\\/projekte-und-referenzen\\\/stadt-neckarsulm-freiwilliges-luftqualitaetsmonitoring-luftreinhaltemassnahmen\\\/#breadcrumb\",\"itemListElement\":[{\"@type\":\"ListItem\",\"position\":1,\"name\":\"Home\",\"item\":\"https:\\\/\\\/www.breeze-technologies.de\\\/de\\\/home\\\/\"},{\"@type\":\"ListItem\",\"position\":2,\"name\":\"Projekte und Kundenreferenzen\",\"item\":\"https:\\\/\\\/www.breeze-technologies.de\\\/de\\\/projekte-und-referenzen\\\/\"},{\"@type\":\"ListItem\",\"position\":3,\"name\":\"Kundenreferenz: Stadt Neckarsulm &#8211; Freiwilliges Luftqualit\u00e4tsmonitoring und Empfehlung von Luftreinhaltema\u00dfnahmen\"}]},{\"@type\":\"WebSite\",\"@id\":\"https:\\\/\\\/www.breeze-technologies.de\\\/de\\\/#website\",\"url\":\"https:\\\/\\\/www.breeze-technologies.de\\\/de\\\/\",\"name\":\"Breeze Technologies\",\"description\":\"Environmental Sensor Solutions\",\"publisher\":{\"@id\":\"https:\\\/\\\/www.breeze-technologies.de\\\/de\\\/#organization\"},\"potentialAction\":[{\"@type\":\"SearchAction\",\"target\":{\"@type\":\"EntryPoint\",\"urlTemplate\":\"https:\\\/\\\/www.breeze-technologies.de\\\/de\\\/?s={search_term_string}\"},\"query-input\":{\"@type\":\"PropertyValueSpecification\",\"valueRequired\":true,\"valueName\":\"search_term_string\"}}],\"inLanguage\":\"de\"},{\"@type\":\"Organization\",\"@id\":\"https:\\\/\\\/www.breeze-technologies.de\\\/de\\\/#organization\",\"name\":\"Breeze Technologies\",\"url\":\"https:\\\/\\\/www.breeze-technologies.de\\\/de\\\/\",\"logo\":{\"@type\":\"ImageObject\",\"inLanguage\":\"de\",\"@id\":\"https:\\\/\\\/www.breeze-technologies.de\\\/de\\\/#\\\/schema\\\/logo\\\/image\\\/\",\"url\":\"https:\\\/\\\/www.breeze-technologies.de\\\/wp-content\\\/uploads\\\/2017\\\/12\\\/Breeze-Logo-Normal-Web.png\",\"contentUrl\":\"https:\\\/\\\/www.breeze-technologies.de\\\/wp-content\\\/uploads\\\/2017\\\/12\\\/Breeze-Logo-Normal-Web.png\",\"width\":2932,\"height\":976,\"caption\":\"Breeze Technologies\"},\"image\":{\"@id\":\"https:\\\/\\\/www.breeze-technologies.de\\\/de\\\/#\\\/schema\\\/logo\\\/image\\\/\"},\"sameAs\":[\"https:\\\/\\\/www.facebook.com\\\/breezetechnologies\\\/\",\"https:\\\/\\\/x.com\\\/projectbreeze\",\"https:\\\/\\\/instagram.com\\\/breezetechnologies\\\/\",\"https:\\\/\\\/www.linkedin.com\\\/company\\\/breeze-technologies\",\"https:\\\/\\\/www.youtube.com\\\/channel\\\/UCqRNWyXf5yexIRTzLvY9Zqw\"]}]}<\/script>","yoast_head_json":{"title":"Kundenreferenz: Stadt Neckarsulm - Freiwilliges Luftqualit\u00e4tsmonitoring und Empfehlung von Luftreinhaltema\u00dfnahmen - Breeze Technologies","robots":{"index":"index","follow":"follow","max-snippet":"max-snippet:-1","max-image-preview":"max-image-preview:large","max-video-preview":"max-video-preview:-1"},"canonical":"https:\/\/www.breeze-technologies.de\/de\/projekte-und-referenzen\/stadt-neckarsulm-freiwilliges-luftqualitaetsmonitoring-luftreinhaltemassnahmen\/","og_locale":"de_DE","og_type":"article","og_title":"Kundenreferenz: Stadt Neckarsulm - Freiwilliges Luftqualit\u00e4tsmonitoring und Empfehlung von Luftreinhaltema\u00dfnahmen - Breeze Technologies","og_url":"https:\/\/www.breeze-technologies.de\/de\/projekte-und-referenzen\/stadt-neckarsulm-freiwilliges-luftqualitaetsmonitoring-luftreinhaltemassnahmen\/","og_site_name":"Breeze Technologies","article_publisher":"https:\/\/www.facebook.com\/breezetechnologies\/","article_modified_time":"2024-04-23T13:19:20+00:00","twitter_card":"summary_large_image","twitter_site":"@projectbreeze","twitter_misc":{"Gesch\u00e4tzte Lesezeit":"2\u00a0Minuten"},"schema":{"@context":"https:\/\/schema.org","@graph":[{"@type":"WebPage","@id":"https:\/\/www.breeze-technologies.de\/de\/projekte-und-referenzen\/stadt-neckarsulm-freiwilliges-luftqualitaetsmonitoring-luftreinhaltemassnahmen\/","url":"https:\/\/www.breeze-technologies.de\/de\/projekte-und-referenzen\/stadt-neckarsulm-freiwilliges-luftqualitaetsmonitoring-luftreinhaltemassnahmen\/","name":"Kundenreferenz: Stadt Neckarsulm - Freiwilliges Luftqualit\u00e4tsmonitoring und Empfehlung von Luftreinhaltema\u00dfnahmen - Breeze Technologies","isPartOf":{"@id":"https:\/\/www.breeze-technologies.de\/de\/#website"},"datePublished":"2021-07-01T08:00:41+00:00","dateModified":"2024-04-23T13:19:20+00:00","breadcrumb":{"@id":"https:\/\/www.breeze-technologies.de\/de\/projekte-und-referenzen\/stadt-neckarsulm-freiwilliges-luftqualitaetsmonitoring-luftreinhaltemassnahmen\/#breadcrumb"},"inLanguage":"de","potentialAction":[{"@type":"ReadAction","target":["https:\/\/www.breeze-technologies.de\/de\/projekte-und-referenzen\/stadt-neckarsulm-freiwilliges-luftqualitaetsmonitoring-luftreinhaltemassnahmen\/"]}]},{"@type":"BreadcrumbList","@id":"https:\/\/www.breeze-technologies.de\/de\/projekte-und-referenzen\/stadt-neckarsulm-freiwilliges-luftqualitaetsmonitoring-luftreinhaltemassnahmen\/#breadcrumb","itemListElement":[{"@type":"ListItem","position":1,"name":"Home","item":"https:\/\/www.breeze-technologies.de\/de\/home\/"},{"@type":"ListItem","position":2,"name":"Projekte und Kundenreferenzen","item":"https:\/\/www.breeze-technologies.de\/de\/projekte-und-referenzen\/"},{"@type":"ListItem","position":3,"name":"Kundenreferenz: Stadt Neckarsulm &#8211; Freiwilliges Luftqualit\u00e4tsmonitoring und Empfehlung von Luftreinhaltema\u00dfnahmen"}]},{"@type":"WebSite","@id":"https:\/\/www.breeze-technologies.de\/de\/#website","url":"https:\/\/www.breeze-technologies.de\/de\/","name":"Breeze Technologies","description":"Environmental Sensor Solutions","publisher":{"@id":"https:\/\/www.breeze-technologies.de\/de\/#organization"},"potentialAction":[{"@type":"SearchAction","target":{"@type":"EntryPoint","urlTemplate":"https:\/\/www.breeze-technologies.de\/de\/?s={search_term_string}"},"query-input":{"@type":"PropertyValueSpecification","valueRequired":true,"valueName":"search_term_string"}}],"inLanguage":"de"},{"@type":"Organization","@id":"https:\/\/www.breeze-technologies.de\/de\/#organization","name":"Breeze Technologies","url":"https:\/\/www.breeze-technologies.de\/de\/","logo":{"@type":"ImageObject","inLanguage":"de","@id":"https:\/\/www.breeze-technologies.de\/de\/#\/schema\/logo\/image\/","url":"https:\/\/www.breeze-technologies.de\/wp-content\/uploads\/2017\/12\/Breeze-Logo-Normal-Web.png","contentUrl":"https:\/\/www.breeze-technologies.de\/wp-content\/uploads\/2017\/12\/Breeze-Logo-Normal-Web.png","width":2932,"height":976,"caption":"Breeze Technologies"},"image":{"@id":"https:\/\/www.breeze-technologies.de\/de\/#\/schema\/logo\/image\/"},"sameAs":["https:\/\/www.facebook.com\/breezetechnologies\/","https:\/\/x.com\/projectbreeze","https:\/\/instagram.com\/breezetechnologies\/","https:\/\/www.linkedin.com\/company\/breeze-technologies","https:\/\/www.youtube.com\/channel\/UCqRNWyXf5yexIRTzLvY9Zqw"]}]}},"jetpack_sharing_enabled":true,"_links":{"self":[{"href":"https:\/\/www.breeze-technologies.de\/de\/wp-json\/wp\/v2\/pages\/3815","targetHints":{"allow":["GET"]}}],"collection":[{"href":"https:\/\/www.breeze-technologies.de\/de\/wp-json\/wp\/v2\/pages"}],"about":[{"href":"https:\/\/www.breeze-technologies.de\/de\/wp-json\/wp\/v2\/types\/page"}],"author":[{"embeddable":true,"href":"https:\/\/www.breeze-technologies.de\/de\/wp-json\/wp\/v2\/users\/4"}],"replies":[{"embeddable":true,"href":"https:\/\/www.breeze-technologies.de\/de\/wp-json\/wp\/v2\/comments?post=3815"}],"version-history":[{"count":10,"href":"https:\/\/www.breeze-technologies.de\/de\/wp-json\/wp\/v2\/pages\/3815\/revisions"}],"predecessor-version":[{"id":8924,"href":"https:\/\/www.breeze-technologies.de\/de\/wp-json\/wp\/v2\/pages\/3815\/revisions\/8924"}],"up":[{"embeddable":true,"href":"https:\/\/www.breeze-technologies.de\/de\/wp-json\/wp\/v2\/pages\/3686"}],"wp:attachment":[{"href":"https:\/\/www.breeze-technologies.de\/de\/wp-json\/wp\/v2\/media?parent=3815"}],"curies":[{"name":"wp","href":"https:\/\/api.w.org\/{rel}","templated":true}]}}