{"id":2561,"date":"2025-12-23T14:00:25","date_gmt":"2025-12-23T13:00:25","guid":{"rendered":"https:\/\/www.breeze-technologies.de\/?page_id=2561"},"modified":"2025-12-23T14:39:18","modified_gmt":"2025-12-23T13:39:18","slug":"minijob-wissenschaftlicher-mitarbeiter-mwd","status":"publish","type":"page","link":"https:\/\/www.breeze-technologies.de\/de\/karriere\/minijob-wissenschaftlicher-mitarbeiter-mwd\/","title":{"rendered":"Minijob Wissenschaftlicher Mitarbeiter \/ Wissenschaftliche Projektassistenz &#8211; Schwerpunkt Luft (m\/w\/d) im Umwelt-Startup"},"content":{"rendered":"\r\n<h2 class=\"wp-block-heading\">Minijob Wissenschaftlicher Mitarbeiter \/ Wissenschaftliche Projektassistenz &#8211; Schwerpunkt Luft (m\/w\/d) im Umwelt-Startup (100% Remote m\u00f6glich)<\/h2>\r\n\r\n\r\n\r\n<p><strong>Breeze Technologies e<\/strong>ntwickelt innovative Umwelt-Sensornetzwerke und eine Cloud-Plattform zur automatisierten Datenauswertung. Wir helfen damit St\u00e4dten weltweit, ihren B\u00fcrgerinnen und B\u00fcrgern Zugang zu hochlokalen Luftqualit\u00e4tsdaten zu geben und die bestm\u00f6glichen Strategien zum Umweltschutz umzusetzen.<\/p>\r\n\r\n\r\n\r\n<p>Zum n\u00e4chstm\u00f6glichen Termin suchen wir eine\/-n Studentin\/-en als wissenschaftliche Assistenz f\u00fcr im Rahmen eines Minijobs. Breeze bietet dir die M\u00f6glichkeit, das agile und rasante Arbeitsumfeld eines Start-ups zu erleben. Du wirst vom ersten Tag an Verantwortung f\u00fcr eigene Projekte \u00fcbernehmen und eng mit dem Rest unseres Teams zusammenarbeiten.<\/p>\r\n\r\n\r\n\r\n<h2 class=\"wp-block-heading\"><strong>Deine Aufgaben:<\/strong><\/h2>\r\n\r\n\r\n\r\n<ul class=\"wp-block-list\">\r\n<li>Unterst\u00fctzung der laufenden Qualitt\u00e4ssicherung der Daten unserer Sensoren<\/li>\r\n<li>Messdaten erfassen und auswerten<\/li>\r\n<li>Interdisziplin\u00e4re wissenschaftliche Recherche und Forschung<\/li>\r\n<li>Unterst\u00fctzung der Kommunikation zu unseren deutschen und internationalen Kunden<\/li>\r\n<\/ul>\r\n\r\n\r\n\r\n<h2 class=\"wp-block-heading\"><strong>Was Du mitbringen solltest:<\/strong><\/h2>\r\n\r\n\r\n\r\n<ul class=\"wp-block-list\">\r\n<li>Technisches und\/oder naturwissenschaftliches Hochschulstudium mit Schwerpunkt Chemie, Physik, \u00d6kologie, Umweltwissenschaften oder vergleichbaren Disziplinen<\/li>\r\n<li>Notwendig: Wissenschaftliche Kenntnisse im Bereich Luft, Luftdaten, Luftverschmutzung<\/li>\r\n<li>Idealerweise Wissen \u00fcber Luftverschmutzung und Sensorkalibrierung<\/li>\r\n<li>Hohe Affinit\u00e4t zu Umwelt- und Naturschutz<\/li>\r\n<li>Analytische und konzeptionelle F\u00e4higkeiten<\/li>\r\n<li>Schnelle Auffassungsgabe eigenverantwortliches und ergebnisorientiertes Arbeiten<\/li>\r\n<li>Verhandlungssicheres Deutsch und Englisch<\/li>\r\n<\/ul>\r\n\r\n\r\n\r\n<h2 class=\"wp-block-heading\"><strong>Was wir Dir bieten:<\/strong><\/h2>\r\n\r\n\r\n\r\n<ul class=\"wp-block-list\">\r\n<li>Die Chance, ein tolles Produkt in einem der innovativsten Startups Hamburgs aktiv mitzugestalten<\/li>\r\n<li>Ein tolles, dynamisches Team vor Ort<\/li>\r\n<li>Flexible Arbeitszeiten und flexibler Arbeitsort &#8211; innerhalb Deutschlands 100% remote m\u00f6glich!<\/li>\r\n<li>Verantwortung und Impact von Tag eins an<\/li>\r\n<li>Perspektivische Umwandlung der Stelle als Werkstudent\/-in oder Festangestellter in ein schnell wachsendes Team<\/li>\r\n<\/ul>\r\n\r\n\r\n\r\n<p><strong>Zu guter Letzt:<\/strong> Mit unserem Produkt sorgen wir f\u00fcr ein lebenswerte St\u00e4dte weltweit. Diese wirklich sinnhafte Arbeit motiviert uns jeden Tag. Bei Breeze sind wir alle kleine Weltverbesserer \u2013 wir freuen uns auf Deine Bewerbung.<\/p>\r\n\r\n\r\n\r\n<h2 class=\"wp-block-heading\"><strong>Haben wir Dein Interesse geweckt?<\/strong><\/h2>\r\n\r\n\r\n\r\n<p>Wir freuen uns auf Deine aussagekr\u00e4ftige Bewerbung per E-Mail an <em>career@breeze-technologies.de<\/em> unter Angabe Deines m\u00f6glichen Eintrittstermins. Deine Ansprechpartnerin ist Robert Heinecke. Melde Dich gerne, falls Du Fragen zu Deiner Bewerbung hast.<\/p>\r\n","protected":false},"excerpt":{"rendered":"<p>Minijob Wissenschaftlicher Mitarbeiter \/ Wissenschaftliche Projektassistenz &#8211; Schwerpunkt Luft (m\/w\/d) im Umwelt-Startup (100% Remote m\u00f6glich) Breeze Technologies entwickelt innovative Umwelt-Sensornetzwerke und eine Cloud-Plattform zur automatisierten Datenauswertung. Wir helfen damit St\u00e4dten weltweit, ihren B\u00fcrgerinnen und B\u00fcrgern Zugang zu hochlokalen Luftqualit\u00e4tsdaten zu geben und die bestm\u00f6glichen Strategien zum Umweltschutz umzusetzen. Zum n\u00e4chstm\u00f6glichen Termin suchen wir eine\/-n Studentin\/-en [&hellip;]<\/p>\n","protected":false},"author":4,"featured_media":0,"parent":5275,"menu_order":0,"comment_status":"closed","ping_status":"closed","template":"","meta":{"_exactmetrics_skip_tracking":false,"_exactmetrics_sitenote_active":false,"_exactmetrics_sitenote_note":"","_exactmetrics_sitenote_category":0,"footnotes":""},"class_list":["post-2561","page","type-page","status-publish","hentry"],"yoast_head":"<title>Minijob Wissenschaftlicher Mitarbeiter \/ Wissenschaftliche Projektassistenz - Schwerpunkt Luft (m\/w\/d) im Umwelt-Startup - Breeze Technologies<\/title>\n<meta name=\"robots\" content=\"index, follow, max-snippet:-1, max-image-preview:large, max-video-preview:-1\" \/>\n<link rel=\"canonical\" href=\"https:\/\/www.breeze-technologies.de\/de\/karriere\/minijob-wissenschaftlicher-mitarbeiter-mwd\/\" \/>\n<meta property=\"og:locale\" content=\"de_DE\" \/>\n<meta property=\"og:type\" content=\"article\" \/>\n<meta property=\"og:title\" content=\"Minijob Wissenschaftlicher Mitarbeiter \/ Wissenschaftliche Projektassistenz - Schwerpunkt Luft (m\/w\/d) im Umwelt-Startup - Breeze Technologies\" \/>\n<meta property=\"og:description\" content=\"Minijob Wissenschaftlicher Mitarbeiter \/ Wissenschaftliche Projektassistenz &#8211; Schwerpunkt Luft (m\/w\/d) im Umwelt-Startup (100% Remote m\u00f6glich) Breeze Technologies entwickelt innovative Umwelt-Sensornetzwerke und eine Cloud-Plattform zur automatisierten Datenauswertung. Wir helfen damit St\u00e4dten weltweit, ihren B\u00fcrgerinnen und B\u00fcrgern Zugang zu hochlokalen Luftqualit\u00e4tsdaten zu geben und die bestm\u00f6glichen Strategien zum Umweltschutz umzusetzen. Zum n\u00e4chstm\u00f6glichen Termin suchen wir eine\/-n Studentin\/-en [&hellip;]\" \/>\n<meta property=\"og:url\" content=\"https:\/\/www.breeze-technologies.de\/de\/karriere\/minijob-wissenschaftlicher-mitarbeiter-mwd\/\" \/>\n<meta property=\"og:site_name\" content=\"Breeze Technologies\" \/>\n<meta property=\"article:publisher\" content=\"https:\/\/www.facebook.com\/breezetechnologies\/\" \/>\n<meta property=\"article:modified_time\" content=\"2025-12-23T13:39:18+00:00\" \/>\n<meta name=\"twitter:card\" content=\"summary_large_image\" \/>\n<meta name=\"twitter:site\" content=\"@projectbreeze\" \/>\n<meta name=\"twitter:label1\" content=\"Gesch\u00e4tzte Lesezeit\" \/>\n\t<meta name=\"twitter:data1\" content=\"2\u00a0Minuten\" \/>\n<script type=\"application\/ld+json\" class=\"yoast-schema-graph\">{\"@context\":\"https:\/\/schema.org\",\"@graph\":[{\"@type\":\"WebPage\",\"@id\":\"https:\/\/www.breeze-technologies.de\/de\/karriere\/minijob-wissenschaftlicher-mitarbeiter-mwd\/\",\"url\":\"https:\/\/www.breeze-technologies.de\/de\/karriere\/minijob-wissenschaftlicher-mitarbeiter-mwd\/\",\"name\":\"Minijob Wissenschaftlicher Mitarbeiter \/ Wissenschaftliche Projektassistenz - Schwerpunkt Luft (m\/w\/d) im Umwelt-Startup - Breeze Technologies\",\"isPartOf\":{\"@id\":\"https:\/\/www.breeze-technologies.de\/de\/#website\"},\"datePublished\":\"2025-12-23T13:00:25+00:00\",\"dateModified\":\"2025-12-23T13:39:18+00:00\",\"breadcrumb\":{\"@id\":\"https:\/\/www.breeze-technologies.de\/de\/karriere\/minijob-wissenschaftlicher-mitarbeiter-mwd\/#breadcrumb\"},\"inLanguage\":\"de\",\"potentialAction\":[{\"@type\":\"ReadAction\",\"target\":[\"https:\/\/www.breeze-technologies.de\/de\/karriere\/minijob-wissenschaftlicher-mitarbeiter-mwd\/\"]}]},{\"@type\":\"BreadcrumbList\",\"@id\":\"https:\/\/www.breeze-technologies.de\/de\/karriere\/minijob-wissenschaftlicher-mitarbeiter-mwd\/#breadcrumb\",\"itemListElement\":[{\"@type\":\"ListItem\",\"position\":1,\"name\":\"Home\",\"item\":\"https:\/\/www.breeze-technologies.de\/de\/home\/\"},{\"@type\":\"ListItem\",\"position\":2,\"name\":\"Karriere\",\"item\":\"https:\/\/www.breeze-technologies.de\/de\/karriere\/\"},{\"@type\":\"ListItem\",\"position\":3,\"name\":\"Minijob Wissenschaftlicher Mitarbeiter \/ Wissenschaftliche Projektassistenz &#8211; Schwerpunkt Luft (m\/w\/d) im Umwelt-Startup\"}]},{\"@type\":\"WebSite\",\"@id\":\"https:\/\/www.breeze-technologies.de\/de\/#website\",\"url\":\"https:\/\/www.breeze-technologies.de\/de\/\",\"name\":\"Breeze Technologies\",\"description\":\"Environmental Sensor Solutions\",\"publisher\":{\"@id\":\"https:\/\/www.breeze-technologies.de\/de\/#organization\"},\"potentialAction\":[{\"@type\":\"SearchAction\",\"target\":{\"@type\":\"EntryPoint\",\"urlTemplate\":\"https:\/\/www.breeze-technologies.de\/de\/?s={search_term_string}\"},\"query-input\":{\"@type\":\"PropertyValueSpecification\",\"valueRequired\":true,\"valueName\":\"search_term_string\"}}],\"inLanguage\":\"de\"},{\"@type\":\"Organization\",\"@id\":\"https:\/\/www.breeze-technologies.de\/de\/#organization\",\"name\":\"Breeze Technologies\",\"url\":\"https:\/\/www.breeze-technologies.de\/de\/\",\"logo\":{\"@type\":\"ImageObject\",\"inLanguage\":\"de\",\"@id\":\"https:\/\/www.breeze-technologies.de\/de\/#\/schema\/logo\/image\/\",\"url\":\"https:\/\/www.breeze-technologies.de\/wp-content\/uploads\/2017\/12\/Breeze-Logo-Normal-Web.png\",\"contentUrl\":\"https:\/\/www.breeze-technologies.de\/wp-content\/uploads\/2017\/12\/Breeze-Logo-Normal-Web.png\",\"width\":2932,\"height\":976,\"caption\":\"Breeze Technologies\"},\"image\":{\"@id\":\"https:\/\/www.breeze-technologies.de\/de\/#\/schema\/logo\/image\/\"},\"sameAs\":[\"https:\/\/www.facebook.com\/breezetechnologies\/\",\"https:\/\/x.com\/projectbreeze\",\"https:\/\/instagram.com\/breezetechnologies\/\",\"https:\/\/www.linkedin.com\/company\/breeze-technologies\",\"https:\/\/www.youtube.com\/channel\/UCqRNWyXf5yexIRTzLvY9Zqw\"]}]}<\/script>","yoast_head_json":{"title":"Minijob Wissenschaftlicher Mitarbeiter \/ Wissenschaftliche Projektassistenz - Schwerpunkt Luft (m\/w\/d) im Umwelt-Startup - Breeze Technologies","robots":{"index":"index","follow":"follow","max-snippet":"max-snippet:-1","max-image-preview":"max-image-preview:large","max-video-preview":"max-video-preview:-1"},"canonical":"https:\/\/www.breeze-technologies.de\/de\/karriere\/minijob-wissenschaftlicher-mitarbeiter-mwd\/","og_locale":"de_DE","og_type":"article","og_title":"Minijob Wissenschaftlicher Mitarbeiter \/ Wissenschaftliche Projektassistenz - Schwerpunkt Luft (m\/w\/d) im Umwelt-Startup - Breeze Technologies","og_description":"Minijob Wissenschaftlicher Mitarbeiter \/ Wissenschaftliche Projektassistenz &#8211; Schwerpunkt Luft (m\/w\/d) im Umwelt-Startup (100% Remote m\u00f6glich) Breeze Technologies entwickelt innovative Umwelt-Sensornetzwerke und eine Cloud-Plattform zur automatisierten Datenauswertung. Wir helfen damit St\u00e4dten weltweit, ihren B\u00fcrgerinnen und B\u00fcrgern Zugang zu hochlokalen Luftqualit\u00e4tsdaten zu geben und die bestm\u00f6glichen Strategien zum Umweltschutz umzusetzen. Zum n\u00e4chstm\u00f6glichen Termin suchen wir eine\/-n Studentin\/-en [&hellip;]","og_url":"https:\/\/www.breeze-technologies.de\/de\/karriere\/minijob-wissenschaftlicher-mitarbeiter-mwd\/","og_site_name":"Breeze Technologies","article_publisher":"https:\/\/www.facebook.com\/breezetechnologies\/","article_modified_time":"2025-12-23T13:39:18+00:00","twitter_card":"summary_large_image","twitter_site":"@projectbreeze","twitter_misc":{"Gesch\u00e4tzte Lesezeit":"2\u00a0Minuten"},"schema":{"@context":"https:\/\/schema.org","@graph":[{"@type":"WebPage","@id":"https:\/\/www.breeze-technologies.de\/de\/karriere\/minijob-wissenschaftlicher-mitarbeiter-mwd\/","url":"https:\/\/www.breeze-technologies.de\/de\/karriere\/minijob-wissenschaftlicher-mitarbeiter-mwd\/","name":"Minijob Wissenschaftlicher Mitarbeiter \/ Wissenschaftliche Projektassistenz - Schwerpunkt Luft (m\/w\/d) im Umwelt-Startup - Breeze Technologies","isPartOf":{"@id":"https:\/\/www.breeze-technologies.de\/de\/#website"},"datePublished":"2025-12-23T13:00:25+00:00","dateModified":"2025-12-23T13:39:18+00:00","breadcrumb":{"@id":"https:\/\/www.breeze-technologies.de\/de\/karriere\/minijob-wissenschaftlicher-mitarbeiter-mwd\/#breadcrumb"},"inLanguage":"de","potentialAction":[{"@type":"ReadAction","target":["https:\/\/www.breeze-technologies.de\/de\/karriere\/minijob-wissenschaftlicher-mitarbeiter-mwd\/"]}]},{"@type":"BreadcrumbList","@id":"https:\/\/www.breeze-technologies.de\/de\/karriere\/minijob-wissenschaftlicher-mitarbeiter-mwd\/#breadcrumb","itemListElement":[{"@type":"ListItem","position":1,"name":"Home","item":"https:\/\/www.breeze-technologies.de\/de\/home\/"},{"@type":"ListItem","position":2,"name":"Karriere","item":"https:\/\/www.breeze-technologies.de\/de\/karriere\/"},{"@type":"ListItem","position":3,"name":"Minijob Wissenschaftlicher Mitarbeiter \/ Wissenschaftliche Projektassistenz &#8211; Schwerpunkt Luft (m\/w\/d) im Umwelt-Startup"}]},{"@type":"WebSite","@id":"https:\/\/www.breeze-technologies.de\/de\/#website","url":"https:\/\/www.breeze-technologies.de\/de\/","name":"Breeze Technologies","description":"Environmental Sensor Solutions","publisher":{"@id":"https:\/\/www.breeze-technologies.de\/de\/#organization"},"potentialAction":[{"@type":"SearchAction","target":{"@type":"EntryPoint","urlTemplate":"https:\/\/www.breeze-technologies.de\/de\/?s={search_term_string}"},"query-input":{"@type":"PropertyValueSpecification","valueRequired":true,"valueName":"search_term_string"}}],"inLanguage":"de"},{"@type":"Organization","@id":"https:\/\/www.breeze-technologies.de\/de\/#organization","name":"Breeze Technologies","url":"https:\/\/www.breeze-technologies.de\/de\/","logo":{"@type":"ImageObject","inLanguage":"de","@id":"https:\/\/www.breeze-technologies.de\/de\/#\/schema\/logo\/image\/","url":"https:\/\/www.breeze-technologies.de\/wp-content\/uploads\/2017\/12\/Breeze-Logo-Normal-Web.png","contentUrl":"https:\/\/www.breeze-technologies.de\/wp-content\/uploads\/2017\/12\/Breeze-Logo-Normal-Web.png","width":2932,"height":976,"caption":"Breeze Technologies"},"image":{"@id":"https:\/\/www.breeze-technologies.de\/de\/#\/schema\/logo\/image\/"},"sameAs":["https:\/\/www.facebook.com\/breezetechnologies\/","https:\/\/x.com\/projectbreeze","https:\/\/instagram.com\/breezetechnologies\/","https:\/\/www.linkedin.com\/company\/breeze-technologies","https:\/\/www.youtube.com\/channel\/UCqRNWyXf5yexIRTzLvY9Zqw"]}]}},"jetpack_sharing_enabled":true,"_links":{"self":[{"href":"https:\/\/www.breeze-technologies.de\/de\/wp-json\/wp\/v2\/pages\/2561","targetHints":{"allow":["GET"]}}],"collection":[{"href":"https:\/\/www.breeze-technologies.de\/de\/wp-json\/wp\/v2\/pages"}],"about":[{"href":"https:\/\/www.breeze-technologies.de\/de\/wp-json\/wp\/v2\/types\/page"}],"author":[{"embeddable":true,"href":"https:\/\/www.breeze-technologies.de\/de\/wp-json\/wp\/v2\/users\/4"}],"replies":[{"embeddable":true,"href":"https:\/\/www.breeze-technologies.de\/de\/wp-json\/wp\/v2\/comments?post=2561"}],"version-history":[{"count":11,"href":"https:\/\/www.breeze-technologies.de\/de\/wp-json\/wp\/v2\/pages\/2561\/revisions"}],"predecessor-version":[{"id":9458,"href":"https:\/\/www.breeze-technologies.de\/de\/wp-json\/wp\/v2\/pages\/2561\/revisions\/9458"}],"up":[{"embeddable":true,"href":"https:\/\/www.breeze-technologies.de\/de\/wp-json\/wp\/v2\/pages\/5275"}],"wp:attachment":[{"href":"https:\/\/www.breeze-technologies.de\/de\/wp-json\/wp\/v2\/media?parent=2561"}],"curies":[{"name":"wp","href":"https:\/\/api.w.org\/{rel}","templated":true}]}}