{"id":1876,"date":"2018-06-28T19:30:33","date_gmt":"2018-06-28T17:30:33","guid":{"rendered":"https:\/\/www.breeze-technologies.de\/?page_id=1876"},"modified":"2021-01-28T18:24:19","modified_gmt":"2021-01-28T17:24:19","slug":"bestellformular","status":"publish","type":"page","link":"https:\/\/www.breeze-technologies.de\/de\/loesungen\/luftqualitaet-im-buero\/bestellformular\/","title":{"rendered":"Luftqualit\u00e4ts\u00fcberwachung &#038; -management f\u00fcr Geb\u00e4ude &#8211; Bestellformular"},"content":{"rendered":"<div id='av_section_1'  class='avia-section av-j1p6kk-16ac417f3ea5032219a10c2174c16de6 main_color avia-section-default avia-no-border-styling  avia-builder-el-0  avia-builder-el-no-sibling  avia-bg-style-scroll container_wrap fullsize'  ><div class='container av-section-cont-open' ><main  role=\"main\" itemprop=\"mainContentOfPage\"  class='template-page content  av-content-full alpha units'><div class='post-entry post-entry-type-page post-entry-1876'><div class='entry-content-wrapper clearfix'>\n\n<style type=\"text\/css\" data-created_by=\"avia_inline_auto\" id=\"style-css-av-gsiat0-0ac7ad3b3a685da2503d69fa4cdf1f33\">\n.flex_column.av-gsiat0-0ac7ad3b3a685da2503d69fa4cdf1f33{\nborder-radius:0px 0px 0px 0px;\npadding:0px 0px 0px 0px;\n}\n<\/style>\n<div  class='flex_column av-gsiat0-0ac7ad3b3a685da2503d69fa4cdf1f33 av_one_full  avia-builder-el-1  avia-builder-el-no-sibling  first flex_column_div av-zero-column-padding  '     ><form action=\"https:\/\/www.breeze-technologies.de\/de\/loesungen\/luftqualitaet-im-buero\/bestellformular\/\" method=\"post\" data-fields-with-error=\"Fehler wurden in folgenden Feld(ern) gefunden:\" class=\"avia_ajax_form av-form-labels-visible   avia-builder-el-2  avia-builder-el-no-sibling   \" data-avia-form-id=\"1\" data-avia-redirect='https:\/\/www.breeze-technologies.de\/de\/loesungen\/luftqualitaet-im-buero\/vielen-dank\/' ><h3 class=''>Send us mail<\/h3><fieldset><p class='  first_form  form_element form_element_third' id='element_avia_1_1'><label for=\"avia_1_1\">Anrede <abbr class=\"required\" title=\"ben\u00f6tigt\">*<\/abbr><\/label><select  name=\"avia_1_1\" class=\"select is_empty\" id=\"avia_1_1\"><option   value='Frau'>Frau<\/option><option   value='Herr'>Herr<\/option><\/select><\/p><p class='  form_element form_element_third' id='element_avia_2_1'><label for=\"avia_2_1\">Name <abbr class=\"required\" title=\"ben\u00f6tigt\">*<\/abbr><\/label> <input name=\"avia_2_1\" class=\"text_input is_empty\" type=\"text\" id=\"avia_2_1\" value=\"\" \/><\/p><p class='  form_element form_element_third' id='element_avia_3_1'><label for=\"avia_3_1\">Vorname <abbr class=\"required\" title=\"ben\u00f6tigt\">*<\/abbr><\/label> <input name=\"avia_3_1\" class=\"text_input is_empty\" type=\"text\" id=\"avia_3_1\" value=\"\" \/><\/p><p class='  first_form  form_element form_element_half' id='element_avia_4_1'><label for=\"avia_4_1\">E-Mail Adresse <abbr class=\"required\" title=\"ben\u00f6tigt\">*<\/abbr><\/label> <input name=\"avia_4_1\" class=\"text_input is_email\" type=\"text\" id=\"avia_4_1\" value=\"\" \/><\/p><p class='  form_element form_element_half' id='element_avia_5_1'><label for=\"avia_5_1\">Telefonnummer <abbr class=\"required\" title=\"ben\u00f6tigt\">*<\/abbr><\/label> <input name=\"avia_5_1\" class=\"text_input is_empty\" type=\"text\" id=\"avia_5_1\" value=\"\" \/><\/p><p class='  first_form  form_element form_element_half' id='element_avia_6_1'><label for=\"avia_6_1\">Firmenname <abbr class=\"required\" title=\"ben\u00f6tigt\">*<\/abbr><\/label> <input name=\"avia_6_1\" class=\"text_input is_empty\" type=\"text\" id=\"avia_6_1\" value=\"\" \/><\/p><p class='  form_element form_element_half' id='element_avia_7_1'><label for=\"avia_7_1\">USt.ID <abbr class=\"required\" title=\"ben\u00f6tigt\">*<\/abbr><\/label> <input name=\"avia_7_1\" class=\"text_input is_empty\" type=\"text\" id=\"avia_7_1\" value=\"\" \/><\/p><p class='  first_form  form_element form_element_fourth' id='element_avia_8_1'><label for=\"avia_8_1\">Stra\u00dfe, Hausnummer <abbr class=\"required\" title=\"ben\u00f6tigt\">*<\/abbr><\/label> <input name=\"avia_8_1\" class=\"text_input is_empty\" type=\"text\" id=\"avia_8_1\" value=\"\" \/><\/p><p class='  form_element form_element_fourth' id='element_avia_9_1'><label for=\"avia_9_1\">PLZ <abbr class=\"required\" title=\"ben\u00f6tigt\">*<\/abbr><\/label> <input name=\"avia_9_1\" class=\"text_input is_empty\" type=\"text\" id=\"avia_9_1\" value=\"\" \/><\/p><p class='  form_element form_element_fourth' id='element_avia_10_1'><label for=\"avia_10_1\">Stadt <abbr class=\"required\" title=\"ben\u00f6tigt\">*<\/abbr><\/label> <input name=\"avia_10_1\" class=\"text_input is_empty\" type=\"text\" id=\"avia_10_1\" value=\"\" \/><\/p><p class='  form_element form_element_fourth' id='element_avia_11_1'><label for=\"avia_11_1\">Land <abbr class=\"required\" title=\"ben\u00f6tigt\">*<\/abbr><\/label> <input name=\"avia_11_1\" class=\"text_input is_empty\" type=\"text\" id=\"avia_11_1\" value=\"\" \/><\/p><p class='  first_form  form_element form_fullwidth' id='element_avia_12_1'><label for=\"avia_12_1\">Ich interessiere mich f\u00fcr <abbr class=\"required\" title=\"ben\u00f6tigt\">*<\/abbr><\/label><select  name=\"avia_12_1\" class=\"select is_empty\" id=\"avia_12_1\"><option   value='Starter Kit IAQ-lite (Temperatur&#44; Luftfeuchtigkeit&#44; CO2&#44; tVOC&#44; 590\u20ac zzgl. USt.)'>Starter Kit IAQ-lite (Temperatur&#44; Luftfeuchtigkeit&#44; CO2&#44; tVOC&#44; 590\u20ac zzgl. USt.)<\/option><option   value='Starter Kit IAQ-Pro (Temperatur&#44; Luftfeuchtigkeit&#44; CO&#44; CO2&#44; NH3&#44; NO&#44; NO2&#44; O3&#44; PM2.5&#44; PM10&#44; tVOC&#44; 1.990\u20ac zzgl. USt.)'>Starter Kit IAQ-Pro (Temperatur&#44; Luftfeuchtigkeit&#44; CO&#44; CO2&#44; NH3&#44; NO&#44; NO2&#44; O3&#44; PM2.5&#44; PM10&#44; tVOC&#44; 1.990\u20ac zzgl. USt.)<\/option><option   value='Individuelle Anfrage'>Individuelle Anfrage<\/option><\/select><\/p><p class='  first_form  form_element form_fullwidth av-last-visible-form-element' id='element_avia_13_1'><label for=\"avia_13_1\" class=\"textare_label hidden textare_label_avia_13_1\">Ihre Nachricht \/ zus\u00e4tzliche Informationen<\/label><textarea  name=\"avia_13_1\" class=\"text_area \" cols=\"40\" rows=\"7\" id=\"avia_13_1\" ><\/textarea><\/p><p class=\"hidden\"><input type=\"text\" name=\"avia_14_1\" class=\"hidden \" id=\"avia_14_1\" value=\"\" \/><\/p><p class=\"form_element \"><input type=\"hidden\" value=\"1\" name=\"avia_generated_form1\" \/><input type=\"submit\" value=\"Anfrage abschicken\" class=\"button\"  data-sending-label=\"Sende\"\/><\/p><\/fieldset><\/form><div id=\"ajaxresponse_1\" class=\"ajaxresponse ajaxresponse_1 hidden\"><\/div><\/div>\n","protected":false},"excerpt":{"rendered":"","protected":false},"author":4,"featured_media":0,"parent":459,"menu_order":1,"comment_status":"closed","ping_status":"closed","template":"","meta":{"_exactmetrics_skip_tracking":false,"_exactmetrics_sitenote_active":false,"_exactmetrics_sitenote_note":"","_exactmetrics_sitenote_category":0,"footnotes":""},"class_list":["post-1876","page","type-page","status-publish","hentry"],"yoast_head":"<title>Luftqualit\u00e4ts\u00fcberwachung &amp; -management f\u00fcr Geb\u00e4ude - Bestellformular - Breeze Technologies<\/title>\n<meta name=\"robots\" content=\"noindex, follow\" \/>\n<meta property=\"og:locale\" content=\"de_DE\" \/>\n<meta property=\"og:type\" content=\"article\" \/>\n<meta property=\"og:title\" content=\"Luftqualit\u00e4ts\u00fcberwachung &amp; -management f\u00fcr Geb\u00e4ude - Bestellformular - Breeze Technologies\" \/>\n<meta property=\"og:url\" content=\"https:\/\/www.breeze-technologies.de\/de\/loesungen\/luftqualitaet-im-buero\/bestellformular\/\" \/>\n<meta property=\"og:site_name\" content=\"Breeze Technologies\" \/>\n<meta property=\"article:publisher\" content=\"https:\/\/www.facebook.com\/breezetechnologies\/\" \/>\n<meta property=\"article:modified_time\" content=\"2021-01-28T17:24:19+00:00\" \/>\n<meta name=\"twitter:card\" content=\"summary_large_image\" \/>\n<meta name=\"twitter:site\" content=\"@projectbreeze\" \/>\n<meta name=\"twitter:label1\" content=\"Gesch\u00e4tzte Lesezeit\" \/>\n\t<meta name=\"twitter:data1\" content=\"3\u00a0Minuten\" \/>\n<script type=\"application\/ld+json\" class=\"yoast-schema-graph\">{\"@context\":\"https:\\\/\\\/schema.org\",\"@graph\":[{\"@type\":\"WebPage\",\"@id\":\"https:\\\/\\\/www.breeze-technologies.de\\\/de\\\/loesungen\\\/luftqualitaet-im-buero\\\/bestellformular\\\/\",\"url\":\"https:\\\/\\\/www.breeze-technologies.de\\\/de\\\/loesungen\\\/luftqualitaet-im-buero\\\/bestellformular\\\/\",\"name\":\"Luftqualit\u00e4ts\u00fcberwachung & -management f\u00fcr Geb\u00e4ude - Bestellformular - Breeze Technologies\",\"isPartOf\":{\"@id\":\"https:\\\/\\\/www.breeze-technologies.de\\\/de\\\/#website\"},\"datePublished\":\"2018-06-28T17:30:33+00:00\",\"dateModified\":\"2021-01-28T17:24:19+00:00\",\"breadcrumb\":{\"@id\":\"https:\\\/\\\/www.breeze-technologies.de\\\/de\\\/loesungen\\\/luftqualitaet-im-buero\\\/bestellformular\\\/#breadcrumb\"},\"inLanguage\":\"de\",\"potentialAction\":[{\"@type\":\"ReadAction\",\"target\":[\"https:\\\/\\\/www.breeze-technologies.de\\\/de\\\/loesungen\\\/luftqualitaet-im-buero\\\/bestellformular\\\/\"]}]},{\"@type\":\"BreadcrumbList\",\"@id\":\"https:\\\/\\\/www.breeze-technologies.de\\\/de\\\/loesungen\\\/luftqualitaet-im-buero\\\/bestellformular\\\/#breadcrumb\",\"itemListElement\":[{\"@type\":\"ListItem\",\"position\":1,\"name\":\"Home\",\"item\":\"https:\\\/\\\/www.breeze-technologies.de\\\/de\\\/home\\\/\"},{\"@type\":\"ListItem\",\"position\":2,\"name\":\"L\u00f6sungen\",\"item\":\"https:\\\/\\\/www.breeze-technologies.de\\\/de\\\/loesungen\\\/\"},{\"@type\":\"ListItem\",\"position\":3,\"name\":\"Luftqualit\u00e4t im B\u00fcro messen und optimieren\",\"item\":\"https:\\\/\\\/www.breeze-technologies.de\\\/de\\\/loesungen\\\/luftqualitaet-im-buero\\\/\"},{\"@type\":\"ListItem\",\"position\":4,\"name\":\"Luftqualit\u00e4ts\u00fcberwachung &#038; -management f\u00fcr Geb\u00e4ude &#8211; Bestellformular\"}]},{\"@type\":\"WebSite\",\"@id\":\"https:\\\/\\\/www.breeze-technologies.de\\\/de\\\/#website\",\"url\":\"https:\\\/\\\/www.breeze-technologies.de\\\/de\\\/\",\"name\":\"Breeze Technologies\",\"description\":\"Environmental Sensor Solutions\",\"publisher\":{\"@id\":\"https:\\\/\\\/www.breeze-technologies.de\\\/de\\\/#organization\"},\"potentialAction\":[{\"@type\":\"SearchAction\",\"target\":{\"@type\":\"EntryPoint\",\"urlTemplate\":\"https:\\\/\\\/www.breeze-technologies.de\\\/de\\\/?s={search_term_string}\"},\"query-input\":{\"@type\":\"PropertyValueSpecification\",\"valueRequired\":true,\"valueName\":\"search_term_string\"}}],\"inLanguage\":\"de\"},{\"@type\":\"Organization\",\"@id\":\"https:\\\/\\\/www.breeze-technologies.de\\\/de\\\/#organization\",\"name\":\"Breeze Technologies\",\"url\":\"https:\\\/\\\/www.breeze-technologies.de\\\/de\\\/\",\"logo\":{\"@type\":\"ImageObject\",\"inLanguage\":\"de\",\"@id\":\"https:\\\/\\\/www.breeze-technologies.de\\\/de\\\/#\\\/schema\\\/logo\\\/image\\\/\",\"url\":\"https:\\\/\\\/www.breeze-technologies.de\\\/wp-content\\\/uploads\\\/2017\\\/12\\\/Breeze-Logo-Normal-Web.png\",\"contentUrl\":\"https:\\\/\\\/www.breeze-technologies.de\\\/wp-content\\\/uploads\\\/2017\\\/12\\\/Breeze-Logo-Normal-Web.png\",\"width\":2932,\"height\":976,\"caption\":\"Breeze Technologies\"},\"image\":{\"@id\":\"https:\\\/\\\/www.breeze-technologies.de\\\/de\\\/#\\\/schema\\\/logo\\\/image\\\/\"},\"sameAs\":[\"https:\\\/\\\/www.facebook.com\\\/breezetechnologies\\\/\",\"https:\\\/\\\/x.com\\\/projectbreeze\",\"https:\\\/\\\/instagram.com\\\/breezetechnologies\\\/\",\"https:\\\/\\\/www.linkedin.com\\\/company\\\/breeze-technologies\",\"https:\\\/\\\/www.youtube.com\\\/channel\\\/UCqRNWyXf5yexIRTzLvY9Zqw\"]}]}<\/script>","yoast_head_json":{"title":"Luftqualit\u00e4ts\u00fcberwachung & -management f\u00fcr Geb\u00e4ude - Bestellformular - Breeze Technologies","robots":{"index":"noindex","follow":"follow"},"og_locale":"de_DE","og_type":"article","og_title":"Luftqualit\u00e4ts\u00fcberwachung & -management f\u00fcr Geb\u00e4ude - Bestellformular - Breeze Technologies","og_url":"https:\/\/www.breeze-technologies.de\/de\/loesungen\/luftqualitaet-im-buero\/bestellformular\/","og_site_name":"Breeze Technologies","article_publisher":"https:\/\/www.facebook.com\/breezetechnologies\/","article_modified_time":"2021-01-28T17:24:19+00:00","twitter_card":"summary_large_image","twitter_site":"@projectbreeze","twitter_misc":{"Gesch\u00e4tzte Lesezeit":"3\u00a0Minuten"},"schema":{"@context":"https:\/\/schema.org","@graph":[{"@type":"WebPage","@id":"https:\/\/www.breeze-technologies.de\/de\/loesungen\/luftqualitaet-im-buero\/bestellformular\/","url":"https:\/\/www.breeze-technologies.de\/de\/loesungen\/luftqualitaet-im-buero\/bestellformular\/","name":"Luftqualit\u00e4ts\u00fcberwachung & -management f\u00fcr Geb\u00e4ude - Bestellformular - Breeze Technologies","isPartOf":{"@id":"https:\/\/www.breeze-technologies.de\/de\/#website"},"datePublished":"2018-06-28T17:30:33+00:00","dateModified":"2021-01-28T17:24:19+00:00","breadcrumb":{"@id":"https:\/\/www.breeze-technologies.de\/de\/loesungen\/luftqualitaet-im-buero\/bestellformular\/#breadcrumb"},"inLanguage":"de","potentialAction":[{"@type":"ReadAction","target":["https:\/\/www.breeze-technologies.de\/de\/loesungen\/luftqualitaet-im-buero\/bestellformular\/"]}]},{"@type":"BreadcrumbList","@id":"https:\/\/www.breeze-technologies.de\/de\/loesungen\/luftqualitaet-im-buero\/bestellformular\/#breadcrumb","itemListElement":[{"@type":"ListItem","position":1,"name":"Home","item":"https:\/\/www.breeze-technologies.de\/de\/home\/"},{"@type":"ListItem","position":2,"name":"L\u00f6sungen","item":"https:\/\/www.breeze-technologies.de\/de\/loesungen\/"},{"@type":"ListItem","position":3,"name":"Luftqualit\u00e4t im B\u00fcro messen und optimieren","item":"https:\/\/www.breeze-technologies.de\/de\/loesungen\/luftqualitaet-im-buero\/"},{"@type":"ListItem","position":4,"name":"Luftqualit\u00e4ts\u00fcberwachung &#038; -management f\u00fcr Geb\u00e4ude &#8211; Bestellformular"}]},{"@type":"WebSite","@id":"https:\/\/www.breeze-technologies.de\/de\/#website","url":"https:\/\/www.breeze-technologies.de\/de\/","name":"Breeze Technologies","description":"Environmental Sensor Solutions","publisher":{"@id":"https:\/\/www.breeze-technologies.de\/de\/#organization"},"potentialAction":[{"@type":"SearchAction","target":{"@type":"EntryPoint","urlTemplate":"https:\/\/www.breeze-technologies.de\/de\/?s={search_term_string}"},"query-input":{"@type":"PropertyValueSpecification","valueRequired":true,"valueName":"search_term_string"}}],"inLanguage":"de"},{"@type":"Organization","@id":"https:\/\/www.breeze-technologies.de\/de\/#organization","name":"Breeze Technologies","url":"https:\/\/www.breeze-technologies.de\/de\/","logo":{"@type":"ImageObject","inLanguage":"de","@id":"https:\/\/www.breeze-technologies.de\/de\/#\/schema\/logo\/image\/","url":"https:\/\/www.breeze-technologies.de\/wp-content\/uploads\/2017\/12\/Breeze-Logo-Normal-Web.png","contentUrl":"https:\/\/www.breeze-technologies.de\/wp-content\/uploads\/2017\/12\/Breeze-Logo-Normal-Web.png","width":2932,"height":976,"caption":"Breeze Technologies"},"image":{"@id":"https:\/\/www.breeze-technologies.de\/de\/#\/schema\/logo\/image\/"},"sameAs":["https:\/\/www.facebook.com\/breezetechnologies\/","https:\/\/x.com\/projectbreeze","https:\/\/instagram.com\/breezetechnologies\/","https:\/\/www.linkedin.com\/company\/breeze-technologies","https:\/\/www.youtube.com\/channel\/UCqRNWyXf5yexIRTzLvY9Zqw"]}]}},"jetpack_sharing_enabled":true,"_links":{"self":[{"href":"https:\/\/www.breeze-technologies.de\/de\/wp-json\/wp\/v2\/pages\/1876","targetHints":{"allow":["GET"]}}],"collection":[{"href":"https:\/\/www.breeze-technologies.de\/de\/wp-json\/wp\/v2\/pages"}],"about":[{"href":"https:\/\/www.breeze-technologies.de\/de\/wp-json\/wp\/v2\/types\/page"}],"author":[{"embeddable":true,"href":"https:\/\/www.breeze-technologies.de\/de\/wp-json\/wp\/v2\/users\/4"}],"replies":[{"embeddable":true,"href":"https:\/\/www.breeze-technologies.de\/de\/wp-json\/wp\/v2\/comments?post=1876"}],"version-history":[{"count":6,"href":"https:\/\/www.breeze-technologies.de\/de\/wp-json\/wp\/v2\/pages\/1876\/revisions"}],"predecessor-version":[{"id":1879,"href":"https:\/\/www.breeze-technologies.de\/de\/wp-json\/wp\/v2\/pages\/1876\/revisions\/1879"}],"up":[{"embeddable":true,"href":"https:\/\/www.breeze-technologies.de\/de\/wp-json\/wp\/v2\/pages\/459"}],"wp:attachment":[{"href":"https:\/\/www.breeze-technologies.de\/de\/wp-json\/wp\/v2\/media?parent=1876"}],"curies":[{"name":"wp","href":"https:\/\/api.w.org\/{rel}","templated":true}]}}